{"id":198,"date":"2021-03-20T13:22:42","date_gmt":"2021-03-20T13:22:42","guid":{"rendered":"https:\/\/vetreality.erasmus.site\/?page_id=198"},"modified":"2022-12-22T10:23:51","modified_gmt":"2022-12-22T10:23:51","slug":"o3","status":"publish","type":"page","link":"https:\/\/vetreality.erasmus.site\/pl\/o3\/","title":{"rendered":"Zestaw narz\u0119dzi"},"content":{"rendered":"<p>Programy mobilno\u015bci mog\u0142yby by\u0107 wielk\u0105 szans\u0105 dla uczni\u00f3w o specjalnych potrzebach edukacyjnych, poniewa\u017c mog\u0142yby wspiera\u0107 ich potrzeby w zakresie wzmacniania poczucia w\u0142asnej warto\u015bci, autonomii, umiej\u0119tno\u015bci interpersonalnych, spo\u0142ecznych i wielu innych umiej\u0119tno\u015bci mi\u0119kkich, kt\u00f3re s\u0105 r\u00f3wnie wa\u017cne jak umiej\u0119tno\u015bci techniczne, aby konkretnie zrealizowa\u0107 projekt \u017cycia osobistego i zawodowego. Jednak obecne programy mobilno\u015bci nie s\u0105 w pe\u0142ni dostosowane do uczni\u00f3w o specjalnych potrzebach edukacyjnych, a szko\u0142y kszta\u0142cenia i szkolenia zawodowego \/ organizatorzy kszta\u0142cenia i szkolenia zawodowego oraz rodziny regularnie wykazuj\u0105 wahania, a tak\u017ce obawy przy podejmowaniu decyzji o uczestnictwie uczni\u00f3w o specjalnych potrzebach edukacyjnych, co znacz\u0105co wp\u0142ywa na poziom ich uczestnictwa (mniej ni\u017c 1% zgodnie z raportem \u015br\u00f3dokresowym KE z oceny programu Erasmus+, 2018). Dane zebrane przez P2-Reattiva poprzez dzia\u0142ania nast\u0119pcze, wska\u017aniki i analiz\u0119 wp\u0142ywu (57 projekt\u00f3w mobilno\u015bci koordynowanych w latach 2011-19, oko\u0142o 8000 os\u00f3b ucz\u0105cych si\u0119 w ramach wst\u0119pnego kszta\u0142cenia i szkolenia zawodowego wys\u0142anych za granic\u0119, z czego 325 uczni\u00f3w ze SPE) oraz przez partner\u00f3w konsorcjum i ich sieci, wyra\u017anie pokazuj\u0105, \u017ce istnieje POTRZEBA zapewnienia wiedzy i umiej\u0119tno\u015bci GRUPIE DOCELOWEJ pracownik\u00f3w dydaktycznych i szkoleniowych kszta\u0142cenia i szkolenia zawodowego, aby u\u0142atwi\u0107 uczniom ze SPE dost\u0119p do mobilno\u015bci.<\/p>\n<p>Partnerstwo, kt\u00f3re posiada szerokie do\u015bwiadczenie w zakresie mobilno\u015bci i aplikacji VR, odpowie na powy\u017csze potrzeby poprzez opracowanie internetowego zestawu narz\u0119dzi Mobility Tool Box, aby zapewni\u0107 grupie docelowej kompetencje w zakresie wykorzystania technologii VR jako \u015brodka wci\u0105gaj\u0105cego i interaktywnego uczenia si\u0119 (w 3D-360\u00b0) maj\u0105cego na celu promowanie i u\u0142atwianie zaanga\u017cowania uczni\u00f3w SEN w mobilno\u015b\u0107.<\/p>\n<p>IO3 opiera si\u0119 na 6 sekwencjach nauczania online odpowiadaj\u0105cych 6 g\u0142\u00f3wnym fazom mobilno\u015bci fizycznej:<\/p>\n<p>Mapa DiscoverEU: jak stworzy\u0107 motywuj\u0105cy obraz mobilno\u015bci i wesprze\u0107 studenta o specjalnych potrzebach edukacyjnych w orientacji i integracji w kraju goszcz\u0105cym;<br \/>\ne-Portfolio: jak pom\u00f3c uczniowi o specjalnych potrzebach edukacyjnych w tworzeniu, mapowaniu i zarz\u0105dzaniu osobistym e-profilem potrzebnym do skutecznego ubiegania si\u0119 o sta\u017c za granic\u0105;<br \/>\nDopasowanie umiej\u0119tno\u015bci mobilno\u015bciowych: jak zapewni\u0107 uczniowi ze SPE odpowiedni program mobilno\u015bci edukacyjnej w oparciu o umiej\u0119tno\u015bci, kwalifikacje, do\u015bwiadczenie oraz preferencje\/oczekiwania;<br \/>\nWywiad: jak wspiera\u0107 ucznia ze SPE w przygotowaniu rozmowy kwalifikacyjnej z wybran\u0105 firm\u0105 goszcz\u0105c\u0105;<br \/>\n\u015awiadomo\u015b\u0107 mobilno\u015bci: jak pom\u00f3c uczniowi SEN w uzyskaniu \u015bwiadomo\u015bci na temat firmy goszcz\u0105cej, proponowanych zada\u0144 i cel\u00f3w sta\u017cu;<br \/>\nWdro\u017cenie mobilno\u015bci: jak monitorowa\u0107, ocenia\u0107 i monitorowa\u0107 ucznia SEN zaanga\u017cowanego w mobilno\u015b\u0107.<\/p>\n<div class=\"row\">\n<div class=\"col-sm-12\" style=\"text-align: center;\"><a href=\"https:\/\/vetreality.erasmus.site\/wp-content\/uploads\/2022\/12\/IO3-VETreality-Mobility-ToolBox-POLISH.pdf\" target=\"_blank\" rel=\"noopener noreferrer\"><br \/>\n<img fetchpriority=\"high\" decoding=\"async\" class=\"size-medium wp-image-117 aligncenter\" src=\"https:\/\/vetreality.erasmus.site\/wp-content\/uploads\/2022\/12\/IO3-VETreality-Mobility-ToolBox-ENGLISH-page-001.jpg\" alt=\"\" width=\"212\" height=\"300\" \/>Zestaw narz\u0119dzi VETreality Mobility dla nauczycieli i szkoleniowc\u00f3w VET<\/a><\/div>\n<\/div>\n<hr>\n<p><a href=\"https:\/\/play.google.com\/store\/apps\/details?id=eu.dcnet.vetreality\" target=\"_blank\" rel=\"noopener\"><img decoding=\"async\" class=\"wp-image-857 aligncenter\" src=\"https:\/\/vetreality.erasmus.site\/wp-content\/uploads\/2022\/12\/Google_Play-Badge-Logo.wine_-e1671703779967-300x91.png\" alt=\"\" width=\"300\" height=\"91\" srcset=\"https:\/\/vetreality.erasmus.site\/wp-content\/uploads\/2022\/12\/Google_Play-Badge-Logo.wine_-e1671703779967-300x91.png 300w, https:\/\/vetreality.erasmus.site\/wp-content\/uploads\/2022\/12\/Google_Play-Badge-Logo.wine_-e1671703779967-1024x310.png 1024w, https:\/\/vetreality.erasmus.site\/wp-content\/uploads\/2022\/12\/Google_Play-Badge-Logo.wine_-e1671703779967-768x233.png 768w, https:\/\/vetreality.erasmus.site\/wp-content\/uploads\/2022\/12\/Google_Play-Badge-Logo.wine_-e1671703779967-1536x465.png 1536w, https:\/\/vetreality.erasmus.site\/wp-content\/uploads\/2022\/12\/Google_Play-Badge-Logo.wine_-e1671703779967-2048x620.png 2048w, https:\/\/vetreality.erasmus.site\/wp-content\/uploads\/2022\/12\/Google_Play-Badge-Logo.wine_-e1671703779967-24x7.png 24w, https:\/\/vetreality.erasmus.site\/wp-content\/uploads\/2022\/12\/Google_Play-Badge-Logo.wine_-e1671703779967-36x11.png 36w, https:\/\/vetreality.erasmus.site\/wp-content\/uploads\/2022\/12\/Google_Play-Badge-Logo.wine_-e1671703779967-48x15.png 48w\" sizes=\"(max-width: 300px) 100vw, 300px\" \/><\/a><\/p>\n<p><a href=\"https:\/\/apps.apple.com\/app\/vetreality\/id1636655259\" target=\"_blank\" rel=\"noopener\"><img decoding=\"async\" class=\"wp-image-858 size-medium aligncenter\" src=\"https:\/\/vetreality.erasmus.site\/wp-content\/uploads\/2022\/12\/App_Store_iOS-Badge-Logo.wine_-e1671704368694-300x97.png\" alt=\"\" width=\"300\" height=\"97\" srcset=\"https:\/\/vetreality.erasmus.site\/wp-content\/uploads\/2022\/12\/App_Store_iOS-Badge-Logo.wine_-e1671704368694-300x97.png 300w, https:\/\/vetreality.erasmus.site\/wp-content\/uploads\/2022\/12\/App_Store_iOS-Badge-Logo.wine_-e1671704368694-1024x332.png 1024w, https:\/\/vetreality.erasmus.site\/wp-content\/uploads\/2022\/12\/App_Store_iOS-Badge-Logo.wine_-e1671704368694-768x249.png 768w, https:\/\/vetreality.erasmus.site\/wp-content\/uploads\/2022\/12\/App_Store_iOS-Badge-Logo.wine_-e1671704368694-1536x499.png 1536w, https:\/\/vetreality.erasmus.site\/wp-content\/uploads\/2022\/12\/App_Store_iOS-Badge-Logo.wine_-e1671704368694-2048x665.png 2048w, https:\/\/vetreality.erasmus.site\/wp-content\/uploads\/2022\/12\/App_Store_iOS-Badge-Logo.wine_-e1671704368694-24x8.png 24w, https:\/\/vetreality.erasmus.site\/wp-content\/uploads\/2022\/12\/App_Store_iOS-Badge-Logo.wine_-e1671704368694-36x12.png 36w, https:\/\/vetreality.erasmus.site\/wp-content\/uploads\/2022\/12\/App_Store_iOS-Badge-Logo.wine_-e1671704368694-48x16.png 48w\" sizes=\"(max-width: 300px) 100vw, 300px\" \/><\/a><\/p>","protected":false},"excerpt":{"rendered":"<p>Programy mobilno\u015bci mog\u0142yby by\u0107 wielk\u0105 szans\u0105 dla uczni\u00f3w o specjalnych potrzebach edukacyjnych, poniewa\u017c mog\u0142yby wspiera\u0107 ich potrzeby w zakresie wzmacniania poczucia w\u0142asnej warto\u015bci, autonomii, umiej\u0119tno\u015bci interpersonalnych, spo\u0142ecznych i wielu innych umiej\u0119tno\u015bci mi\u0119kkich, kt\u00f3re s\u0105 r\u00f3wnie wa\u017cne jak umiej\u0119tno\u015bci techniczne, aby konkretnie zrealizowa\u0107 projekt \u017cycia osobistego i zawodowego. Jednak obecne programy mobilno\u015bci nie s\u0105 w pe\u0142ni&hellip;&nbsp;<a href=\"https:\/\/vetreality.erasmus.site\/pl\/o3\/\" rel=\"bookmark\">Dowiedz si\u0119 wi\u0119cej &raquo;<span class=\"screen-reader-text\">Zestaw narz\u0119dzi<\/span><\/a><\/p>\n","protected":false},"author":1,"featured_media":0,"parent":0,"menu_order":0,"comment_status":"closed","ping_status":"closed","template":"","meta":{"neve_meta_sidebar":"full-width","neve_meta_container":"","neve_meta_enable_content_width":"on","neve_meta_content_width":100,"neve_meta_title_alignment":"","neve_meta_author_avatar":"","neve_post_elements_order":"","neve_meta_disable_header":"","neve_meta_disable_footer":"","neve_meta_disable_title":"","footnotes":""},"class_list":["post-198","page","type-page","status-publish","hentry"],"yoast_head":"<!-- This site is optimized with the Yoast SEO plugin v27.3 - https:\/\/yoast.com\/product\/yoast-seo-wordpress\/ -->\n<title>Zestaw narz\u0119dzi - VETReality<\/title>\n<meta name=\"robots\" content=\"index, follow, max-snippet:-1, max-image-preview:large, max-video-preview:-1\" \/>\n<link rel=\"canonical\" href=\"https:\/\/vetreality.erasmus.site\/pl\/o3\/\" \/>\n<meta property=\"og:locale\" content=\"pl_PL\" \/>\n<meta property=\"og:type\" content=\"article\" \/>\n<meta property=\"og:title\" content=\"Zestaw narz\u0119dzi - VETReality\" \/>\n<meta property=\"og:description\" content=\"Programy mobilno\u015bci mog\u0142yby by\u0107 wielk\u0105 szans\u0105 dla uczni\u00f3w o specjalnych potrzebach edukacyjnych, poniewa\u017c mog\u0142yby wspiera\u0107 ich potrzeby w zakresie wzmacniania poczucia w\u0142asnej warto\u015bci, autonomii, umiej\u0119tno\u015bci interpersonalnych, spo\u0142ecznych i wielu innych umiej\u0119tno\u015bci mi\u0119kkich, kt\u00f3re s\u0105 r\u00f3wnie wa\u017cne jak umiej\u0119tno\u015bci techniczne, aby konkretnie zrealizowa\u0107 projekt \u017cycia osobistego i zawodowego. Jednak obecne programy mobilno\u015bci nie s\u0105 w pe\u0142ni&hellip;&nbsp;Dowiedz si\u0119 wi\u0119cej &raquo;Zestaw narz\u0119dzi\" \/>\n<meta property=\"og:url\" content=\"https:\/\/vetreality.erasmus.site\/pl\/o3\/\" \/>\n<meta property=\"og:site_name\" content=\"VETReality\" \/>\n<meta property=\"article:publisher\" content=\"https:\/\/www.facebook.com\/VETRealityEU\" \/>\n<meta property=\"article:modified_time\" content=\"2022-12-22T10:23:51+00:00\" \/>\n<meta property=\"og:image\" content=\"https:\/\/vetreality.erasmus.site\/wp-content\/uploads\/2022\/12\/IO3-VETreality-Mobility-ToolBox-ENGLISH-page-001.jpg\" \/>\n<meta name=\"twitter:card\" content=\"summary_large_image\" \/>\n<meta name=\"twitter:label1\" content=\"Szacowany czas czytania\" \/>\n\t<meta name=\"twitter:data1\" content=\"3 minuty\" \/>\n<script type=\"application\/ld+json\" class=\"yoast-schema-graph\">{\"@context\":\"https:\\\/\\\/schema.org\",\"@graph\":[{\"@type\":\"WebPage\",\"@id\":\"https:\\\/\\\/vetreality.erasmus.site\\\/pl\\\/o3\\\/\",\"url\":\"https:\\\/\\\/vetreality.erasmus.site\\\/pl\\\/o3\\\/\",\"name\":\"Zestaw narz\u0119dzi - VETReality\",\"isPartOf\":{\"@id\":\"https:\\\/\\\/vetreality.erasmus.site\\\/pl\\\/#website\"},\"primaryImageOfPage\":{\"@id\":\"https:\\\/\\\/vetreality.erasmus.site\\\/pl\\\/o3\\\/#primaryimage\"},\"image\":{\"@id\":\"https:\\\/\\\/vetreality.erasmus.site\\\/o3\\\/#primaryimage\"},\"thumbnailUrl\":\"https:\\\/\\\/vetreality.erasmus.site\\\/wp-content\\\/uploads\\\/2022\\\/12\\\/IO3-VETreality-Mobility-ToolBox-ENGLISH-page-001.jpg\",\"datePublished\":\"2021-03-20T13:22:42+00:00\",\"dateModified\":\"2022-12-22T10:23:51+00:00\",\"breadcrumb\":{\"@id\":\"https:\\\/\\\/vetreality.erasmus.site\\\/pl\\\/o3\\\/#breadcrumb\"},\"inLanguage\":\"pl-PL\",\"potentialAction\":[{\"@type\":\"ReadAction\",\"target\":[[\"https:\\\/\\\/vetreality.erasmus.site\\\/pl\\\/o3\\\/\"]]}]},{\"@type\":\"ImageObject\",\"inLanguage\":\"pl-PL\",\"@id\":\"https:\\\/\\\/vetreality.erasmus.site\\\/pl\\\/o3\\\/#primaryimage\",\"url\":\"https:\\\/\\\/vetreality.erasmus.site\\\/wp-content\\\/uploads\\\/2022\\\/12\\\/IO3-VETreality-Mobility-ToolBox-ENGLISH-page-001.jpg\",\"contentUrl\":\"https:\\\/\\\/vetreality.erasmus.site\\\/wp-content\\\/uploads\\\/2022\\\/12\\\/IO3-VETreality-Mobility-ToolBox-ENGLISH-page-001.jpg\"},{\"@type\":\"BreadcrumbList\",\"@id\":\"https:\\\/\\\/vetreality.erasmus.site\\\/pl\\\/o3\\\/#breadcrumb\",\"itemListElement\":[{\"@type\":\"ListItem\",\"position\":1,\"name\":\"Home\",\"item\":\"https:\\\/\\\/vetreality.erasmus.site\\\/pl\\\/\"},{\"@type\":\"ListItem\",\"position\":2,\"name\":\"Mobility tool box\"}]},{\"@type\":\"WebSite\",\"@id\":\"https:\\\/\\\/vetreality.erasmus.site\\\/pl\\\/#website\",\"url\":\"https:\\\/\\\/vetreality.erasmus.site\\\/pl\\\/\",\"name\":\"VETReality\",\"description\":\"Project\",\"publisher\":{\"@id\":\"https:\\\/\\\/vetreality.erasmus.site\\\/pl\\\/#organization\"},\"potentialAction\":[{\"@type\":\"SearchAction\",\"target\":{\"@type\":\"EntryPoint\",\"urlTemplate\":\"https:\\\/\\\/vetreality.erasmus.site\\\/pl\\\/?s={search_term_string}\"},\"query-input\":{\"@type\":\"PropertyValueSpecification\",\"valueRequired\":true,\"valueName\":\"search_term_string\"}}],\"inLanguage\":\"pl-PL\"},{\"@type\":\"Organization\",\"@id\":\"https:\\\/\\\/vetreality.erasmus.site\\\/pl\\\/#organization\",\"name\":\"VETreality Project\",\"url\":\"https:\\\/\\\/vetreality.erasmus.site\\\/pl\\\/\",\"logo\":{\"@type\":\"ImageObject\",\"inLanguage\":\"pl-PL\",\"@id\":\"https:\\\/\\\/vetreality.erasmus.site\\\/pl\\\/#\\\/schema\\\/logo\\\/image\\\/\",\"url\":\"https:\\\/\\\/vetreality.erasmus.site\\\/wp-content\\\/uploads\\\/2021\\\/03\\\/cropped-cropped-Logo-Vetreality.jpg\",\"contentUrl\":\"https:\\\/\\\/vetreality.erasmus.site\\\/wp-content\\\/uploads\\\/2021\\\/03\\\/cropped-cropped-Logo-Vetreality.jpg\",\"width\":512,\"height\":512,\"caption\":\"VETreality Project\"},\"image\":{\"@id\":\"https:\\\/\\\/vetreality.erasmus.site\\\/pl\\\/#\\\/schema\\\/logo\\\/image\\\/\"},\"sameAs\":[\"https:\\\/\\\/www.facebook.com\\\/VETRealityEU\"]}]}<\/script>\n<!-- \/ Yoast SEO plugin. -->","yoast_head_json":{"title":"Zestaw narz\u0119dzi - VETReality","robots":{"index":"index","follow":"follow","max-snippet":"max-snippet:-1","max-image-preview":"max-image-preview:large","max-video-preview":"max-video-preview:-1"},"canonical":"https:\/\/vetreality.erasmus.site\/pl\/o3\/","og_locale":"pl_PL","og_type":"article","og_title":"Zestaw narz\u0119dzi - VETReality","og_description":"Programy mobilno\u015bci mog\u0142yby by\u0107 wielk\u0105 szans\u0105 dla uczni\u00f3w o specjalnych potrzebach edukacyjnych, poniewa\u017c mog\u0142yby wspiera\u0107 ich potrzeby w zakresie wzmacniania poczucia w\u0142asnej warto\u015bci, autonomii, umiej\u0119tno\u015bci interpersonalnych, spo\u0142ecznych i wielu innych umiej\u0119tno\u015bci mi\u0119kkich, kt\u00f3re s\u0105 r\u00f3wnie wa\u017cne jak umiej\u0119tno\u015bci techniczne, aby konkretnie zrealizowa\u0107 projekt \u017cycia osobistego i zawodowego. Jednak obecne programy mobilno\u015bci nie s\u0105 w pe\u0142ni&hellip;&nbsp;Dowiedz si\u0119 wi\u0119cej &raquo;Zestaw narz\u0119dzi","og_url":"https:\/\/vetreality.erasmus.site\/pl\/o3\/","og_site_name":"VETReality","article_publisher":"https:\/\/www.facebook.com\/VETRealityEU","article_modified_time":"2022-12-22T10:23:51+00:00","og_image":[{"url":"https:\/\/vetreality.erasmus.site\/wp-content\/uploads\/2022\/12\/IO3-VETreality-Mobility-ToolBox-ENGLISH-page-001.jpg","type":"","width":"","height":""}],"twitter_card":"summary_large_image","twitter_misc":{"Szacowany czas czytania":"3 minuty"},"schema":{"@context":"https:\/\/schema.org","@graph":[{"@type":"WebPage","@id":"https:\/\/vetreality.erasmus.site\/pl\/o3\/","url":"https:\/\/vetreality.erasmus.site\/pl\/o3\/","name":"Zestaw narz\u0119dzi - VETReality","isPartOf":{"@id":"https:\/\/vetreality.erasmus.site\/pl\/#website"},"primaryImageOfPage":{"@id":"https:\/\/vetreality.erasmus.site\/pl\/o3\/#primaryimage"},"image":{"@id":"https:\/\/vetreality.erasmus.site\/o3\/#primaryimage"},"thumbnailUrl":"https:\/\/vetreality.erasmus.site\/wp-content\/uploads\/2022\/12\/IO3-VETreality-Mobility-ToolBox-ENGLISH-page-001.jpg","datePublished":"2021-03-20T13:22:42+00:00","dateModified":"2022-12-22T10:23:51+00:00","breadcrumb":{"@id":"https:\/\/vetreality.erasmus.site\/pl\/o3\/#breadcrumb"},"inLanguage":"pl-PL","potentialAction":[{"@type":"ReadAction","target":[["https:\/\/vetreality.erasmus.site\/pl\/o3\/"]]}]},{"@type":"ImageObject","inLanguage":"pl-PL","@id":"https:\/\/vetreality.erasmus.site\/pl\/o3\/#primaryimage","url":"https:\/\/vetreality.erasmus.site\/wp-content\/uploads\/2022\/12\/IO3-VETreality-Mobility-ToolBox-ENGLISH-page-001.jpg","contentUrl":"https:\/\/vetreality.erasmus.site\/wp-content\/uploads\/2022\/12\/IO3-VETreality-Mobility-ToolBox-ENGLISH-page-001.jpg"},{"@type":"BreadcrumbList","@id":"https:\/\/vetreality.erasmus.site\/pl\/o3\/#breadcrumb","itemListElement":[{"@type":"ListItem","position":1,"name":"Home","item":"https:\/\/vetreality.erasmus.site\/pl\/"},{"@type":"ListItem","position":2,"name":"Mobility tool box"}]},{"@type":"WebSite","@id":"https:\/\/vetreality.erasmus.site\/pl\/#website","url":"https:\/\/vetreality.erasmus.site\/pl\/","name":"VETReality","description":"Project","publisher":{"@id":"https:\/\/vetreality.erasmus.site\/pl\/#organization"},"potentialAction":[{"@type":"SearchAction","target":{"@type":"EntryPoint","urlTemplate":"https:\/\/vetreality.erasmus.site\/pl\/?s={search_term_string}"},"query-input":{"@type":"PropertyValueSpecification","valueRequired":true,"valueName":"search_term_string"}}],"inLanguage":"pl-PL"},{"@type":"Organization","@id":"https:\/\/vetreality.erasmus.site\/pl\/#organization","name":"VETreality Project","url":"https:\/\/vetreality.erasmus.site\/pl\/","logo":{"@type":"ImageObject","inLanguage":"pl-PL","@id":"https:\/\/vetreality.erasmus.site\/pl\/#\/schema\/logo\/image\/","url":"https:\/\/vetreality.erasmus.site\/wp-content\/uploads\/2021\/03\/cropped-cropped-Logo-Vetreality.jpg","contentUrl":"https:\/\/vetreality.erasmus.site\/wp-content\/uploads\/2021\/03\/cropped-cropped-Logo-Vetreality.jpg","width":512,"height":512,"caption":"VETreality Project"},"image":{"@id":"https:\/\/vetreality.erasmus.site\/pl\/#\/schema\/logo\/image\/"},"sameAs":["https:\/\/www.facebook.com\/VETRealityEU"]}]}},"_links":{"self":[{"href":"https:\/\/vetreality.erasmus.site\/pl\/wp-json\/wp\/v2\/pages\/198","targetHints":{"allow":["GET"]}}],"collection":[{"href":"https:\/\/vetreality.erasmus.site\/pl\/wp-json\/wp\/v2\/pages"}],"about":[{"href":"https:\/\/vetreality.erasmus.site\/pl\/wp-json\/wp\/v2\/types\/page"}],"author":[{"embeddable":true,"href":"https:\/\/vetreality.erasmus.site\/pl\/wp-json\/wp\/v2\/users\/1"}],"replies":[{"embeddable":true,"href":"https:\/\/vetreality.erasmus.site\/pl\/wp-json\/wp\/v2\/comments?post=198"}],"version-history":[{"count":14,"href":"https:\/\/vetreality.erasmus.site\/pl\/wp-json\/wp\/v2\/pages\/198\/revisions"}],"predecessor-version":[{"id":863,"href":"https:\/\/vetreality.erasmus.site\/pl\/wp-json\/wp\/v2\/pages\/198\/revisions\/863"}],"wp:attachment":[{"href":"https:\/\/vetreality.erasmus.site\/pl\/wp-json\/wp\/v2\/media?parent=198"}],"curies":[{"name":"wp","href":"https:\/\/api.w.org\/{rel}","templated":true}]}}