{"id":194,"date":"2021-03-20T13:19:27","date_gmt":"2021-03-20T13:19:27","guid":{"rendered":"https:\/\/vetreality.erasmus.site\/?page_id=194"},"modified":"2022-12-05T08:47:20","modified_gmt":"2022-12-05T08:47:20","slug":"o1","status":"publish","type":"page","link":"https:\/\/vetreality.erasmus.site\/pl\/o1\/","title":{"rendered":"e-Kompendium"},"content":{"rendered":"<p>IO1 jest odpowiedzi\u0105 na potrzeby:<\/p>\n<p>1) Zbadania, na poziomie empirycznym, kluczowych kompetencji VR niezb\u0119dnych i wymaganych przez GRUP\u0118 DOCELOW\u0104 nauczycieli i trener\u00f3w VET do promowania interaktywnego procesu uczenia si\u0119 uczni\u00f3w o specjalnych potrzebach edukacyjnych w ramach wst\u0119pnego kszta\u0142cenia i szkolenia zawodowego, maj\u0105cego na celu ich pomy\u015blny dost\u0119p do WBL (na poziomie lokalnym i UE\/mobilno\u015bci) oraz o wymaganiach, oczekiwaniach i rekomendacjach na ten temat ze strony interesariuszy i ekspert\u00f3w w tej dziedzinie.<\/p>\n<p>Dzi\u0119ki zastosowaniu metodologii grup fokusowych, badanie empiryczne b\u0119dzie realizowane poprzez:<\/p>\n<p>jeden 4-godzinny warsztat na ka\u017cd\u0105 organizacj\u0119 partnersk\u0105, z udzia\u0142em co najmniej 10 nauczycieli\/szkoleniowc\u00f3w VET z w\u0142asnego personelu i partner\u00f3w stowarzyszonych (70 na poziomie UE);<br \/>\nkolejne 4-godzinne warsztaty dla ka\u017cdej organizacji partnerskiej, w kt\u00f3rych we\u017amie udzia\u0142 co najmniej 5 interesariuszy + 3 ekspert\u00f3w od partner\u00f3w stowarzyszonych (56 na poziomie UE);<br \/>\n2) Badanie, na poziomie dokumentacji, dost\u0119pnych urz\u0105dze\u0144 VR, jak r\u00f3wnie\u017c zapewnienie, spo\u015br\u00f3d istniej\u0105cych aplikacji oprogramowania VR, najbardziej odpowiednich do wspierania uczni\u00f3w o specjalnych potrzebach edukacyjnych w pocz\u0105tkowym etapie kszta\u0142cenia i szkolenia zawodowego w ich udanym dost\u0119pie do WBL. Badanie dokumentacji b\u0119dzie mia\u0142o du\u017cy wp\u0142yw na rozw\u00f3j ca\u0142ego projektu:<\/p>\n<p>pozwoli po raz pierwszy uzyska\u0107 ca\u0142o\u015bciowy przegl\u0105d stanu wiedzy na temat rozwoju VR, implikacji i potencja\u0142u integracji z systemem nauczania\/szkolenia VET ukierunkowanym na interaktywny proces uczenia si\u0119 uczni\u00f3w o specjalnych potrzebach edukacyjnych w ramach wst\u0119pnego kszta\u0142cenia i szkolenia zawodowego;<br \/>\nanaliza aplikacji oprogramowania VR pozwoli na okre\u015blenie tych, kt\u00f3re najlepiej nadaj\u0105 si\u0119 do u\u0142atwienia dost\u0119pu uczni\u00f3w o specjalnych potrzebach edukacyjnych do WBL;<br \/>\nna podstawie wynik\u00f3w partnerstwo zdecyduje, kt\u00f3re z istniej\u0105cych obecnie aplikacji VR najlepiej nadaj\u0105 si\u0119 do cel\u00f3w projektu i kt\u00f3re mo\u017cna w\u0142\u0105czy\u0107 do programu szkoleniowego VETREALITY (IO2).<\/p>\n<p>Informacje i konsekwencje dydaktyczne zebrane w procesie bada\u0144 empirycznych i analizy danych zastanych zostan\u0105 ostatecznie opracowane w &#8222;e-kompendium VETREALITY dla nauczycieli i trener\u00f3w Kszta\u0142cenia i Szkolenia Zawodowego&#8221;.<\/p>\n<p>Podstawowym elementem kompendium b\u0119dzie kompilacja co najmniej 20 wybranych otwartych aplikacji oprogramowania VR dla nauczycieli i trener\u00f3w VET, kt\u00f3re zostan\u0105 intensywnie przeanalizowane i przetestowane przez partnerstwo, a dla ka\u017cdej z nich zostanie opracowany jednostronicowy profil zawieraj\u0105cy nast\u0119puj\u0105ce informacje:<\/p>\n<p>Kluczowe dane aplikacji VR;<br \/>\nOpis dostarczanych tre\u015bci dydaktycznych;<br \/>\nOpis procesu uczenia si\u0119 u\u0142atwionego przez zastosowanie aplikacji VR;<br \/>\nAnaliza SWAT aplikacji VR pod wzgl\u0119dem przyjazno\u015bci dla u\u017cytkownika, ukierunkowania pedagogicznego i potencja\u0142u zastosowania we wspieraniu dost\u0119pu uczni\u00f3w o specjalnych potrzebach edukacyjnych do WBL;<br \/>\nRekomendacje dotycz\u0105ce najlepszego zastosowania VR w celu u\u0142atwienia dost\u0119pu do WBL studentom o specjalnych potrzebach edukacyjnych.<\/p>\n\r\n<!--change the width and height value as you want.--> \r\n<!-- Do change \"index.htm\" to your real html name of the flippingbook--> \r\n<iframe  style=\"width:100%;height:450px\"  src=\"https:\/\/vetreality.erasmus.site\/wp-content\/uploads\/flipbook\/6\/book.html\"  seamless=\"seamless\" scrolling=\"no\" frameborder=\"0\" allowtransparency=\"true\" allowfullscreen mozallowfullscreen  webkitallowfullscreen ><\/iframe>\r\n\n<p style=\"text-align: center;\"><a href=\"https:\/\/vetreality.erasmus.site\/wp-content\/uploads\/2021\/12\/VETREALITY_IO1_E-COMPENDIUM_pol.pdf\" target=\"_blank\" rel=\"noopener\">Download e-Compedium<\/a><\/p>\n<p><\/p>","protected":false},"excerpt":{"rendered":"<p>IO1 jest odpowiedzi\u0105 na potrzeby: 1) Zbadania, na poziomie empirycznym, kluczowych kompetencji VR niezb\u0119dnych i wymaganych przez GRUP\u0118 DOCELOW\u0104 nauczycieli i trener\u00f3w VET do promowania interaktywnego procesu uczenia si\u0119 uczni\u00f3w o specjalnych potrzebach edukacyjnych w ramach wst\u0119pnego kszta\u0142cenia i szkolenia zawodowego, maj\u0105cego na celu ich pomy\u015blny dost\u0119p do WBL (na poziomie lokalnym i UE\/mobilno\u015bci) oraz&hellip;&nbsp;<a href=\"https:\/\/vetreality.erasmus.site\/pl\/o1\/\" rel=\"bookmark\">Dowiedz si\u0119 wi\u0119cej &raquo;<span class=\"screen-reader-text\">e-Kompendium<\/span><\/a><\/p>\n","protected":false},"author":1,"featured_media":0,"parent":0,"menu_order":0,"comment_status":"closed","ping_status":"closed","template":"","meta":{"neve_meta_sidebar":"full-width","neve_meta_container":"","neve_meta_enable_content_width":"on","neve_meta_content_width":100,"neve_meta_title_alignment":"","neve_meta_author_avatar":"","neve_post_elements_order":"","neve_meta_disable_header":"","neve_meta_disable_footer":"","neve_meta_disable_title":"","footnotes":""},"class_list":["post-194","page","type-page","status-publish","hentry"],"yoast_head":"<!-- This site is optimized with the Yoast SEO plugin v27.3 - https:\/\/yoast.com\/product\/yoast-seo-wordpress\/ -->\n<title>e-Kompendium - VETReality<\/title>\n<meta name=\"robots\" content=\"index, follow, max-snippet:-1, max-image-preview:large, max-video-preview:-1\" \/>\n<link rel=\"canonical\" href=\"https:\/\/vetreality.erasmus.site\/pl\/o1\/\" \/>\n<meta property=\"og:locale\" content=\"pl_PL\" \/>\n<meta property=\"og:type\" content=\"article\" \/>\n<meta property=\"og:title\" content=\"e-Kompendium - VETReality\" \/>\n<meta property=\"og:description\" content=\"IO1 jest odpowiedzi\u0105 na potrzeby: 1) Zbadania, na poziomie empirycznym, kluczowych kompetencji VR niezb\u0119dnych i wymaganych przez GRUP\u0118 DOCELOW\u0104 nauczycieli i trener\u00f3w VET do promowania interaktywnego procesu uczenia si\u0119 uczni\u00f3w o specjalnych potrzebach edukacyjnych w ramach wst\u0119pnego kszta\u0142cenia i szkolenia zawodowego, maj\u0105cego na celu ich pomy\u015blny dost\u0119p do WBL (na poziomie lokalnym i UE\/mobilno\u015bci) oraz&hellip;&nbsp;Dowiedz si\u0119 wi\u0119cej &raquo;e-Kompendium\" \/>\n<meta property=\"og:url\" content=\"https:\/\/vetreality.erasmus.site\/pl\/o1\/\" \/>\n<meta property=\"og:site_name\" content=\"VETReality\" \/>\n<meta property=\"article:publisher\" content=\"https:\/\/www.facebook.com\/VETRealityEU\" \/>\n<meta property=\"article:modified_time\" content=\"2022-12-05T08:47:20+00:00\" \/>\n<meta name=\"twitter:card\" content=\"summary_large_image\" \/>\n<meta name=\"twitter:label1\" content=\"Szacowany czas czytania\" \/>\n\t<meta name=\"twitter:data1\" content=\"2 minuty\" \/>\n<script type=\"application\/ld+json\" class=\"yoast-schema-graph\">{\"@context\":\"https:\\\/\\\/schema.org\",\"@graph\":[{\"@type\":\"WebPage\",\"@id\":\"https:\\\/\\\/vetreality.erasmus.site\\\/pl\\\/o1\\\/\",\"url\":\"https:\\\/\\\/vetreality.erasmus.site\\\/pl\\\/o1\\\/\",\"name\":\"e-Kompendium - VETReality\",\"isPartOf\":{\"@id\":\"https:\\\/\\\/vetreality.erasmus.site\\\/pl\\\/#website\"},\"datePublished\":\"2021-03-20T13:19:27+00:00\",\"dateModified\":\"2022-12-05T08:47:20+00:00\",\"breadcrumb\":{\"@id\":\"https:\\\/\\\/vetreality.erasmus.site\\\/pl\\\/o1\\\/#breadcrumb\"},\"inLanguage\":\"pl-PL\",\"potentialAction\":[{\"@type\":\"ReadAction\",\"target\":[[\"https:\\\/\\\/vetreality.erasmus.site\\\/pl\\\/o1\\\/\"]]}]},{\"@type\":\"BreadcrumbList\",\"@id\":\"https:\\\/\\\/vetreality.erasmus.site\\\/pl\\\/o1\\\/#breadcrumb\",\"itemListElement\":[{\"@type\":\"ListItem\",\"position\":1,\"name\":\"Home\",\"item\":\"https:\\\/\\\/vetreality.erasmus.site\\\/pl\\\/\"},{\"@type\":\"ListItem\",\"position\":2,\"name\":\"e-Compendium\"}]},{\"@type\":\"WebSite\",\"@id\":\"https:\\\/\\\/vetreality.erasmus.site\\\/pl\\\/#website\",\"url\":\"https:\\\/\\\/vetreality.erasmus.site\\\/pl\\\/\",\"name\":\"VETReality\",\"description\":\"Project\",\"publisher\":{\"@id\":\"https:\\\/\\\/vetreality.erasmus.site\\\/pl\\\/#organization\"},\"potentialAction\":[{\"@type\":\"SearchAction\",\"target\":{\"@type\":\"EntryPoint\",\"urlTemplate\":\"https:\\\/\\\/vetreality.erasmus.site\\\/pl\\\/?s={search_term_string}\"},\"query-input\":{\"@type\":\"PropertyValueSpecification\",\"valueRequired\":true,\"valueName\":\"search_term_string\"}}],\"inLanguage\":\"pl-PL\"},{\"@type\":\"Organization\",\"@id\":\"https:\\\/\\\/vetreality.erasmus.site\\\/pl\\\/#organization\",\"name\":\"VETreality Project\",\"url\":\"https:\\\/\\\/vetreality.erasmus.site\\\/pl\\\/\",\"logo\":{\"@type\":\"ImageObject\",\"inLanguage\":\"pl-PL\",\"@id\":\"https:\\\/\\\/vetreality.erasmus.site\\\/pl\\\/#\\\/schema\\\/logo\\\/image\\\/\",\"url\":\"https:\\\/\\\/vetreality.erasmus.site\\\/wp-content\\\/uploads\\\/2021\\\/03\\\/cropped-cropped-Logo-Vetreality.jpg\",\"contentUrl\":\"https:\\\/\\\/vetreality.erasmus.site\\\/wp-content\\\/uploads\\\/2021\\\/03\\\/cropped-cropped-Logo-Vetreality.jpg\",\"width\":512,\"height\":512,\"caption\":\"VETreality Project\"},\"image\":{\"@id\":\"https:\\\/\\\/vetreality.erasmus.site\\\/pl\\\/#\\\/schema\\\/logo\\\/image\\\/\"},\"sameAs\":[\"https:\\\/\\\/www.facebook.com\\\/VETRealityEU\"]}]}<\/script>\n<!-- \/ Yoast SEO plugin. -->","yoast_head_json":{"title":"e-Kompendium - VETReality","robots":{"index":"index","follow":"follow","max-snippet":"max-snippet:-1","max-image-preview":"max-image-preview:large","max-video-preview":"max-video-preview:-1"},"canonical":"https:\/\/vetreality.erasmus.site\/pl\/o1\/","og_locale":"pl_PL","og_type":"article","og_title":"e-Kompendium - VETReality","og_description":"IO1 jest odpowiedzi\u0105 na potrzeby: 1) Zbadania, na poziomie empirycznym, kluczowych kompetencji VR niezb\u0119dnych i wymaganych przez GRUP\u0118 DOCELOW\u0104 nauczycieli i trener\u00f3w VET do promowania interaktywnego procesu uczenia si\u0119 uczni\u00f3w o specjalnych potrzebach edukacyjnych w ramach wst\u0119pnego kszta\u0142cenia i szkolenia zawodowego, maj\u0105cego na celu ich pomy\u015blny dost\u0119p do WBL (na poziomie lokalnym i UE\/mobilno\u015bci) oraz&hellip;&nbsp;Dowiedz si\u0119 wi\u0119cej &raquo;e-Kompendium","og_url":"https:\/\/vetreality.erasmus.site\/pl\/o1\/","og_site_name":"VETReality","article_publisher":"https:\/\/www.facebook.com\/VETRealityEU","article_modified_time":"2022-12-05T08:47:20+00:00","twitter_card":"summary_large_image","twitter_misc":{"Szacowany czas czytania":"2 minuty"},"schema":{"@context":"https:\/\/schema.org","@graph":[{"@type":"WebPage","@id":"https:\/\/vetreality.erasmus.site\/pl\/o1\/","url":"https:\/\/vetreality.erasmus.site\/pl\/o1\/","name":"e-Kompendium - VETReality","isPartOf":{"@id":"https:\/\/vetreality.erasmus.site\/pl\/#website"},"datePublished":"2021-03-20T13:19:27+00:00","dateModified":"2022-12-05T08:47:20+00:00","breadcrumb":{"@id":"https:\/\/vetreality.erasmus.site\/pl\/o1\/#breadcrumb"},"inLanguage":"pl-PL","potentialAction":[{"@type":"ReadAction","target":[["https:\/\/vetreality.erasmus.site\/pl\/o1\/"]]}]},{"@type":"BreadcrumbList","@id":"https:\/\/vetreality.erasmus.site\/pl\/o1\/#breadcrumb","itemListElement":[{"@type":"ListItem","position":1,"name":"Home","item":"https:\/\/vetreality.erasmus.site\/pl\/"},{"@type":"ListItem","position":2,"name":"e-Compendium"}]},{"@type":"WebSite","@id":"https:\/\/vetreality.erasmus.site\/pl\/#website","url":"https:\/\/vetreality.erasmus.site\/pl\/","name":"VETReality","description":"Project","publisher":{"@id":"https:\/\/vetreality.erasmus.site\/pl\/#organization"},"potentialAction":[{"@type":"SearchAction","target":{"@type":"EntryPoint","urlTemplate":"https:\/\/vetreality.erasmus.site\/pl\/?s={search_term_string}"},"query-input":{"@type":"PropertyValueSpecification","valueRequired":true,"valueName":"search_term_string"}}],"inLanguage":"pl-PL"},{"@type":"Organization","@id":"https:\/\/vetreality.erasmus.site\/pl\/#organization","name":"VETreality Project","url":"https:\/\/vetreality.erasmus.site\/pl\/","logo":{"@type":"ImageObject","inLanguage":"pl-PL","@id":"https:\/\/vetreality.erasmus.site\/pl\/#\/schema\/logo\/image\/","url":"https:\/\/vetreality.erasmus.site\/wp-content\/uploads\/2021\/03\/cropped-cropped-Logo-Vetreality.jpg","contentUrl":"https:\/\/vetreality.erasmus.site\/wp-content\/uploads\/2021\/03\/cropped-cropped-Logo-Vetreality.jpg","width":512,"height":512,"caption":"VETreality Project"},"image":{"@id":"https:\/\/vetreality.erasmus.site\/pl\/#\/schema\/logo\/image\/"},"sameAs":["https:\/\/www.facebook.com\/VETRealityEU"]}]}},"_links":{"self":[{"href":"https:\/\/vetreality.erasmus.site\/pl\/wp-json\/wp\/v2\/pages\/194","targetHints":{"allow":["GET"]}}],"collection":[{"href":"https:\/\/vetreality.erasmus.site\/pl\/wp-json\/wp\/v2\/pages"}],"about":[{"href":"https:\/\/vetreality.erasmus.site\/pl\/wp-json\/wp\/v2\/types\/page"}],"author":[{"embeddable":true,"href":"https:\/\/vetreality.erasmus.site\/pl\/wp-json\/wp\/v2\/users\/1"}],"replies":[{"embeddable":true,"href":"https:\/\/vetreality.erasmus.site\/pl\/wp-json\/wp\/v2\/comments?post=194"}],"version-history":[{"count":16,"href":"https:\/\/vetreality.erasmus.site\/pl\/wp-json\/wp\/v2\/pages\/194\/revisions"}],"predecessor-version":[{"id":787,"href":"https:\/\/vetreality.erasmus.site\/pl\/wp-json\/wp\/v2\/pages\/194\/revisions\/787"}],"wp:attachment":[{"href":"https:\/\/vetreality.erasmus.site\/pl\/wp-json\/wp\/v2\/media?parent=194"}],"curies":[{"name":"wp","href":"https:\/\/api.w.org\/{rel}","templated":true}]}}