{"id":149,"date":"2021-03-20T10:25:03","date_gmt":"2021-03-20T10:25:03","guid":{"rendered":"https:\/\/vetreality.erasmus.site\/?page_id=149"},"modified":"2021-12-04T09:00:57","modified_gmt":"2021-12-04T09:00:57","slug":"about","status":"publish","type":"page","link":"https:\/\/vetreality.erasmus.site\/pl\/about\/","title":{"rendered":"O projekcie"},"content":{"rendered":"\t\t<div data-elementor-type=\"wp-page\" data-elementor-id=\"149\" class=\"elementor elementor-149\">\n\t\t\t\t\t\t<section class=\"elementor-section elementor-top-section elementor-element elementor-element-9419ce8 elementor-section-boxed elementor-section-height-default elementor-section-height-default elementor-invisible\" data-id=\"9419ce8\" data-element_type=\"section\" data-e-type=\"section\" data-settings=\"{&quot;animation&quot;:&quot;zoomIn&quot;}\">\n\t\t\t\t\t\t<div class=\"elementor-container elementor-column-gap-default\">\n\t\t\t\t\t<div class=\"elementor-column elementor-col-50 elementor-top-column elementor-element elementor-element-0d541b9\" data-id=\"0d541b9\" data-element_type=\"column\" data-e-type=\"column\">\n\t\t\t<div class=\"elementor-widget-wrap elementor-element-populated\">\n\t\t\t\t\t\t<div class=\"elementor-element elementor-element-1357a92 elementor-widget elementor-widget-spacer\" data-id=\"1357a92\" data-element_type=\"widget\" data-e-type=\"widget\" data-widget_type=\"spacer.default\">\n\t\t\t\t<div class=\"elementor-widget-container\">\n\t\t\t\t\t\t\t<div class=\"elementor-spacer\">\n\t\t\t<div class=\"elementor-spacer-inner\"><\/div>\n\t\t<\/div>\n\t\t\t\t\t\t<\/div>\n\t\t\t\t<\/div>\n\t\t\t\t<div class=\"elementor-element elementor-element-f146683 elementor-widget elementor-widget-image\" data-id=\"f146683\" data-element_type=\"widget\" data-e-type=\"widget\" data-widget_type=\"image.default\">\n\t\t\t\t<div class=\"elementor-widget-container\">\n\t\t\t\t\t\t\t\t\t\t\t\t\t\t\t<img fetchpriority=\"high\" decoding=\"async\" width=\"1024\" height=\"576\" src=\"https:\/\/vetreality.erasmus.site\/wp-content\/uploads\/2021\/03\/18438817-1024x576.jpg\" class=\"attachment-large size-large wp-image-152\" alt=\"\" srcset=\"https:\/\/vetreality.erasmus.site\/wp-content\/uploads\/2021\/03\/18438817-1024x576.jpg 1024w, https:\/\/vetreality.erasmus.site\/wp-content\/uploads\/2021\/03\/18438817-300x169.jpg 300w, https:\/\/vetreality.erasmus.site\/wp-content\/uploads\/2021\/03\/18438817-768x432.jpg 768w, https:\/\/vetreality.erasmus.site\/wp-content\/uploads\/2021\/03\/18438817-1536x863.jpg 1536w, https:\/\/vetreality.erasmus.site\/wp-content\/uploads\/2021\/03\/18438817-2048x1151.jpg 2048w\" sizes=\"(max-width: 1024px) 100vw, 1024px\" \/>\t\t\t\t\t\t\t\t\t\t\t\t\t\t\t<\/div>\n\t\t\t\t<\/div>\n\t\t\t\t\t<\/div>\n\t\t<\/div>\n\t\t\t\t<div class=\"elementor-column elementor-col-50 elementor-top-column elementor-element elementor-element-37e9b55\" data-id=\"37e9b55\" data-element_type=\"column\" data-e-type=\"column\">\n\t\t\t<div class=\"elementor-widget-wrap elementor-element-populated\">\n\t\t\t\t\t\t<div class=\"elementor-element elementor-element-2ebf5d5 elementor-widget elementor-widget-text-editor\" data-id=\"2ebf5d5\" data-element_type=\"widget\" data-e-type=\"widget\" data-widget_type=\"text-editor.default\">\n\t\t\t\t<div class=\"elementor-widget-container\">\n\t\t\t\t\t\t\t\t\t<p><\/p><p><\/p><p><\/p><p>Podnoszenie kwalifikacji kompetencji Nauczycieli i Trener\u00f3w w zakresie wspierania W\u0141\u0104CZENIA zosta\u0142o uznane za wysoki priorytet polityki przez UE w Zaleceniu Rady w sprawie promowania wsp\u00f3lnych warto\u015bci i edukacji w\u0142\u0105czaj\u0105cej (KE Com2018\/23), przez Komitet ONZ ds. Praw Os\u00f3b Niepe\u0142nosprawnych (Raport z 2016 r. w sprawie prawa do edukacji w\u0142\u0105czaj\u0105cej) oraz przez Agend\u0119 ONZ 2030 na rzecz Zr\u00f3wnowa\u017conego Rozwoju (Cele 4 i 8). Ponadto, Raport KE z 2018 r. pt. &#8222;Edukacja i specjalne potrzeby: polityka i praktyki w zakresie kszta\u0142cenia, szkolenia i zatrudnienia uczni\u00f3w ze specjalnymi potrzebami w UE&#8221; potwierdza, \u017ce aby zintegrowa\u0107 uczni\u00f3w ze SPE w kszta\u0142ceniu i szkoleniu, istnieje potrzeba przygotowania Nauczycieli i Trener\u00f3w do korzystania z cyfrowych i innowacyjnych narz\u0119dzi, takich jak Wirtualne \u015arodowiska Nauczania (VLE). W ramach VLE, wykorzystanie WIRTUALNEJ RZECZYWISTO\u015aCI (VR) jest uwa\u017cane za warto\u015bciowe i korzystne dla uczni\u00f3w o specjalnych potrzebach edukacyjnych we wst\u0119pnym kszta\u0142ceniu i szkoleniu zawodowym, gdy jest stosowane w celu u\u0142atwienia im dost\u0119pu do WBL na poziomie lokalnym i mi\u0119dzynarodowym\/mobilno\u015bci.<\/p><p>VETREALITY jest odpowiedzi\u0105 na wspomniane potrzeby, poniewa\u017c zapewni grupie docelowej &#8211; nauczycielom\/szkoleniowcom VET &#8211; wymagane kompetencje cyfrowe, aby stawi\u0107 czo\u0142a tej innowacyjnej zmianie w procesie uczenia si\u0119 uczni\u00f3w SEN.<\/p>\t\t\t\t\t\t\t\t<\/div>\n\t\t\t\t<\/div>\n\t\t\t\t\t<\/div>\n\t\t<\/div>\n\t\t\t\t\t<\/div>\n\t\t<\/section>\n\t\t\t\t<\/div>\n\t\t","protected":false},"excerpt":{"rendered":"<p>Podnoszenie kwalifikacji kompetencji Nauczycieli i Trener\u00f3w w zakresie wspierania W\u0141\u0104CZENIA zosta\u0142o uznane za wysoki priorytet polityki przez UE w Zaleceniu Rady w sprawie promowania wsp\u00f3lnych warto\u015bci i edukacji w\u0142\u0105czaj\u0105cej (KE Com2018\/23), przez Komitet ONZ ds. Praw Os\u00f3b Niepe\u0142nosprawnych (Raport z 2016 r. w sprawie prawa do edukacji w\u0142\u0105czaj\u0105cej) oraz przez Agend\u0119 ONZ 2030 na rzecz&hellip;&nbsp;<a href=\"https:\/\/vetreality.erasmus.site\/pl\/about\/\" rel=\"bookmark\">Dowiedz si\u0119 wi\u0119cej &raquo;<span class=\"screen-reader-text\">O projekcie<\/span><\/a><\/p>\n","protected":false},"author":1,"featured_media":0,"parent":0,"menu_order":0,"comment_status":"closed","ping_status":"closed","template":"page-templates\/template-pagebuilder-full-width.php","meta":{"neve_meta_sidebar":"full-width","neve_meta_container":"","neve_meta_enable_content_width":"on","neve_meta_content_width":100,"neve_meta_title_alignment":"","neve_meta_author_avatar":"","neve_post_elements_order":"","neve_meta_disable_header":"","neve_meta_disable_footer":"","neve_meta_disable_title":"","footnotes":""},"class_list":["post-149","page","type-page","status-publish","hentry"],"yoast_head":"<!-- This site is optimized with the Yoast SEO plugin v27.3 - https:\/\/yoast.com\/product\/yoast-seo-wordpress\/ -->\n<title>O projekcie - VETReality<\/title>\n<meta name=\"robots\" content=\"index, follow, max-snippet:-1, max-image-preview:large, max-video-preview:-1\" \/>\n<link rel=\"canonical\" href=\"https:\/\/vetreality.erasmus.site\/pl\/about\/\" \/>\n<meta property=\"og:locale\" content=\"pl_PL\" \/>\n<meta property=\"og:type\" content=\"article\" \/>\n<meta property=\"og:title\" content=\"O projekcie - VETReality\" \/>\n<meta property=\"og:description\" content=\"Podnoszenie kwalifikacji kompetencji Nauczycieli i Trener\u00f3w w zakresie wspierania W\u0141\u0104CZENIA zosta\u0142o uznane za wysoki priorytet polityki przez UE w Zaleceniu Rady w sprawie promowania wsp\u00f3lnych warto\u015bci i edukacji w\u0142\u0105czaj\u0105cej (KE Com2018\/23), przez Komitet ONZ ds. Praw Os\u00f3b Niepe\u0142nosprawnych (Raport z 2016 r. w sprawie prawa do edukacji w\u0142\u0105czaj\u0105cej) oraz przez Agend\u0119 ONZ 2030 na rzecz&hellip;&nbsp;Dowiedz si\u0119 wi\u0119cej &raquo;O projekcie\" \/>\n<meta property=\"og:url\" content=\"https:\/\/vetreality.erasmus.site\/pl\/about\/\" \/>\n<meta property=\"og:site_name\" content=\"VETReality\" \/>\n<meta property=\"article:publisher\" content=\"https:\/\/www.facebook.com\/VETRealityEU\" \/>\n<meta property=\"article:modified_time\" content=\"2021-12-04T09:00:57+00:00\" \/>\n<meta property=\"og:image\" content=\"https:\/\/vetreality.erasmus.site\/wp-content\/uploads\/2021\/03\/18438817-1024x576.jpg\" \/>\n<meta name=\"twitter:card\" content=\"summary_large_image\" \/>\n<meta name=\"twitter:label1\" content=\"Szacowany czas czytania\" \/>\n\t<meta name=\"twitter:data1\" content=\"6 minut\" \/>\n<script type=\"application\/ld+json\" class=\"yoast-schema-graph\">{\"@context\":\"https:\\\/\\\/schema.org\",\"@graph\":[{\"@type\":\"WebPage\",\"@id\":\"https:\\\/\\\/vetreality.erasmus.site\\\/pl\\\/about\\\/\",\"url\":\"https:\\\/\\\/vetreality.erasmus.site\\\/pl\\\/about\\\/\",\"name\":\"O projekcie - VETReality\",\"isPartOf\":{\"@id\":\"https:\\\/\\\/vetreality.erasmus.site\\\/pl\\\/#website\"},\"primaryImageOfPage\":{\"@id\":\"https:\\\/\\\/vetreality.erasmus.site\\\/pl\\\/about\\\/#primaryimage\"},\"image\":{\"@id\":\"https:\\\/\\\/vetreality.erasmus.site\\\/about\\\/#primaryimage\"},\"thumbnailUrl\":\"https:\\\/\\\/vetreality.erasmus.site\\\/wp-content\\\/uploads\\\/2021\\\/03\\\/18438817-1024x576.jpg\",\"datePublished\":\"2021-03-20T10:25:03+00:00\",\"dateModified\":\"2021-12-04T09:00:57+00:00\",\"breadcrumb\":{\"@id\":\"https:\\\/\\\/vetreality.erasmus.site\\\/pl\\\/about\\\/#breadcrumb\"},\"inLanguage\":\"pl-PL\",\"potentialAction\":[{\"@type\":\"ReadAction\",\"target\":[[\"https:\\\/\\\/vetreality.erasmus.site\\\/pl\\\/about\\\/\"]]}]},{\"@type\":\"ImageObject\",\"inLanguage\":\"pl-PL\",\"@id\":\"https:\\\/\\\/vetreality.erasmus.site\\\/pl\\\/about\\\/#primaryimage\",\"url\":\"https:\\\/\\\/vetreality.erasmus.site\\\/wp-content\\\/uploads\\\/2021\\\/03\\\/18438817-1024x576.jpg\",\"contentUrl\":\"https:\\\/\\\/vetreality.erasmus.site\\\/wp-content\\\/uploads\\\/2021\\\/03\\\/18438817-1024x576.jpg\"},{\"@type\":\"BreadcrumbList\",\"@id\":\"https:\\\/\\\/vetreality.erasmus.site\\\/pl\\\/about\\\/#breadcrumb\",\"itemListElement\":[{\"@type\":\"ListItem\",\"position\":1,\"name\":\"Home\",\"item\":\"https:\\\/\\\/vetreality.erasmus.site\\\/pl\\\/\"},{\"@type\":\"ListItem\",\"position\":2,\"name\":\"About\"}]},{\"@type\":\"WebSite\",\"@id\":\"https:\\\/\\\/vetreality.erasmus.site\\\/pl\\\/#website\",\"url\":\"https:\\\/\\\/vetreality.erasmus.site\\\/pl\\\/\",\"name\":\"VETReality\",\"description\":\"Project\",\"publisher\":{\"@id\":\"https:\\\/\\\/vetreality.erasmus.site\\\/pl\\\/#organization\"},\"potentialAction\":[{\"@type\":\"SearchAction\",\"target\":{\"@type\":\"EntryPoint\",\"urlTemplate\":\"https:\\\/\\\/vetreality.erasmus.site\\\/pl\\\/?s={search_term_string}\"},\"query-input\":{\"@type\":\"PropertyValueSpecification\",\"valueRequired\":true,\"valueName\":\"search_term_string\"}}],\"inLanguage\":\"pl-PL\"},{\"@type\":\"Organization\",\"@id\":\"https:\\\/\\\/vetreality.erasmus.site\\\/pl\\\/#organization\",\"name\":\"VETreality Project\",\"url\":\"https:\\\/\\\/vetreality.erasmus.site\\\/pl\\\/\",\"logo\":{\"@type\":\"ImageObject\",\"inLanguage\":\"pl-PL\",\"@id\":\"https:\\\/\\\/vetreality.erasmus.site\\\/pl\\\/#\\\/schema\\\/logo\\\/image\\\/\",\"url\":\"https:\\\/\\\/vetreality.erasmus.site\\\/wp-content\\\/uploads\\\/2021\\\/03\\\/cropped-cropped-Logo-Vetreality.jpg\",\"contentUrl\":\"https:\\\/\\\/vetreality.erasmus.site\\\/wp-content\\\/uploads\\\/2021\\\/03\\\/cropped-cropped-Logo-Vetreality.jpg\",\"width\":512,\"height\":512,\"caption\":\"VETreality Project\"},\"image\":{\"@id\":\"https:\\\/\\\/vetreality.erasmus.site\\\/pl\\\/#\\\/schema\\\/logo\\\/image\\\/\"},\"sameAs\":[\"https:\\\/\\\/www.facebook.com\\\/VETRealityEU\"]}]}<\/script>\n<!-- \/ Yoast SEO plugin. -->","yoast_head_json":{"title":"O projekcie - VETReality","robots":{"index":"index","follow":"follow","max-snippet":"max-snippet:-1","max-image-preview":"max-image-preview:large","max-video-preview":"max-video-preview:-1"},"canonical":"https:\/\/vetreality.erasmus.site\/pl\/about\/","og_locale":"pl_PL","og_type":"article","og_title":"O projekcie - VETReality","og_description":"Podnoszenie kwalifikacji kompetencji Nauczycieli i Trener\u00f3w w zakresie wspierania W\u0141\u0104CZENIA zosta\u0142o uznane za wysoki priorytet polityki przez UE w Zaleceniu Rady w sprawie promowania wsp\u00f3lnych warto\u015bci i edukacji w\u0142\u0105czaj\u0105cej (KE Com2018\/23), przez Komitet ONZ ds. Praw Os\u00f3b Niepe\u0142nosprawnych (Raport z 2016 r. w sprawie prawa do edukacji w\u0142\u0105czaj\u0105cej) oraz przez Agend\u0119 ONZ 2030 na rzecz&hellip;&nbsp;Dowiedz si\u0119 wi\u0119cej &raquo;O projekcie","og_url":"https:\/\/vetreality.erasmus.site\/pl\/about\/","og_site_name":"VETReality","article_publisher":"https:\/\/www.facebook.com\/VETRealityEU","article_modified_time":"2021-12-04T09:00:57+00:00","og_image":[{"url":"https:\/\/vetreality.erasmus.site\/wp-content\/uploads\/2021\/03\/18438817-1024x576.jpg","type":"","width":"","height":""}],"twitter_card":"summary_large_image","twitter_misc":{"Szacowany czas czytania":"6 minut"},"schema":{"@context":"https:\/\/schema.org","@graph":[{"@type":"WebPage","@id":"https:\/\/vetreality.erasmus.site\/pl\/about\/","url":"https:\/\/vetreality.erasmus.site\/pl\/about\/","name":"O projekcie - VETReality","isPartOf":{"@id":"https:\/\/vetreality.erasmus.site\/pl\/#website"},"primaryImageOfPage":{"@id":"https:\/\/vetreality.erasmus.site\/pl\/about\/#primaryimage"},"image":{"@id":"https:\/\/vetreality.erasmus.site\/about\/#primaryimage"},"thumbnailUrl":"https:\/\/vetreality.erasmus.site\/wp-content\/uploads\/2021\/03\/18438817-1024x576.jpg","datePublished":"2021-03-20T10:25:03+00:00","dateModified":"2021-12-04T09:00:57+00:00","breadcrumb":{"@id":"https:\/\/vetreality.erasmus.site\/pl\/about\/#breadcrumb"},"inLanguage":"pl-PL","potentialAction":[{"@type":"ReadAction","target":[["https:\/\/vetreality.erasmus.site\/pl\/about\/"]]}]},{"@type":"ImageObject","inLanguage":"pl-PL","@id":"https:\/\/vetreality.erasmus.site\/pl\/about\/#primaryimage","url":"https:\/\/vetreality.erasmus.site\/wp-content\/uploads\/2021\/03\/18438817-1024x576.jpg","contentUrl":"https:\/\/vetreality.erasmus.site\/wp-content\/uploads\/2021\/03\/18438817-1024x576.jpg"},{"@type":"BreadcrumbList","@id":"https:\/\/vetreality.erasmus.site\/pl\/about\/#breadcrumb","itemListElement":[{"@type":"ListItem","position":1,"name":"Home","item":"https:\/\/vetreality.erasmus.site\/pl\/"},{"@type":"ListItem","position":2,"name":"About"}]},{"@type":"WebSite","@id":"https:\/\/vetreality.erasmus.site\/pl\/#website","url":"https:\/\/vetreality.erasmus.site\/pl\/","name":"VETReality","description":"Project","publisher":{"@id":"https:\/\/vetreality.erasmus.site\/pl\/#organization"},"potentialAction":[{"@type":"SearchAction","target":{"@type":"EntryPoint","urlTemplate":"https:\/\/vetreality.erasmus.site\/pl\/?s={search_term_string}"},"query-input":{"@type":"PropertyValueSpecification","valueRequired":true,"valueName":"search_term_string"}}],"inLanguage":"pl-PL"},{"@type":"Organization","@id":"https:\/\/vetreality.erasmus.site\/pl\/#organization","name":"VETreality Project","url":"https:\/\/vetreality.erasmus.site\/pl\/","logo":{"@type":"ImageObject","inLanguage":"pl-PL","@id":"https:\/\/vetreality.erasmus.site\/pl\/#\/schema\/logo\/image\/","url":"https:\/\/vetreality.erasmus.site\/wp-content\/uploads\/2021\/03\/cropped-cropped-Logo-Vetreality.jpg","contentUrl":"https:\/\/vetreality.erasmus.site\/wp-content\/uploads\/2021\/03\/cropped-cropped-Logo-Vetreality.jpg","width":512,"height":512,"caption":"VETreality Project"},"image":{"@id":"https:\/\/vetreality.erasmus.site\/pl\/#\/schema\/logo\/image\/"},"sameAs":["https:\/\/www.facebook.com\/VETRealityEU"]}]}},"_links":{"self":[{"href":"https:\/\/vetreality.erasmus.site\/pl\/wp-json\/wp\/v2\/pages\/149","targetHints":{"allow":["GET"]}}],"collection":[{"href":"https:\/\/vetreality.erasmus.site\/pl\/wp-json\/wp\/v2\/pages"}],"about":[{"href":"https:\/\/vetreality.erasmus.site\/pl\/wp-json\/wp\/v2\/types\/page"}],"author":[{"embeddable":true,"href":"https:\/\/vetreality.erasmus.site\/pl\/wp-json\/wp\/v2\/users\/1"}],"replies":[{"embeddable":true,"href":"https:\/\/vetreality.erasmus.site\/pl\/wp-json\/wp\/v2\/comments?post=149"}],"version-history":[{"count":27,"href":"https:\/\/vetreality.erasmus.site\/pl\/wp-json\/wp\/v2\/pages\/149\/revisions"}],"predecessor-version":[{"id":554,"href":"https:\/\/vetreality.erasmus.site\/pl\/wp-json\/wp\/v2\/pages\/149\/revisions\/554"}],"wp:attachment":[{"href":"https:\/\/vetreality.erasmus.site\/pl\/wp-json\/wp\/v2\/media?parent=149"}],"curies":[{"name":"wp","href":"https:\/\/api.w.org\/{rel}","templated":true}]}}