{"id":198,"date":"2021-03-20T13:22:42","date_gmt":"2021-03-20T13:22:42","guid":{"rendered":"https:\/\/vetreality.erasmus.site\/?page_id=198"},"modified":"2022-12-22T10:23:51","modified_gmt":"2022-12-22T10:23:51","slug":"o3","status":"publish","type":"page","link":"https:\/\/vetreality.erasmus.site\/it\/o3\/","title":{"rendered":"Tool Box per la Mobilit\u00e0"},"content":{"rendered":"<p>I programmi di mobilit\u00e0 potrebbero essere una grande opportunit\u00e0 per gli studenti con bisogni educativi speciali in quanto possono supportare i loro bisogni per rafforzare meglio l&#8217;autostima, l&#8217;autonomia, le abilit\u00e0 interpersonali, quelle sociali e molte altre trasversali che sono importanti quanto quelle tecniche per realizzare concretamente un&#8217;esperienza personale e professionale progetto di vita. Tuttavia, gli attuali programmi di Mobilit\u00e0 non sono completamente adattati agli studenti BES e le scuole IFP\/i centri di IFP e le famiglie mostrano regolarmente la loro esitazione e le loro paure al momento di decidere sulla partecipazione degli studenti, influenzando significativamente il loro livello di partecipazione (meno dell&#8217;1% secondo il EC Mid-term Erasmus+ Evaluation Report, 2018). Dati raccolti da Reattiva attraverso follow up, indicatori e analisi di impatto (57 progetti di mobilit\u00e0 coordinati tra il 2011-19, circa 8.000 studenti in formazione iniziale inviati all&#8217;estero, di cui 325 studenti disabili ) e dai partner del Consorzio e dalle loro reti, mostrano chiaramente la NECESSIT\u00c0 di fornire conoscenze e competenze al GRUPPO TARGET del personale docente e ai formatori dell&#8217;IFP al fine di facilitare l&#8217;accesso degli studenti BES alla mobilit\u00e0.<\/p>\n<p>La partnership, che ha una vasta esperienza in progetti di mobilit\u00e0 e applicazioni VR, risponder\u00e0 alle esigenze di cui sopra sviluppando un Mobility Tool Box online per fornire ai destinatari le competenze sull&#8217;uso della tecnologia VR come mezzo di apprendimento immersivo e interattivo (a 3D -360\u00b0) finalizzato a promuovere e facilitare il coinvolgimento degli studenti BES nella Mobilit\u00e0.<\/p>\n<p>L&#8217;IO3 si basa su 6 Sequenze di Apprendimento online corrispondenti alle 6 fasi principali di una Mobilit\u00e0 fisica:<\/p>\n<p>DiscoverEU Map: come creare un&#8217;immagine motivante della mobilit\u00e0 e supportare uno studente BES ad orientarsi e integrarsi nel paese ospitante;<br \/>\ne-Portfolio: come aiutare uno studente BES a creare, mappare e gestire un e-profile personale necessario per candidarsi con successo per uno stage all&#8217;estero;<br \/>\nMobility Skills Match: come fornire a uno studente BES un programma di mobilit\u00e0 per l&#8217;apprendimento adeguato basato su competenze, qualifiche, esperienze e preferenze\/aspettative;<br \/>\nColloquio di Mobilit\u00e0: come supportare uno studente BES nella preparazione del colloquio di tirocinio con l&#8217;azienda ospitante prescelta;<br \/>\nMobility Awareness: come aiutare uno studente BES a prendere coscienza dell&#8217;azienda ospitante, compiti proposti e obiettivi del tirocinio;<br \/>\nImplementazione della mobilit\u00e0: come monitorare, valutare e seguire uno studente BES coinvolto in una mobilit\u00e0.<\/p>\n<div class=\"row\">\n<div class=\"col-sm-12\" style=\"text-align: center;\"><a href=\"https:\/\/vetreality.erasmus.site\/wp-content\/uploads\/2022\/12\/IO3-VETreality-Mobility-ToolBox-ITALIAN.pdf\" target=\"_blank\" rel=\"noopener noreferrer\"><br \/>\n<img fetchpriority=\"high\" decoding=\"async\" class=\"size-medium wp-image-117 aligncenter\" src=\"https:\/\/vetreality.erasmus.site\/wp-content\/uploads\/2022\/12\/IO3-VETreality-Mobility-ToolBox-ENGLISH-page-001.jpg\" alt=\"\" width=\"212\" height=\"300\" \/>VETreality Toolbox per la Mobilit\u00e0 per insegnanti e formatori dell\u2019IFP<\/a><\/div>\n<\/div>\n<hr>\n<p><a href=\"https:\/\/play.google.com\/store\/apps\/details?id=eu.dcnet.vetreality\" target=\"_blank\" rel=\"noopener\"><img decoding=\"async\" class=\"wp-image-857 aligncenter\" src=\"https:\/\/vetreality.erasmus.site\/wp-content\/uploads\/2022\/12\/Google_Play-Badge-Logo.wine_-e1671703779967-300x91.png\" alt=\"\" width=\"300\" height=\"91\" srcset=\"https:\/\/vetreality.erasmus.site\/wp-content\/uploads\/2022\/12\/Google_Play-Badge-Logo.wine_-e1671703779967-300x91.png 300w, https:\/\/vetreality.erasmus.site\/wp-content\/uploads\/2022\/12\/Google_Play-Badge-Logo.wine_-e1671703779967-1024x310.png 1024w, https:\/\/vetreality.erasmus.site\/wp-content\/uploads\/2022\/12\/Google_Play-Badge-Logo.wine_-e1671703779967-768x233.png 768w, https:\/\/vetreality.erasmus.site\/wp-content\/uploads\/2022\/12\/Google_Play-Badge-Logo.wine_-e1671703779967-1536x465.png 1536w, https:\/\/vetreality.erasmus.site\/wp-content\/uploads\/2022\/12\/Google_Play-Badge-Logo.wine_-e1671703779967-2048x620.png 2048w, https:\/\/vetreality.erasmus.site\/wp-content\/uploads\/2022\/12\/Google_Play-Badge-Logo.wine_-e1671703779967-24x7.png 24w, https:\/\/vetreality.erasmus.site\/wp-content\/uploads\/2022\/12\/Google_Play-Badge-Logo.wine_-e1671703779967-36x11.png 36w, https:\/\/vetreality.erasmus.site\/wp-content\/uploads\/2022\/12\/Google_Play-Badge-Logo.wine_-e1671703779967-48x15.png 48w\" sizes=\"(max-width: 300px) 100vw, 300px\" \/><\/a><\/p>\n<p><a href=\"https:\/\/apps.apple.com\/app\/vetreality\/id1636655259\" target=\"_blank\" rel=\"noopener\"><img decoding=\"async\" class=\"wp-image-858 size-medium aligncenter\" src=\"https:\/\/vetreality.erasmus.site\/wp-content\/uploads\/2022\/12\/App_Store_iOS-Badge-Logo.wine_-e1671704368694-300x97.png\" alt=\"\" width=\"300\" height=\"97\" srcset=\"https:\/\/vetreality.erasmus.site\/wp-content\/uploads\/2022\/12\/App_Store_iOS-Badge-Logo.wine_-e1671704368694-300x97.png 300w, https:\/\/vetreality.erasmus.site\/wp-content\/uploads\/2022\/12\/App_Store_iOS-Badge-Logo.wine_-e1671704368694-1024x332.png 1024w, https:\/\/vetreality.erasmus.site\/wp-content\/uploads\/2022\/12\/App_Store_iOS-Badge-Logo.wine_-e1671704368694-768x249.png 768w, https:\/\/vetreality.erasmus.site\/wp-content\/uploads\/2022\/12\/App_Store_iOS-Badge-Logo.wine_-e1671704368694-1536x499.png 1536w, https:\/\/vetreality.erasmus.site\/wp-content\/uploads\/2022\/12\/App_Store_iOS-Badge-Logo.wine_-e1671704368694-2048x665.png 2048w, https:\/\/vetreality.erasmus.site\/wp-content\/uploads\/2022\/12\/App_Store_iOS-Badge-Logo.wine_-e1671704368694-24x8.png 24w, https:\/\/vetreality.erasmus.site\/wp-content\/uploads\/2022\/12\/App_Store_iOS-Badge-Logo.wine_-e1671704368694-36x12.png 36w, https:\/\/vetreality.erasmus.site\/wp-content\/uploads\/2022\/12\/App_Store_iOS-Badge-Logo.wine_-e1671704368694-48x16.png 48w\" sizes=\"(max-width: 300px) 100vw, 300px\" \/><\/a><\/p>","protected":false},"excerpt":{"rendered":"<p>I programmi di mobilit\u00e0 potrebbero essere una grande opportunit\u00e0 per gli studenti con bisogni educativi speciali in quanto possono supportare i loro bisogni per rafforzare meglio l&#8217;autostima, l&#8217;autonomia, le abilit\u00e0 interpersonali, quelle sociali e molte altre trasversali che sono importanti quanto quelle tecniche per realizzare concretamente un&#8217;esperienza personale e professionale progetto di vita. Tuttavia, gli&hellip;&nbsp;<a href=\"https:\/\/vetreality.erasmus.site\/it\/o3\/\" rel=\"bookmark\">Leggi tutto &raquo;<span class=\"screen-reader-text\">Tool Box per la Mobilit\u00e0<\/span><\/a><\/p>\n","protected":false},"author":1,"featured_media":0,"parent":0,"menu_order":0,"comment_status":"closed","ping_status":"closed","template":"","meta":{"neve_meta_sidebar":"full-width","neve_meta_container":"","neve_meta_enable_content_width":"on","neve_meta_content_width":100,"neve_meta_title_alignment":"","neve_meta_author_avatar":"","neve_post_elements_order":"","neve_meta_disable_header":"","neve_meta_disable_footer":"","neve_meta_disable_title":"","footnotes":""},"class_list":["post-198","page","type-page","status-publish","hentry"],"yoast_head":"<!-- This site is optimized with the Yoast SEO plugin v27.3 - https:\/\/yoast.com\/product\/yoast-seo-wordpress\/ -->\n<title>Tool Box per la Mobilit\u00e0 - VETReality<\/title>\n<meta name=\"robots\" content=\"index, follow, max-snippet:-1, max-image-preview:large, max-video-preview:-1\" \/>\n<link rel=\"canonical\" href=\"https:\/\/vetreality.erasmus.site\/it\/o3\/\" \/>\n<meta property=\"og:locale\" content=\"it_IT\" \/>\n<meta property=\"og:type\" content=\"article\" \/>\n<meta property=\"og:title\" content=\"Tool Box per la Mobilit\u00e0 - VETReality\" \/>\n<meta property=\"og:description\" content=\"I programmi di mobilit\u00e0 potrebbero essere una grande opportunit\u00e0 per gli studenti con bisogni educativi speciali in quanto possono supportare i loro bisogni per rafforzare meglio l&#8217;autostima, l&#8217;autonomia, le abilit\u00e0 interpersonali, quelle sociali e molte altre trasversali che sono importanti quanto quelle tecniche per realizzare concretamente un&#8217;esperienza personale e professionale progetto di vita. Tuttavia, gli&hellip;&nbsp;Leggi tutto &raquo;Tool Box per la Mobilit\u00e0\" \/>\n<meta property=\"og:url\" content=\"https:\/\/vetreality.erasmus.site\/it\/o3\/\" \/>\n<meta property=\"og:site_name\" content=\"VETReality\" \/>\n<meta property=\"article:publisher\" content=\"https:\/\/www.facebook.com\/VETRealityEU\" \/>\n<meta property=\"article:modified_time\" content=\"2022-12-22T10:23:51+00:00\" \/>\n<meta property=\"og:image\" content=\"https:\/\/vetreality.erasmus.site\/wp-content\/uploads\/2022\/12\/IO3-VETreality-Mobility-ToolBox-ENGLISH-page-001.jpg\" \/>\n<meta name=\"twitter:card\" content=\"summary_large_image\" \/>\n<meta name=\"twitter:label1\" content=\"Tempo di lettura stimato\" \/>\n\t<meta name=\"twitter:data1\" content=\"3 minuti\" \/>\n<script type=\"application\/ld+json\" class=\"yoast-schema-graph\">{\"@context\":\"https:\\\/\\\/schema.org\",\"@graph\":[{\"@type\":\"WebPage\",\"@id\":\"https:\\\/\\\/vetreality.erasmus.site\\\/it\\\/o3\\\/\",\"url\":\"https:\\\/\\\/vetreality.erasmus.site\\\/it\\\/o3\\\/\",\"name\":\"Tool Box per la Mobilit\u00e0 - VETReality\",\"isPartOf\":{\"@id\":\"https:\\\/\\\/vetreality.erasmus.site\\\/it\\\/#website\"},\"primaryImageOfPage\":{\"@id\":\"https:\\\/\\\/vetreality.erasmus.site\\\/it\\\/o3\\\/#primaryimage\"},\"image\":{\"@id\":\"https:\\\/\\\/vetreality.erasmus.site\\\/o3\\\/#primaryimage\"},\"thumbnailUrl\":\"https:\\\/\\\/vetreality.erasmus.site\\\/wp-content\\\/uploads\\\/2022\\\/12\\\/IO3-VETreality-Mobility-ToolBox-ENGLISH-page-001.jpg\",\"datePublished\":\"2021-03-20T13:22:42+00:00\",\"dateModified\":\"2022-12-22T10:23:51+00:00\",\"breadcrumb\":{\"@id\":\"https:\\\/\\\/vetreality.erasmus.site\\\/it\\\/o3\\\/#breadcrumb\"},\"inLanguage\":\"it-IT\",\"potentialAction\":[{\"@type\":\"ReadAction\",\"target\":[[\"https:\\\/\\\/vetreality.erasmus.site\\\/it\\\/o3\\\/\"]]}]},{\"@type\":\"ImageObject\",\"inLanguage\":\"it-IT\",\"@id\":\"https:\\\/\\\/vetreality.erasmus.site\\\/it\\\/o3\\\/#primaryimage\",\"url\":\"https:\\\/\\\/vetreality.erasmus.site\\\/wp-content\\\/uploads\\\/2022\\\/12\\\/IO3-VETreality-Mobility-ToolBox-ENGLISH-page-001.jpg\",\"contentUrl\":\"https:\\\/\\\/vetreality.erasmus.site\\\/wp-content\\\/uploads\\\/2022\\\/12\\\/IO3-VETreality-Mobility-ToolBox-ENGLISH-page-001.jpg\"},{\"@type\":\"BreadcrumbList\",\"@id\":\"https:\\\/\\\/vetreality.erasmus.site\\\/it\\\/o3\\\/#breadcrumb\",\"itemListElement\":[{\"@type\":\"ListItem\",\"position\":1,\"name\":\"Home\",\"item\":\"https:\\\/\\\/vetreality.erasmus.site\\\/it\\\/\"},{\"@type\":\"ListItem\",\"position\":2,\"name\":\"Mobility tool box\"}]},{\"@type\":\"WebSite\",\"@id\":\"https:\\\/\\\/vetreality.erasmus.site\\\/it\\\/#website\",\"url\":\"https:\\\/\\\/vetreality.erasmus.site\\\/it\\\/\",\"name\":\"VETReality\",\"description\":\"Project\",\"publisher\":{\"@id\":\"https:\\\/\\\/vetreality.erasmus.site\\\/it\\\/#organization\"},\"potentialAction\":[{\"@type\":\"SearchAction\",\"target\":{\"@type\":\"EntryPoint\",\"urlTemplate\":\"https:\\\/\\\/vetreality.erasmus.site\\\/it\\\/?s={search_term_string}\"},\"query-input\":{\"@type\":\"PropertyValueSpecification\",\"valueRequired\":true,\"valueName\":\"search_term_string\"}}],\"inLanguage\":\"it-IT\"},{\"@type\":\"Organization\",\"@id\":\"https:\\\/\\\/vetreality.erasmus.site\\\/it\\\/#organization\",\"name\":\"VETreality Project\",\"url\":\"https:\\\/\\\/vetreality.erasmus.site\\\/it\\\/\",\"logo\":{\"@type\":\"ImageObject\",\"inLanguage\":\"it-IT\",\"@id\":\"https:\\\/\\\/vetreality.erasmus.site\\\/it\\\/#\\\/schema\\\/logo\\\/image\\\/\",\"url\":\"https:\\\/\\\/vetreality.erasmus.site\\\/wp-content\\\/uploads\\\/2021\\\/03\\\/cropped-cropped-Logo-Vetreality.jpg\",\"contentUrl\":\"https:\\\/\\\/vetreality.erasmus.site\\\/wp-content\\\/uploads\\\/2021\\\/03\\\/cropped-cropped-Logo-Vetreality.jpg\",\"width\":512,\"height\":512,\"caption\":\"VETreality Project\"},\"image\":{\"@id\":\"https:\\\/\\\/vetreality.erasmus.site\\\/it\\\/#\\\/schema\\\/logo\\\/image\\\/\"},\"sameAs\":[\"https:\\\/\\\/www.facebook.com\\\/VETRealityEU\"]}]}<\/script>\n<!-- \/ Yoast SEO plugin. -->","yoast_head_json":{"title":"Tool Box per la Mobilit\u00e0 - VETReality","robots":{"index":"index","follow":"follow","max-snippet":"max-snippet:-1","max-image-preview":"max-image-preview:large","max-video-preview":"max-video-preview:-1"},"canonical":"https:\/\/vetreality.erasmus.site\/it\/o3\/","og_locale":"it_IT","og_type":"article","og_title":"Tool Box per la Mobilit\u00e0 - VETReality","og_description":"I programmi di mobilit\u00e0 potrebbero essere una grande opportunit\u00e0 per gli studenti con bisogni educativi speciali in quanto possono supportare i loro bisogni per rafforzare meglio l&#8217;autostima, l&#8217;autonomia, le abilit\u00e0 interpersonali, quelle sociali e molte altre trasversali che sono importanti quanto quelle tecniche per realizzare concretamente un&#8217;esperienza personale e professionale progetto di vita. Tuttavia, gli&hellip;&nbsp;Leggi tutto &raquo;Tool Box per la Mobilit\u00e0","og_url":"https:\/\/vetreality.erasmus.site\/it\/o3\/","og_site_name":"VETReality","article_publisher":"https:\/\/www.facebook.com\/VETRealityEU","article_modified_time":"2022-12-22T10:23:51+00:00","og_image":[{"url":"https:\/\/vetreality.erasmus.site\/wp-content\/uploads\/2022\/12\/IO3-VETreality-Mobility-ToolBox-ENGLISH-page-001.jpg","type":"","width":"","height":""}],"twitter_card":"summary_large_image","twitter_misc":{"Tempo di lettura stimato":"3 minuti"},"schema":{"@context":"https:\/\/schema.org","@graph":[{"@type":"WebPage","@id":"https:\/\/vetreality.erasmus.site\/it\/o3\/","url":"https:\/\/vetreality.erasmus.site\/it\/o3\/","name":"Tool Box per la Mobilit\u00e0 - VETReality","isPartOf":{"@id":"https:\/\/vetreality.erasmus.site\/it\/#website"},"primaryImageOfPage":{"@id":"https:\/\/vetreality.erasmus.site\/it\/o3\/#primaryimage"},"image":{"@id":"https:\/\/vetreality.erasmus.site\/o3\/#primaryimage"},"thumbnailUrl":"https:\/\/vetreality.erasmus.site\/wp-content\/uploads\/2022\/12\/IO3-VETreality-Mobility-ToolBox-ENGLISH-page-001.jpg","datePublished":"2021-03-20T13:22:42+00:00","dateModified":"2022-12-22T10:23:51+00:00","breadcrumb":{"@id":"https:\/\/vetreality.erasmus.site\/it\/o3\/#breadcrumb"},"inLanguage":"it-IT","potentialAction":[{"@type":"ReadAction","target":[["https:\/\/vetreality.erasmus.site\/it\/o3\/"]]}]},{"@type":"ImageObject","inLanguage":"it-IT","@id":"https:\/\/vetreality.erasmus.site\/it\/o3\/#primaryimage","url":"https:\/\/vetreality.erasmus.site\/wp-content\/uploads\/2022\/12\/IO3-VETreality-Mobility-ToolBox-ENGLISH-page-001.jpg","contentUrl":"https:\/\/vetreality.erasmus.site\/wp-content\/uploads\/2022\/12\/IO3-VETreality-Mobility-ToolBox-ENGLISH-page-001.jpg"},{"@type":"BreadcrumbList","@id":"https:\/\/vetreality.erasmus.site\/it\/o3\/#breadcrumb","itemListElement":[{"@type":"ListItem","position":1,"name":"Home","item":"https:\/\/vetreality.erasmus.site\/it\/"},{"@type":"ListItem","position":2,"name":"Mobility tool box"}]},{"@type":"WebSite","@id":"https:\/\/vetreality.erasmus.site\/it\/#website","url":"https:\/\/vetreality.erasmus.site\/it\/","name":"VETReality","description":"Project","publisher":{"@id":"https:\/\/vetreality.erasmus.site\/it\/#organization"},"potentialAction":[{"@type":"SearchAction","target":{"@type":"EntryPoint","urlTemplate":"https:\/\/vetreality.erasmus.site\/it\/?s={search_term_string}"},"query-input":{"@type":"PropertyValueSpecification","valueRequired":true,"valueName":"search_term_string"}}],"inLanguage":"it-IT"},{"@type":"Organization","@id":"https:\/\/vetreality.erasmus.site\/it\/#organization","name":"VETreality Project","url":"https:\/\/vetreality.erasmus.site\/it\/","logo":{"@type":"ImageObject","inLanguage":"it-IT","@id":"https:\/\/vetreality.erasmus.site\/it\/#\/schema\/logo\/image\/","url":"https:\/\/vetreality.erasmus.site\/wp-content\/uploads\/2021\/03\/cropped-cropped-Logo-Vetreality.jpg","contentUrl":"https:\/\/vetreality.erasmus.site\/wp-content\/uploads\/2021\/03\/cropped-cropped-Logo-Vetreality.jpg","width":512,"height":512,"caption":"VETreality Project"},"image":{"@id":"https:\/\/vetreality.erasmus.site\/it\/#\/schema\/logo\/image\/"},"sameAs":["https:\/\/www.facebook.com\/VETRealityEU"]}]}},"_links":{"self":[{"href":"https:\/\/vetreality.erasmus.site\/it\/wp-json\/wp\/v2\/pages\/198","targetHints":{"allow":["GET"]}}],"collection":[{"href":"https:\/\/vetreality.erasmus.site\/it\/wp-json\/wp\/v2\/pages"}],"about":[{"href":"https:\/\/vetreality.erasmus.site\/it\/wp-json\/wp\/v2\/types\/page"}],"author":[{"embeddable":true,"href":"https:\/\/vetreality.erasmus.site\/it\/wp-json\/wp\/v2\/users\/1"}],"replies":[{"embeddable":true,"href":"https:\/\/vetreality.erasmus.site\/it\/wp-json\/wp\/v2\/comments?post=198"}],"version-history":[{"count":14,"href":"https:\/\/vetreality.erasmus.site\/it\/wp-json\/wp\/v2\/pages\/198\/revisions"}],"predecessor-version":[{"id":863,"href":"https:\/\/vetreality.erasmus.site\/it\/wp-json\/wp\/v2\/pages\/198\/revisions\/863"}],"wp:attachment":[{"href":"https:\/\/vetreality.erasmus.site\/it\/wp-json\/wp\/v2\/media?parent=198"}],"curies":[{"name":"wp","href":"https:\/\/api.w.org\/{rel}","templated":true}]}}