{"id":699,"date":"2022-10-30T17:58:55","date_gmt":"2022-10-30T17:58:55","guid":{"rendered":"https:\/\/vetreality.erasmus.site\/?page_id=699"},"modified":"2022-12-22T10:44:15","modified_gmt":"2022-12-22T10:44:15","slug":"day-3","status":"publish","type":"page","link":"https:\/\/vetreality.erasmus.site\/fr\/o2\/day-3\/","title":{"rendered":"Jour 3: Utilisation de la r\u00e9alit\u00e9 virtuelle dans la formation professionnelle, notamment aupr\u00e8s des \u00e9l\u00e8ves \u00e0 BEP"},"content":{"rendered":"<p>\r\n<!--change the width and height value as you want.--> \r\n<!-- Do change \"index.htm\" to your real html name of the flippingbook--> \r\n<iframe  style=\"width:100%;height:600px\"  src=\"https:\/\/vetreality.erasmus.site\/wp-content\/uploads\/flipbook\/11\/book.html\"  seamless=\"seamless\" scrolling=\"no\" frameborder=\"0\" allowtransparency=\"true\" allowfullscreen mozallowfullscreen  webkitallowfullscreen ><\/iframe>\r\n<\/p>\n<p style=\"text-align: center;\"><a class=\"btn btn-primary\" role=\"button\" href=\"https:\/\/vetreality.erasmus.site\/wp-content\/uploads\/2022\/10\/M3_U2_EN.pdf\" download=\"\">T\u00e9l\u00e9charger<\/a><\/p>\n<hr class=\"vet\">\n<div class=\"nv-iframe-embed\"><iframe title=\"Day 3: Use of Virtual Reality in Vocational Education and Training, in particular with SEN students\" width=\"1200\" height=\"675\" src=\"https:\/\/www.youtube.com\/embed\/ISZAGjbfuMo?feature=oembed\" frameborder=\"0\" allow=\"accelerometer; autoplay; clipboard-write; encrypted-media; gyroscope; picture-in-picture\" allowfullscreen><\/iframe><\/div>\n<hr class=\"vet\">\n<div class=\"row\">\n<div class=\"col-sm-3\" style=\"text-align: center;\"><a href=\"https:\/\/vetreality.erasmus.site\/wp-content\/uploads\/2022\/10\/Checklist-for-Student-Suitability-for-use-of-VR-Hardware.pdf\" target=\"_blank\" rel=\"noopener noreferrer\"><br \/>\n<img fetchpriority=\"high\" decoding=\"async\" class=\"size-medium wp-image-117 aligncenter\" style=\"border: solid 1px #ccc;\" src=\"https:\/\/vetreality.erasmus.site\/wp-content\/uploads\/2022\/10\/Checklist-for-Student-Suitability-for-use-of-VR-Hardware-001.png\" alt=\"\" width=\"212\" height=\"300\"\/>Annexes 1<\/a><\/div>\n<div class=\"col-sm-3\" style=\"text-align: center;\"><a href=\"https:\/\/vetreality.erasmus.site\/wp-content\/uploads\/2022\/10\/disability-VET-copy.pdf\" target=\"_blank\" rel=\"noopener noreferrer\"><br \/>\n<img decoding=\"async\" class=\"size-medium wp-image-117 aligncenter\" style=\"border: solid 1px #ccc;\" src=\"https:\/\/vetreality.erasmus.site\/wp-content\/uploads\/2022\/10\/disability-VET-copy-001.png\" alt=\"\" width=\"212\" height=\"300\"\/>Annexes 2<\/a><\/div>\n<div class=\"col-sm-3\" style=\"text-align: center;\"><a href=\"https:\/\/vetreality.erasmus.site\/wp-content\/uploads\/2022\/10\/Google-Forms.pdf\" target=\"_blank\" rel=\"noopener noreferrer\"><br \/>\n<img decoding=\"async\" class=\"size-medium wp-image-117 aligncenter\" style=\"border: solid 1px #ccc;\" src=\"https:\/\/vetreality.erasmus.site\/wp-content\/uploads\/2022\/10\/Google-Forms.png\" alt=\"\" width=\"212\" height=\"300\"\/>Annexes 3<\/a><\/div>\n<div class=\"col-sm-3\" style=\"text-align: center;\"><a href=\"https:\/\/vetreality.erasmus.site\/wp-content\/uploads\/2022\/10\/M3_Appendix.pdf\" target=\"_blank\" rel=\"noopener noreferrer\"><br \/>\n<img loading=\"lazy\" decoding=\"async\" class=\"size-medium wp-image-117 aligncenter\" style=\"border: solid 1px #ccc;\" src=\"https:\/\/vetreality.erasmus.site\/wp-content\/uploads\/2022\/10\/M3_Appendix-001.png\" alt=\"\" width=\"212\" height=\"300\"\/>Annexes 4<\/a><\/div>\n<\/div>\n<p><\/p>","protected":false},"excerpt":{"rendered":"<p>T\u00e9l\u00e9charger Annexes 1 Annexes 2 Annexes 3 Annexes 4<\/p>\n","protected":false},"author":1,"featured_media":0,"parent":196,"menu_order":0,"comment_status":"closed","ping_status":"closed","template":"","meta":{"neve_meta_sidebar":"full-width","neve_meta_container":"","neve_meta_enable_content_width":"on","neve_meta_content_width":100,"neve_meta_title_alignment":"","neve_meta_author_avatar":"","neve_post_elements_order":"","neve_meta_disable_header":"","neve_meta_disable_footer":"","neve_meta_disable_title":"","footnotes":""},"class_list":["post-699","page","type-page","status-publish","hentry"],"yoast_head":"<!-- This site is optimized with the Yoast SEO plugin v27.3 - https:\/\/yoast.com\/product\/yoast-seo-wordpress\/ -->\n<title>Jour 3: Utilisation de la r\u00e9alit\u00e9 virtuelle dans la formation professionnelle, notamment aupr\u00e8s des \u00e9l\u00e8ves \u00e0 BEP - VETReality<\/title>\n<meta name=\"robots\" content=\"index, follow, max-snippet:-1, max-image-preview:large, max-video-preview:-1\" \/>\n<link rel=\"canonical\" href=\"https:\/\/vetreality.erasmus.site\/fr\/o2\/day-3\/\" \/>\n<meta property=\"og:locale\" content=\"fr_FR\" \/>\n<meta property=\"og:type\" content=\"article\" \/>\n<meta property=\"og:title\" content=\"Jour 3: Utilisation de la r\u00e9alit\u00e9 virtuelle dans la formation professionnelle, notamment aupr\u00e8s des \u00e9l\u00e8ves \u00e0 BEP - VETReality\" \/>\n<meta property=\"og:description\" content=\"T\u00e9l\u00e9charger Annexes 1 Annexes 2 Annexes 3 Annexes 4\" \/>\n<meta property=\"og:url\" content=\"https:\/\/vetreality.erasmus.site\/fr\/o2\/day-3\/\" \/>\n<meta property=\"og:site_name\" content=\"VETReality\" \/>\n<meta property=\"article:publisher\" content=\"https:\/\/www.facebook.com\/VETRealityEU\" \/>\n<meta property=\"article:modified_time\" content=\"2022-12-22T10:44:15+00:00\" \/>\n<meta property=\"og:image\" content=\"https:\/\/vetreality.erasmus.site\/wp-content\/uploads\/2022\/10\/Checklist-for-Student-Suitability-for-use-of-VR-Hardware-001.png\" \/>\n<meta name=\"twitter:card\" content=\"summary_large_image\" \/>\n<meta name=\"twitter:label1\" content=\"Dur\u00e9e de lecture estim\u00e9e\" \/>\n\t<meta name=\"twitter:data1\" content=\"1 minute\" \/>\n<script type=\"application\/ld+json\" class=\"yoast-schema-graph\">{\"@context\":\"https:\\\/\\\/schema.org\",\"@graph\":[{\"@type\":\"WebPage\",\"@id\":\"https:\\\/\\\/vetreality.erasmus.site\\\/fr\\\/o2\\\/day-3\\\/\",\"url\":\"https:\\\/\\\/vetreality.erasmus.site\\\/fr\\\/o2\\\/day-3\\\/\",\"name\":\"Jour 3: Utilisation de la r\u00e9alit\u00e9 virtuelle dans la formation professionnelle, notamment aupr\u00e8s des \u00e9l\u00e8ves \u00e0 BEP - VETReality\",\"isPartOf\":{\"@id\":\"https:\\\/\\\/vetreality.erasmus.site\\\/fr\\\/#website\"},\"primaryImageOfPage\":{\"@id\":\"https:\\\/\\\/vetreality.erasmus.site\\\/fr\\\/o2\\\/day-3\\\/#primaryimage\"},\"image\":{\"@id\":\"https:\\\/\\\/vetreality.erasmus.site\\\/o2\\\/day-3\\\/#primaryimage\"},\"thumbnailUrl\":\"https:\\\/\\\/vetreality.erasmus.site\\\/wp-content\\\/uploads\\\/2022\\\/10\\\/Checklist-for-Student-Suitability-for-use-of-VR-Hardware-001.png\",\"datePublished\":\"2022-10-30T17:58:55+00:00\",\"dateModified\":\"2022-12-22T10:44:15+00:00\",\"breadcrumb\":{\"@id\":\"https:\\\/\\\/vetreality.erasmus.site\\\/fr\\\/o2\\\/day-3\\\/#breadcrumb\"},\"inLanguage\":\"fr-FR\",\"potentialAction\":[{\"@type\":\"ReadAction\",\"target\":[[\"https:\\\/\\\/vetreality.erasmus.site\\\/fr\\\/o2\\\/day-3\\\/\"]]}]},{\"@type\":\"ImageObject\",\"inLanguage\":\"fr-FR\",\"@id\":\"https:\\\/\\\/vetreality.erasmus.site\\\/fr\\\/o2\\\/day-3\\\/#primaryimage\",\"url\":\"https:\\\/\\\/vetreality.erasmus.site\\\/wp-content\\\/uploads\\\/2022\\\/10\\\/Checklist-for-Student-Suitability-for-use-of-VR-Hardware-001.png\",\"contentUrl\":\"https:\\\/\\\/vetreality.erasmus.site\\\/wp-content\\\/uploads\\\/2022\\\/10\\\/Checklist-for-Student-Suitability-for-use-of-VR-Hardware-001.png\"},{\"@type\":\"BreadcrumbList\",\"@id\":\"https:\\\/\\\/vetreality.erasmus.site\\\/fr\\\/o2\\\/day-3\\\/#breadcrumb\",\"itemListElement\":[{\"@type\":\"ListItem\",\"position\":1,\"name\":\"Home\",\"item\":\"https:\\\/\\\/vetreality.erasmus.site\\\/fr\\\/\"},{\"@type\":\"ListItem\",\"position\":2,\"name\":\"Training programme\",\"item\":\"https:\\\/\\\/vetreality.erasmus.site\\\/fr\\\/o2\\\/\"},{\"@type\":\"ListItem\",\"position\":3,\"name\":\"Day 3: Use of Virtual Reality in Vocational Education and Training, in particular with SEN students\"}]},{\"@type\":\"WebSite\",\"@id\":\"https:\\\/\\\/vetreality.erasmus.site\\\/fr\\\/#website\",\"url\":\"https:\\\/\\\/vetreality.erasmus.site\\\/fr\\\/\",\"name\":\"VETReality\",\"description\":\"Project\",\"publisher\":{\"@id\":\"https:\\\/\\\/vetreality.erasmus.site\\\/fr\\\/#organization\"},\"potentialAction\":[{\"@type\":\"SearchAction\",\"target\":{\"@type\":\"EntryPoint\",\"urlTemplate\":\"https:\\\/\\\/vetreality.erasmus.site\\\/fr\\\/?s={search_term_string}\"},\"query-input\":{\"@type\":\"PropertyValueSpecification\",\"valueRequired\":true,\"valueName\":\"search_term_string\"}}],\"inLanguage\":\"fr-FR\"},{\"@type\":\"Organization\",\"@id\":\"https:\\\/\\\/vetreality.erasmus.site\\\/fr\\\/#organization\",\"name\":\"VETreality Project\",\"url\":\"https:\\\/\\\/vetreality.erasmus.site\\\/fr\\\/\",\"logo\":{\"@type\":\"ImageObject\",\"inLanguage\":\"fr-FR\",\"@id\":\"https:\\\/\\\/vetreality.erasmus.site\\\/fr\\\/#\\\/schema\\\/logo\\\/image\\\/\",\"url\":\"https:\\\/\\\/vetreality.erasmus.site\\\/wp-content\\\/uploads\\\/2021\\\/03\\\/cropped-cropped-Logo-Vetreality.jpg\",\"contentUrl\":\"https:\\\/\\\/vetreality.erasmus.site\\\/wp-content\\\/uploads\\\/2021\\\/03\\\/cropped-cropped-Logo-Vetreality.jpg\",\"width\":512,\"height\":512,\"caption\":\"VETreality Project\"},\"image\":{\"@id\":\"https:\\\/\\\/vetreality.erasmus.site\\\/fr\\\/#\\\/schema\\\/logo\\\/image\\\/\"},\"sameAs\":[\"https:\\\/\\\/www.facebook.com\\\/VETRealityEU\"]}]}<\/script>\n<!-- \/ Yoast SEO plugin. -->","yoast_head_json":{"title":"Jour 3: Utilisation de la r\u00e9alit\u00e9 virtuelle dans la formation professionnelle, notamment aupr\u00e8s des \u00e9l\u00e8ves \u00e0 BEP - VETReality","robots":{"index":"index","follow":"follow","max-snippet":"max-snippet:-1","max-image-preview":"max-image-preview:large","max-video-preview":"max-video-preview:-1"},"canonical":"https:\/\/vetreality.erasmus.site\/fr\/o2\/day-3\/","og_locale":"fr_FR","og_type":"article","og_title":"Jour 3: Utilisation de la r\u00e9alit\u00e9 virtuelle dans la formation professionnelle, notamment aupr\u00e8s des \u00e9l\u00e8ves \u00e0 BEP - VETReality","og_description":"T\u00e9l\u00e9charger Annexes 1 Annexes 2 Annexes 3 Annexes 4","og_url":"https:\/\/vetreality.erasmus.site\/fr\/o2\/day-3\/","og_site_name":"VETReality","article_publisher":"https:\/\/www.facebook.com\/VETRealityEU","article_modified_time":"2022-12-22T10:44:15+00:00","og_image":[{"url":"https:\/\/vetreality.erasmus.site\/wp-content\/uploads\/2022\/10\/Checklist-for-Student-Suitability-for-use-of-VR-Hardware-001.png","type":"","width":"","height":""}],"twitter_card":"summary_large_image","twitter_misc":{"Dur\u00e9e de lecture estim\u00e9e":"1 minute"},"schema":{"@context":"https:\/\/schema.org","@graph":[{"@type":"WebPage","@id":"https:\/\/vetreality.erasmus.site\/fr\/o2\/day-3\/","url":"https:\/\/vetreality.erasmus.site\/fr\/o2\/day-3\/","name":"Jour 3: Utilisation de la r\u00e9alit\u00e9 virtuelle dans la formation professionnelle, notamment aupr\u00e8s des \u00e9l\u00e8ves \u00e0 BEP - VETReality","isPartOf":{"@id":"https:\/\/vetreality.erasmus.site\/fr\/#website"},"primaryImageOfPage":{"@id":"https:\/\/vetreality.erasmus.site\/fr\/o2\/day-3\/#primaryimage"},"image":{"@id":"https:\/\/vetreality.erasmus.site\/o2\/day-3\/#primaryimage"},"thumbnailUrl":"https:\/\/vetreality.erasmus.site\/wp-content\/uploads\/2022\/10\/Checklist-for-Student-Suitability-for-use-of-VR-Hardware-001.png","datePublished":"2022-10-30T17:58:55+00:00","dateModified":"2022-12-22T10:44:15+00:00","breadcrumb":{"@id":"https:\/\/vetreality.erasmus.site\/fr\/o2\/day-3\/#breadcrumb"},"inLanguage":"fr-FR","potentialAction":[{"@type":"ReadAction","target":[["https:\/\/vetreality.erasmus.site\/fr\/o2\/day-3\/"]]}]},{"@type":"ImageObject","inLanguage":"fr-FR","@id":"https:\/\/vetreality.erasmus.site\/fr\/o2\/day-3\/#primaryimage","url":"https:\/\/vetreality.erasmus.site\/wp-content\/uploads\/2022\/10\/Checklist-for-Student-Suitability-for-use-of-VR-Hardware-001.png","contentUrl":"https:\/\/vetreality.erasmus.site\/wp-content\/uploads\/2022\/10\/Checklist-for-Student-Suitability-for-use-of-VR-Hardware-001.png"},{"@type":"BreadcrumbList","@id":"https:\/\/vetreality.erasmus.site\/fr\/o2\/day-3\/#breadcrumb","itemListElement":[{"@type":"ListItem","position":1,"name":"Home","item":"https:\/\/vetreality.erasmus.site\/fr\/"},{"@type":"ListItem","position":2,"name":"Training programme","item":"https:\/\/vetreality.erasmus.site\/fr\/o2\/"},{"@type":"ListItem","position":3,"name":"Day 3: Use of Virtual Reality in Vocational Education and Training, in particular with SEN students"}]},{"@type":"WebSite","@id":"https:\/\/vetreality.erasmus.site\/fr\/#website","url":"https:\/\/vetreality.erasmus.site\/fr\/","name":"VETReality","description":"Project","publisher":{"@id":"https:\/\/vetreality.erasmus.site\/fr\/#organization"},"potentialAction":[{"@type":"SearchAction","target":{"@type":"EntryPoint","urlTemplate":"https:\/\/vetreality.erasmus.site\/fr\/?s={search_term_string}"},"query-input":{"@type":"PropertyValueSpecification","valueRequired":true,"valueName":"search_term_string"}}],"inLanguage":"fr-FR"},{"@type":"Organization","@id":"https:\/\/vetreality.erasmus.site\/fr\/#organization","name":"VETreality Project","url":"https:\/\/vetreality.erasmus.site\/fr\/","logo":{"@type":"ImageObject","inLanguage":"fr-FR","@id":"https:\/\/vetreality.erasmus.site\/fr\/#\/schema\/logo\/image\/","url":"https:\/\/vetreality.erasmus.site\/wp-content\/uploads\/2021\/03\/cropped-cropped-Logo-Vetreality.jpg","contentUrl":"https:\/\/vetreality.erasmus.site\/wp-content\/uploads\/2021\/03\/cropped-cropped-Logo-Vetreality.jpg","width":512,"height":512,"caption":"VETreality Project"},"image":{"@id":"https:\/\/vetreality.erasmus.site\/fr\/#\/schema\/logo\/image\/"},"sameAs":["https:\/\/www.facebook.com\/VETRealityEU"]}]}},"_links":{"self":[{"href":"https:\/\/vetreality.erasmus.site\/fr\/wp-json\/wp\/v2\/pages\/699","targetHints":{"allow":["GET"]}}],"collection":[{"href":"https:\/\/vetreality.erasmus.site\/fr\/wp-json\/wp\/v2\/pages"}],"about":[{"href":"https:\/\/vetreality.erasmus.site\/fr\/wp-json\/wp\/v2\/types\/page"}],"author":[{"embeddable":true,"href":"https:\/\/vetreality.erasmus.site\/fr\/wp-json\/wp\/v2\/users\/1"}],"replies":[{"embeddable":true,"href":"https:\/\/vetreality.erasmus.site\/fr\/wp-json\/wp\/v2\/comments?post=699"}],"version-history":[{"count":7,"href":"https:\/\/vetreality.erasmus.site\/fr\/wp-json\/wp\/v2\/pages\/699\/revisions"}],"predecessor-version":[{"id":872,"href":"https:\/\/vetreality.erasmus.site\/fr\/wp-json\/wp\/v2\/pages\/699\/revisions\/872"}],"up":[{"embeddable":true,"href":"https:\/\/vetreality.erasmus.site\/fr\/wp-json\/wp\/v2\/pages\/196"}],"wp:attachment":[{"href":"https:\/\/vetreality.erasmus.site\/fr\/wp-json\/wp\/v2\/media?parent=699"}],"curies":[{"name":"wp","href":"https:\/\/api.w.org\/{rel}","templated":true}]}}