{"id":198,"date":"2021-03-20T13:22:42","date_gmt":"2021-03-20T13:22:42","guid":{"rendered":"https:\/\/vetreality.erasmus.site\/?page_id=198"},"modified":"2022-12-22T10:23:51","modified_gmt":"2022-12-22T10:23:51","slug":"o3","status":"publish","type":"page","link":"https:\/\/vetreality.erasmus.site\/fr\/o3\/","title":{"rendered":"Bo\u00eete \u00e0 outils Mobilit\u00e9"},"content":{"rendered":"<p>Les programmes de mobilit\u00e9 sont une chance \u00e0 saisir pour les \u00e9l\u00e8ves \u00e0 BEP dans la mesure o\u00f9 ils r\u00e9pondent \u00e0 leurs besoins en renfor\u00e7ant l\u2019estime de soi, l\u2019autonomie, les comp\u00e9tences transversales interpersonnelles, sociales et bien d\u2019autres qui sont tout aussi importantes que les comp\u00e9tences techniques pour mener \u00e0 bien un projet de vie personnel et professionnel. Cependant, les programmes de mobilit\u00e9 actuels ne sont pas pleinement adapt\u00e9s aux \u00e9l\u00e8ves \u00e0 BEP. Les \u00e9tablissements de formation professionnelle et les familles des jeunes qui les fr\u00e9quentent montrent souvent leur h\u00e9sitation et leurs craintes quand ils doivent d\u00e9cider \u00e0 les faire participer \u00e0 un projet de mobilit\u00e9, ce qui affecte leur niveau de participation (moins de 1% d\u2019apr\u00e8s le rapport d\u2019\u00e9valuation interm\u00e9diaire Erasmus+ 2018). Des donn\u00e9es compil\u00e9es par le Partenaire 2, Reattiva se basant sur le suivi, les indicateurs et l\u2019analyse d\u2019impact (de 57 projets de mobilit\u00e9s coordonn\u00e9s entre 2011 et 2019, environ 8000 apprenants de la formation pro initiale partis \u00e0 l\u2019\u00e9tranger, dont 325 \u00e9l\u00e8ves \u00e0 BEP) et par les partenaires du consortium et leurs r\u00e9seaux, montrent clairement qu\u2019il y a un besoin d\u2019offrir des connaissances et des comp\u00e9tences au groupe cible (les acteurs de la formation pro) pour faciliter l\u2019acc\u00e8s des \u00e9l\u00e8ves \u00e0 BEP \u00e0 la mobilit\u00e9.<\/p>\n<p>Les partenaires, s\u2019appuyant sur leur exp\u00e9rience de la mobilit\u00e9 et des applications de VR, r\u00e9pondront aux besoins d\u00e9crits ci-dessus en cr\u00e9ant une bo\u00eete \u00e0 outils mobilit\u00e9 en ligne, pour donner au groupe cible les comp\u00e9tences en mati\u00e8re d\u2019utilisation de la VR en tant que support d\u2019apprentissage immersif et interactif (en 3D-360\u00b0) visant \u00e0 promouvoir et \u00e0 faciliter la participation des \u00e9l\u00e8ves \u00e0 BEP aux mobilit\u00e9s.<\/p>\n<p>L\u2019outil 3 se base sur 6 s\u00e9quences d\u2019apprentissage en ligne correspondant aux 6 phases principales d\u2019une mobilit\u00e9 physique :<\/p>\n<p>1. Carte D\u00e9couverteUE : comment cr\u00e9er une image motivante de la mobilit\u00e9 et aider un \u00e9l\u00e8ve \u00e0 BEP \u00e0 s\u2019orienter et \u00e0 s\u2019int\u00e9grer dans le pays d\u2019accueil ;<br \/>\n2. Portfolio \u00e9lectronique : aider un \u00e9l\u00e8ve \u00e0 BEP en cr\u00e9ant, dessinant et g\u00e9rant un profil \u00e9lectronique personnel requis pour postuler \u00e0 un stage \u00e0 l\u2019\u00e9tranger ;<br \/>\n3. Ad\u00e9quation des comp\u00e9tences pour la mobilit\u00e9 : proposer \u00e0 un \u00e9l\u00e8ve \u00e0 BEP un programme de mobilit\u00e9 d\u2019apprentissage adapt\u00e9 bas\u00e9 sur ses comp\u00e9tences, qualifications, exp\u00e9riences et pr\u00e9f\u00e9rences \/ attentes ;<br \/>\n4. Entretien de mobilit\u00e9 : aider un \u00e9l\u00e8ve \u00e0 BEP \u00e0 pr\u00e9parer son entretien en vue d\u2019un stage, avec l\u2019entreprise s\u00e9lectionn\u00e9e ;<br \/>\n5. Sensibilisation \u00e0 la mobilit\u00e9 : aider un \u00e9l\u00e8ve \u00e0 BEP \u00e0 se familiariser avec l\u2019entreprise d\u2019accueil, les t\u00e2ches propos\u00e9es et les buts du stage ;<br \/>\n6. Mise en \u0153uvre de la mobilit\u00e9 : comment suivre et \u00e9valuer un \u00e9l\u00e8ve \u00e0 BEP parti en mobilit\u00e9.<\/p>\n<div class=\"row\">\n<div class=\"col-sm-12\" style=\"text-align: center;\"><a href=\"https:\/\/vetreality.erasmus.site\/wp-content\/uploads\/2022\/12\/IO3-VETreality-Mobility-ToolBox-FRENCH.pdf\" target=\"_blank\" rel=\"noopener noreferrer\"><br \/>\n<img fetchpriority=\"high\" decoding=\"async\" class=\"size-medium wp-image-117 aligncenter\" src=\"https:\/\/vetreality.erasmus.site\/wp-content\/uploads\/2022\/12\/IO3-VETreality-Mobility-ToolBox-ENGLISH-page-001.jpg\" alt=\"\" width=\"212\" height=\"300\" \/>Bo\u00eete \u00e0 outils Mobilit\u00e9 VETreality \u00e0 l\u2019intention des acteurs de la formation professionnelle<\/a><\/div>\n<\/div>\n<hr>\n<p><a href=\"https:\/\/play.google.com\/store\/apps\/details?id=eu.dcnet.vetreality\" target=\"_blank\" rel=\"noopener\"><img decoding=\"async\" class=\"wp-image-857 aligncenter\" src=\"https:\/\/vetreality.erasmus.site\/wp-content\/uploads\/2022\/12\/Google_Play-Badge-Logo.wine_-e1671703779967-300x91.png\" alt=\"\" width=\"300\" height=\"91\" srcset=\"https:\/\/vetreality.erasmus.site\/wp-content\/uploads\/2022\/12\/Google_Play-Badge-Logo.wine_-e1671703779967-300x91.png 300w, https:\/\/vetreality.erasmus.site\/wp-content\/uploads\/2022\/12\/Google_Play-Badge-Logo.wine_-e1671703779967-1024x310.png 1024w, https:\/\/vetreality.erasmus.site\/wp-content\/uploads\/2022\/12\/Google_Play-Badge-Logo.wine_-e1671703779967-768x233.png 768w, https:\/\/vetreality.erasmus.site\/wp-content\/uploads\/2022\/12\/Google_Play-Badge-Logo.wine_-e1671703779967-1536x465.png 1536w, https:\/\/vetreality.erasmus.site\/wp-content\/uploads\/2022\/12\/Google_Play-Badge-Logo.wine_-e1671703779967-2048x620.png 2048w, https:\/\/vetreality.erasmus.site\/wp-content\/uploads\/2022\/12\/Google_Play-Badge-Logo.wine_-e1671703779967-24x7.png 24w, https:\/\/vetreality.erasmus.site\/wp-content\/uploads\/2022\/12\/Google_Play-Badge-Logo.wine_-e1671703779967-36x11.png 36w, https:\/\/vetreality.erasmus.site\/wp-content\/uploads\/2022\/12\/Google_Play-Badge-Logo.wine_-e1671703779967-48x15.png 48w\" sizes=\"(max-width: 300px) 100vw, 300px\" \/><\/a><\/p>\n<p><a href=\"https:\/\/apps.apple.com\/app\/vetreality\/id1636655259\" target=\"_blank\" rel=\"noopener\"><img decoding=\"async\" class=\"wp-image-858 size-medium aligncenter\" src=\"https:\/\/vetreality.erasmus.site\/wp-content\/uploads\/2022\/12\/App_Store_iOS-Badge-Logo.wine_-e1671704368694-300x97.png\" alt=\"\" width=\"300\" height=\"97\" srcset=\"https:\/\/vetreality.erasmus.site\/wp-content\/uploads\/2022\/12\/App_Store_iOS-Badge-Logo.wine_-e1671704368694-300x97.png 300w, https:\/\/vetreality.erasmus.site\/wp-content\/uploads\/2022\/12\/App_Store_iOS-Badge-Logo.wine_-e1671704368694-1024x332.png 1024w, https:\/\/vetreality.erasmus.site\/wp-content\/uploads\/2022\/12\/App_Store_iOS-Badge-Logo.wine_-e1671704368694-768x249.png 768w, https:\/\/vetreality.erasmus.site\/wp-content\/uploads\/2022\/12\/App_Store_iOS-Badge-Logo.wine_-e1671704368694-1536x499.png 1536w, https:\/\/vetreality.erasmus.site\/wp-content\/uploads\/2022\/12\/App_Store_iOS-Badge-Logo.wine_-e1671704368694-2048x665.png 2048w, https:\/\/vetreality.erasmus.site\/wp-content\/uploads\/2022\/12\/App_Store_iOS-Badge-Logo.wine_-e1671704368694-24x8.png 24w, https:\/\/vetreality.erasmus.site\/wp-content\/uploads\/2022\/12\/App_Store_iOS-Badge-Logo.wine_-e1671704368694-36x12.png 36w, https:\/\/vetreality.erasmus.site\/wp-content\/uploads\/2022\/12\/App_Store_iOS-Badge-Logo.wine_-e1671704368694-48x16.png 48w\" sizes=\"(max-width: 300px) 100vw, 300px\" \/><\/a><\/p>","protected":false},"excerpt":{"rendered":"<p>Les programmes de mobilit\u00e9 sont une chance \u00e0 saisir pour les \u00e9l\u00e8ves \u00e0 BEP dans la mesure o\u00f9 ils r\u00e9pondent \u00e0 leurs besoins en renfor\u00e7ant l\u2019estime de soi, l\u2019autonomie, les comp\u00e9tences transversales interpersonnelles, sociales et bien d\u2019autres qui sont tout aussi importantes que les comp\u00e9tences techniques pour mener \u00e0 bien un projet de vie personnel&hellip;&nbsp;<a href=\"https:\/\/vetreality.erasmus.site\/fr\/o3\/\" rel=\"bookmark\">Lire la suite &raquo;<span class=\"screen-reader-text\">Bo\u00eete \u00e0 outils Mobilit\u00e9<\/span><\/a><\/p>\n","protected":false},"author":1,"featured_media":0,"parent":0,"menu_order":0,"comment_status":"closed","ping_status":"closed","template":"","meta":{"neve_meta_sidebar":"full-width","neve_meta_container":"","neve_meta_enable_content_width":"on","neve_meta_content_width":100,"neve_meta_title_alignment":"","neve_meta_author_avatar":"","neve_post_elements_order":"","neve_meta_disable_header":"","neve_meta_disable_footer":"","neve_meta_disable_title":"","footnotes":""},"class_list":["post-198","page","type-page","status-publish","hentry"],"yoast_head":"<!-- This site is optimized with the Yoast SEO plugin v27.3 - https:\/\/yoast.com\/product\/yoast-seo-wordpress\/ -->\n<title>Bo\u00eete \u00e0 outils Mobilit\u00e9 - VETReality<\/title>\n<meta name=\"robots\" content=\"index, follow, max-snippet:-1, max-image-preview:large, max-video-preview:-1\" \/>\n<link rel=\"canonical\" href=\"https:\/\/vetreality.erasmus.site\/fr\/o3\/\" \/>\n<meta property=\"og:locale\" content=\"fr_FR\" \/>\n<meta property=\"og:type\" content=\"article\" \/>\n<meta property=\"og:title\" content=\"Bo\u00eete \u00e0 outils Mobilit\u00e9 - VETReality\" \/>\n<meta property=\"og:description\" content=\"Les programmes de mobilit\u00e9 sont une chance \u00e0 saisir pour les \u00e9l\u00e8ves \u00e0 BEP dans la mesure o\u00f9 ils r\u00e9pondent \u00e0 leurs besoins en renfor\u00e7ant l\u2019estime de soi, l\u2019autonomie, les comp\u00e9tences transversales interpersonnelles, sociales et bien d\u2019autres qui sont tout aussi importantes que les comp\u00e9tences techniques pour mener \u00e0 bien un projet de vie personnel&hellip;&nbsp;Lire la suite &raquo;Bo\u00eete \u00e0 outils Mobilit\u00e9\" \/>\n<meta property=\"og:url\" content=\"https:\/\/vetreality.erasmus.site\/fr\/o3\/\" \/>\n<meta property=\"og:site_name\" content=\"VETReality\" \/>\n<meta property=\"article:publisher\" content=\"https:\/\/www.facebook.com\/VETRealityEU\" \/>\n<meta property=\"article:modified_time\" content=\"2022-12-22T10:23:51+00:00\" \/>\n<meta property=\"og:image\" content=\"https:\/\/vetreality.erasmus.site\/wp-content\/uploads\/2022\/12\/IO3-VETreality-Mobility-ToolBox-ENGLISH-page-001.jpg\" \/>\n<meta name=\"twitter:card\" content=\"summary_large_image\" \/>\n<meta name=\"twitter:label1\" content=\"Dur\u00e9e de lecture estim\u00e9e\" \/>\n\t<meta name=\"twitter:data1\" content=\"3 minutes\" \/>\n<script type=\"application\/ld+json\" class=\"yoast-schema-graph\">{\"@context\":\"https:\\\/\\\/schema.org\",\"@graph\":[{\"@type\":\"WebPage\",\"@id\":\"https:\\\/\\\/vetreality.erasmus.site\\\/fr\\\/o3\\\/\",\"url\":\"https:\\\/\\\/vetreality.erasmus.site\\\/fr\\\/o3\\\/\",\"name\":\"Bo\u00eete \u00e0 outils Mobilit\u00e9 - VETReality\",\"isPartOf\":{\"@id\":\"https:\\\/\\\/vetreality.erasmus.site\\\/fr\\\/#website\"},\"primaryImageOfPage\":{\"@id\":\"https:\\\/\\\/vetreality.erasmus.site\\\/fr\\\/o3\\\/#primaryimage\"},\"image\":{\"@id\":\"https:\\\/\\\/vetreality.erasmus.site\\\/o3\\\/#primaryimage\"},\"thumbnailUrl\":\"https:\\\/\\\/vetreality.erasmus.site\\\/wp-content\\\/uploads\\\/2022\\\/12\\\/IO3-VETreality-Mobility-ToolBox-ENGLISH-page-001.jpg\",\"datePublished\":\"2021-03-20T13:22:42+00:00\",\"dateModified\":\"2022-12-22T10:23:51+00:00\",\"breadcrumb\":{\"@id\":\"https:\\\/\\\/vetreality.erasmus.site\\\/fr\\\/o3\\\/#breadcrumb\"},\"inLanguage\":\"fr-FR\",\"potentialAction\":[{\"@type\":\"ReadAction\",\"target\":[[\"https:\\\/\\\/vetreality.erasmus.site\\\/fr\\\/o3\\\/\"]]}]},{\"@type\":\"ImageObject\",\"inLanguage\":\"fr-FR\",\"@id\":\"https:\\\/\\\/vetreality.erasmus.site\\\/fr\\\/o3\\\/#primaryimage\",\"url\":\"https:\\\/\\\/vetreality.erasmus.site\\\/wp-content\\\/uploads\\\/2022\\\/12\\\/IO3-VETreality-Mobility-ToolBox-ENGLISH-page-001.jpg\",\"contentUrl\":\"https:\\\/\\\/vetreality.erasmus.site\\\/wp-content\\\/uploads\\\/2022\\\/12\\\/IO3-VETreality-Mobility-ToolBox-ENGLISH-page-001.jpg\"},{\"@type\":\"BreadcrumbList\",\"@id\":\"https:\\\/\\\/vetreality.erasmus.site\\\/fr\\\/o3\\\/#breadcrumb\",\"itemListElement\":[{\"@type\":\"ListItem\",\"position\":1,\"name\":\"Home\",\"item\":\"https:\\\/\\\/vetreality.erasmus.site\\\/fr\\\/\"},{\"@type\":\"ListItem\",\"position\":2,\"name\":\"Mobility tool box\"}]},{\"@type\":\"WebSite\",\"@id\":\"https:\\\/\\\/vetreality.erasmus.site\\\/fr\\\/#website\",\"url\":\"https:\\\/\\\/vetreality.erasmus.site\\\/fr\\\/\",\"name\":\"VETReality\",\"description\":\"Project\",\"publisher\":{\"@id\":\"https:\\\/\\\/vetreality.erasmus.site\\\/fr\\\/#organization\"},\"potentialAction\":[{\"@type\":\"SearchAction\",\"target\":{\"@type\":\"EntryPoint\",\"urlTemplate\":\"https:\\\/\\\/vetreality.erasmus.site\\\/fr\\\/?s={search_term_string}\"},\"query-input\":{\"@type\":\"PropertyValueSpecification\",\"valueRequired\":true,\"valueName\":\"search_term_string\"}}],\"inLanguage\":\"fr-FR\"},{\"@type\":\"Organization\",\"@id\":\"https:\\\/\\\/vetreality.erasmus.site\\\/fr\\\/#organization\",\"name\":\"VETreality Project\",\"url\":\"https:\\\/\\\/vetreality.erasmus.site\\\/fr\\\/\",\"logo\":{\"@type\":\"ImageObject\",\"inLanguage\":\"fr-FR\",\"@id\":\"https:\\\/\\\/vetreality.erasmus.site\\\/fr\\\/#\\\/schema\\\/logo\\\/image\\\/\",\"url\":\"https:\\\/\\\/vetreality.erasmus.site\\\/wp-content\\\/uploads\\\/2021\\\/03\\\/cropped-cropped-Logo-Vetreality.jpg\",\"contentUrl\":\"https:\\\/\\\/vetreality.erasmus.site\\\/wp-content\\\/uploads\\\/2021\\\/03\\\/cropped-cropped-Logo-Vetreality.jpg\",\"width\":512,\"height\":512,\"caption\":\"VETreality Project\"},\"image\":{\"@id\":\"https:\\\/\\\/vetreality.erasmus.site\\\/fr\\\/#\\\/schema\\\/logo\\\/image\\\/\"},\"sameAs\":[\"https:\\\/\\\/www.facebook.com\\\/VETRealityEU\"]}]}<\/script>\n<!-- \/ Yoast SEO plugin. -->","yoast_head_json":{"title":"Bo\u00eete \u00e0 outils Mobilit\u00e9 - VETReality","robots":{"index":"index","follow":"follow","max-snippet":"max-snippet:-1","max-image-preview":"max-image-preview:large","max-video-preview":"max-video-preview:-1"},"canonical":"https:\/\/vetreality.erasmus.site\/fr\/o3\/","og_locale":"fr_FR","og_type":"article","og_title":"Bo\u00eete \u00e0 outils Mobilit\u00e9 - VETReality","og_description":"Les programmes de mobilit\u00e9 sont une chance \u00e0 saisir pour les \u00e9l\u00e8ves \u00e0 BEP dans la mesure o\u00f9 ils r\u00e9pondent \u00e0 leurs besoins en renfor\u00e7ant l\u2019estime de soi, l\u2019autonomie, les comp\u00e9tences transversales interpersonnelles, sociales et bien d\u2019autres qui sont tout aussi importantes que les comp\u00e9tences techniques pour mener \u00e0 bien un projet de vie personnel&hellip;&nbsp;Lire la suite &raquo;Bo\u00eete \u00e0 outils Mobilit\u00e9","og_url":"https:\/\/vetreality.erasmus.site\/fr\/o3\/","og_site_name":"VETReality","article_publisher":"https:\/\/www.facebook.com\/VETRealityEU","article_modified_time":"2022-12-22T10:23:51+00:00","og_image":[{"url":"https:\/\/vetreality.erasmus.site\/wp-content\/uploads\/2022\/12\/IO3-VETreality-Mobility-ToolBox-ENGLISH-page-001.jpg","type":"","width":"","height":""}],"twitter_card":"summary_large_image","twitter_misc":{"Dur\u00e9e de lecture estim\u00e9e":"3 minutes"},"schema":{"@context":"https:\/\/schema.org","@graph":[{"@type":"WebPage","@id":"https:\/\/vetreality.erasmus.site\/fr\/o3\/","url":"https:\/\/vetreality.erasmus.site\/fr\/o3\/","name":"Bo\u00eete \u00e0 outils Mobilit\u00e9 - VETReality","isPartOf":{"@id":"https:\/\/vetreality.erasmus.site\/fr\/#website"},"primaryImageOfPage":{"@id":"https:\/\/vetreality.erasmus.site\/fr\/o3\/#primaryimage"},"image":{"@id":"https:\/\/vetreality.erasmus.site\/o3\/#primaryimage"},"thumbnailUrl":"https:\/\/vetreality.erasmus.site\/wp-content\/uploads\/2022\/12\/IO3-VETreality-Mobility-ToolBox-ENGLISH-page-001.jpg","datePublished":"2021-03-20T13:22:42+00:00","dateModified":"2022-12-22T10:23:51+00:00","breadcrumb":{"@id":"https:\/\/vetreality.erasmus.site\/fr\/o3\/#breadcrumb"},"inLanguage":"fr-FR","potentialAction":[{"@type":"ReadAction","target":[["https:\/\/vetreality.erasmus.site\/fr\/o3\/"]]}]},{"@type":"ImageObject","inLanguage":"fr-FR","@id":"https:\/\/vetreality.erasmus.site\/fr\/o3\/#primaryimage","url":"https:\/\/vetreality.erasmus.site\/wp-content\/uploads\/2022\/12\/IO3-VETreality-Mobility-ToolBox-ENGLISH-page-001.jpg","contentUrl":"https:\/\/vetreality.erasmus.site\/wp-content\/uploads\/2022\/12\/IO3-VETreality-Mobility-ToolBox-ENGLISH-page-001.jpg"},{"@type":"BreadcrumbList","@id":"https:\/\/vetreality.erasmus.site\/fr\/o3\/#breadcrumb","itemListElement":[{"@type":"ListItem","position":1,"name":"Home","item":"https:\/\/vetreality.erasmus.site\/fr\/"},{"@type":"ListItem","position":2,"name":"Mobility tool box"}]},{"@type":"WebSite","@id":"https:\/\/vetreality.erasmus.site\/fr\/#website","url":"https:\/\/vetreality.erasmus.site\/fr\/","name":"VETReality","description":"Project","publisher":{"@id":"https:\/\/vetreality.erasmus.site\/fr\/#organization"},"potentialAction":[{"@type":"SearchAction","target":{"@type":"EntryPoint","urlTemplate":"https:\/\/vetreality.erasmus.site\/fr\/?s={search_term_string}"},"query-input":{"@type":"PropertyValueSpecification","valueRequired":true,"valueName":"search_term_string"}}],"inLanguage":"fr-FR"},{"@type":"Organization","@id":"https:\/\/vetreality.erasmus.site\/fr\/#organization","name":"VETreality Project","url":"https:\/\/vetreality.erasmus.site\/fr\/","logo":{"@type":"ImageObject","inLanguage":"fr-FR","@id":"https:\/\/vetreality.erasmus.site\/fr\/#\/schema\/logo\/image\/","url":"https:\/\/vetreality.erasmus.site\/wp-content\/uploads\/2021\/03\/cropped-cropped-Logo-Vetreality.jpg","contentUrl":"https:\/\/vetreality.erasmus.site\/wp-content\/uploads\/2021\/03\/cropped-cropped-Logo-Vetreality.jpg","width":512,"height":512,"caption":"VETreality Project"},"image":{"@id":"https:\/\/vetreality.erasmus.site\/fr\/#\/schema\/logo\/image\/"},"sameAs":["https:\/\/www.facebook.com\/VETRealityEU"]}]}},"_links":{"self":[{"href":"https:\/\/vetreality.erasmus.site\/fr\/wp-json\/wp\/v2\/pages\/198","targetHints":{"allow":["GET"]}}],"collection":[{"href":"https:\/\/vetreality.erasmus.site\/fr\/wp-json\/wp\/v2\/pages"}],"about":[{"href":"https:\/\/vetreality.erasmus.site\/fr\/wp-json\/wp\/v2\/types\/page"}],"author":[{"embeddable":true,"href":"https:\/\/vetreality.erasmus.site\/fr\/wp-json\/wp\/v2\/users\/1"}],"replies":[{"embeddable":true,"href":"https:\/\/vetreality.erasmus.site\/fr\/wp-json\/wp\/v2\/comments?post=198"}],"version-history":[{"count":14,"href":"https:\/\/vetreality.erasmus.site\/fr\/wp-json\/wp\/v2\/pages\/198\/revisions"}],"predecessor-version":[{"id":863,"href":"https:\/\/vetreality.erasmus.site\/fr\/wp-json\/wp\/v2\/pages\/198\/revisions\/863"}],"wp:attachment":[{"href":"https:\/\/vetreality.erasmus.site\/fr\/wp-json\/wp\/v2\/media?parent=198"}],"curies":[{"name":"wp","href":"https:\/\/api.w.org\/{rel}","templated":true}]}}