{"id":194,"date":"2021-03-20T13:19:27","date_gmt":"2021-03-20T13:19:27","guid":{"rendered":"https:\/\/vetreality.erasmus.site\/?page_id=194"},"modified":"2022-12-05T08:47:20","modified_gmt":"2022-12-05T08:47:20","slug":"o1","status":"publish","type":"page","link":"https:\/\/vetreality.erasmus.site\/fr\/o1\/","title":{"rendered":"Recueil \u00e9lectronique"},"content":{"rendered":"<p>Cet outil apporte une r\u00e9ponse aux besoins suivants :<\/p>\n<p>1 ) Enqu\u00eater, au niveau empirique, sur les comp\u00e9tences cl\u00e9s en mati\u00e8re de VR n\u00e9cessaires et requises par le groupe cible, les enseignants et des formateurs de la formation professionnelle, afin de promouvoir des processus d&rsquo;apprentissage interactifs des \u00e9l\u00e8ves \u00e0 BEP dans la formation professionnelle initiale. Le but est de faciliter leur acc\u00e8s \u00e0 une exp\u00e9rience de stage, dans leur pays ou \u00e0 l\u2019international en participant \u00e0 un projet de mobilit\u00e9. Ce recueil r\u00e9sumera les demandes, les attentes et les recommandations des parties prenantes et des experts en la mati\u00e8re.<\/p>\n<p>En utilisant une m\u00e9thodologie commune, la recherche empirique sera mise en \u0153uvre par le biais :<\/p>\n<p>1 . d\u2019un groupe de r\u00e9flexion de 4h men\u00e9 par chaque organisation partenaire, auquel participeront au moins 10 enseignants et formateurs de la formation professionnelle (soit 70 au niveau europ\u00e9en)<br \/>\n2. d\u2019un autre groupe de r\u00e9flexion de 4h par organisation partenaire auquel participeront au moins 5 usagers et 3 experts (56 au niveau europ\u00e9en)<\/p>\n<p>2 ) Mener une recherche documentaire sur les mat\u00e9riels de RV disponibles et proposer, sur les applications de VR existantes, celles qui sont les plus pertinentes pour travailler avec des \u00e9l\u00e8ves \u00e0 BEP sur leur acc\u00e8s aux stages. Cette recherche documentaire aura un impact important sur tout le d\u00e9veloppement du projet :<\/p>\n<p>1. elle permettra pour la premi\u00e8re fois d\u2019avoir un aper\u00e7u global de l&rsquo;\u00e9tat de l&rsquo;art de l\u2019avanc\u00e9e de la VR, de ses implications et de son potentiel d&rsquo;int\u00e9gration dans la formation professionnelle initiale, favorisant les processus d&rsquo;apprentissage interactifs des \u00e9l\u00e8ves \u00e0 BEP qui en font partie;<br \/>\n2. les analyses des applications logicielles de VR permettront d&rsquo;identifier celles qui sont les plus adapt\u00e9es pour faciliter l&rsquo;acc\u00e8s des \u00e9l\u00e8ves \u00e0 BEP aux exp\u00e9riences de stage ;<br \/>\n3. sur la base des r\u00e9sultats, les partenaires d\u00e9cideront quelles applications de VR sont les mieux adapt\u00e9es aux objectifs du projet, et seront int\u00e9gr\u00e9es dans le programme de formation VETREALITY (outil 2)<\/p>\n<p>Le recueil \u00e9lectronique VETREALITY pour les acteurs de la formation professionnelle rassemblera toutes ces informations et cons\u00e9quences p\u00e9dagogiques.<\/p>\n<p>L&rsquo;\u00e9l\u00e9ment central du Recueil sera la compilation d&rsquo;au moins 20 applications logicielles de VR en open source s\u00e9lectionn\u00e9es comme utilisables en cours par les enseignants et formateurs de la formation professionnelle. Elles seront int\u00e9gralement analys\u00e9es et test\u00e9es par les partenaires et pour chacune d&rsquo;entre elles, un profil d&rsquo;une page sera compil\u00e9 avec les informations suivantes :<\/p>\n<p>\u2022 Information cl\u00e9 sur l\u2019application de VR ;<br \/>\n\u2022 Description du contenu p\u00e9dagogique fourni ;<br \/>\n\u2022 Description du processus d\u2019apprentissage facilit\u00e9 par cette appli ;<br \/>\n\u2022 Analyse SWAT de l\u2019application en termes de facilit\u00e9 d\u2019utilisation, d\u2019orientation p\u00e9dagogique et de possibilit\u00e9 de l\u2019appliquer en cours avec des \u00e9l\u00e8ves \u00e0 BEP dans le cadre de l\u2019acc\u00e8s \u00e0 un stage ;<br \/>\n\u2022 Recommandations sur la mani\u00e8re d\u2019utiliser au mieux la VR pour faciliter l\u2019acc\u00e8s des \u00e9l\u00e8ves \u00e0 BEP \u00e0 une exp\u00e9rience de stage.<\/p>\n\r\n<!--change the width and height value as you want.--> \r\n<!-- Do change \"index.htm\" to your real html name of the flippingbook--> \r\n<iframe  style=\"width:100%;height:450px\"  src=\"https:\/\/vetreality.erasmus.site\/wp-content\/uploads\/flipbook\/2\/book.html\"  seamless=\"seamless\" scrolling=\"no\" frameborder=\"0\" allowtransparency=\"true\" allowfullscreen mozallowfullscreen  webkitallowfullscreen ><\/iframe>\r\n\n<p style=\"text-align: center;\"><a href=\"https:\/\/vetreality.erasmus.site\/wp-content\/uploads\/2021\/12\/VETREALITY_IO1_E-COMPENDIUM_fra.pdf\" target=\"_blank\" rel=\"noopener\">Download e-Compedium<\/a><\/p>\n<p><\/p>","protected":false},"excerpt":{"rendered":"<p>Cet outil apporte une r\u00e9ponse aux besoins suivants : 1 ) Enqu\u00eater, au niveau empirique, sur les comp\u00e9tences cl\u00e9s en mati\u00e8re de VR n\u00e9cessaires et requises par le groupe cible, les enseignants et des formateurs de la formation professionnelle, afin de promouvoir des processus d&rsquo;apprentissage interactifs des \u00e9l\u00e8ves \u00e0 BEP dans la formation professionnelle initiale.&hellip;&nbsp;<a href=\"https:\/\/vetreality.erasmus.site\/fr\/o1\/\" rel=\"bookmark\">Lire la suite &raquo;<span class=\"screen-reader-text\">Recueil \u00e9lectronique<\/span><\/a><\/p>\n","protected":false},"author":1,"featured_media":0,"parent":0,"menu_order":0,"comment_status":"closed","ping_status":"closed","template":"","meta":{"neve_meta_sidebar":"full-width","neve_meta_container":"","neve_meta_enable_content_width":"on","neve_meta_content_width":100,"neve_meta_title_alignment":"","neve_meta_author_avatar":"","neve_post_elements_order":"","neve_meta_disable_header":"","neve_meta_disable_footer":"","neve_meta_disable_title":"","footnotes":""},"class_list":["post-194","page","type-page","status-publish","hentry"],"yoast_head":"<!-- This site is optimized with the Yoast SEO plugin v27.3 - https:\/\/yoast.com\/product\/yoast-seo-wordpress\/ -->\n<title>Recueil \u00e9lectronique - VETReality<\/title>\n<meta name=\"robots\" content=\"index, follow, max-snippet:-1, max-image-preview:large, max-video-preview:-1\" \/>\n<link rel=\"canonical\" href=\"https:\/\/vetreality.erasmus.site\/fr\/o1\/\" \/>\n<meta property=\"og:locale\" content=\"fr_FR\" \/>\n<meta property=\"og:type\" content=\"article\" \/>\n<meta property=\"og:title\" content=\"Recueil \u00e9lectronique - VETReality\" \/>\n<meta property=\"og:description\" content=\"Cet outil apporte une r\u00e9ponse aux besoins suivants : 1 ) Enqu\u00eater, au niveau empirique, sur les comp\u00e9tences cl\u00e9s en mati\u00e8re de VR n\u00e9cessaires et requises par le groupe cible, les enseignants et des formateurs de la formation professionnelle, afin de promouvoir des processus d&rsquo;apprentissage interactifs des \u00e9l\u00e8ves \u00e0 BEP dans la formation professionnelle initiale.&hellip;&nbsp;Lire la suite &raquo;Recueil \u00e9lectronique\" \/>\n<meta property=\"og:url\" content=\"https:\/\/vetreality.erasmus.site\/fr\/o1\/\" \/>\n<meta property=\"og:site_name\" content=\"VETReality\" \/>\n<meta property=\"article:publisher\" content=\"https:\/\/www.facebook.com\/VETRealityEU\" \/>\n<meta property=\"article:modified_time\" content=\"2022-12-05T08:47:20+00:00\" \/>\n<meta name=\"twitter:card\" content=\"summary_large_image\" \/>\n<meta name=\"twitter:label1\" content=\"Dur\u00e9e de lecture estim\u00e9e\" \/>\n\t<meta name=\"twitter:data1\" content=\"2 minutes\" \/>\n<script type=\"application\/ld+json\" class=\"yoast-schema-graph\">{\"@context\":\"https:\\\/\\\/schema.org\",\"@graph\":[{\"@type\":\"WebPage\",\"@id\":\"https:\\\/\\\/vetreality.erasmus.site\\\/fr\\\/o1\\\/\",\"url\":\"https:\\\/\\\/vetreality.erasmus.site\\\/fr\\\/o1\\\/\",\"name\":\"Recueil \u00e9lectronique - VETReality\",\"isPartOf\":{\"@id\":\"https:\\\/\\\/vetreality.erasmus.site\\\/fr\\\/#website\"},\"datePublished\":\"2021-03-20T13:19:27+00:00\",\"dateModified\":\"2022-12-05T08:47:20+00:00\",\"breadcrumb\":{\"@id\":\"https:\\\/\\\/vetreality.erasmus.site\\\/fr\\\/o1\\\/#breadcrumb\"},\"inLanguage\":\"fr-FR\",\"potentialAction\":[{\"@type\":\"ReadAction\",\"target\":[[\"https:\\\/\\\/vetreality.erasmus.site\\\/fr\\\/o1\\\/\"]]}]},{\"@type\":\"BreadcrumbList\",\"@id\":\"https:\\\/\\\/vetreality.erasmus.site\\\/fr\\\/o1\\\/#breadcrumb\",\"itemListElement\":[{\"@type\":\"ListItem\",\"position\":1,\"name\":\"Home\",\"item\":\"https:\\\/\\\/vetreality.erasmus.site\\\/fr\\\/\"},{\"@type\":\"ListItem\",\"position\":2,\"name\":\"e-Compendium\"}]},{\"@type\":\"WebSite\",\"@id\":\"https:\\\/\\\/vetreality.erasmus.site\\\/fr\\\/#website\",\"url\":\"https:\\\/\\\/vetreality.erasmus.site\\\/fr\\\/\",\"name\":\"VETReality\",\"description\":\"Project\",\"publisher\":{\"@id\":\"https:\\\/\\\/vetreality.erasmus.site\\\/fr\\\/#organization\"},\"potentialAction\":[{\"@type\":\"SearchAction\",\"target\":{\"@type\":\"EntryPoint\",\"urlTemplate\":\"https:\\\/\\\/vetreality.erasmus.site\\\/fr\\\/?s={search_term_string}\"},\"query-input\":{\"@type\":\"PropertyValueSpecification\",\"valueRequired\":true,\"valueName\":\"search_term_string\"}}],\"inLanguage\":\"fr-FR\"},{\"@type\":\"Organization\",\"@id\":\"https:\\\/\\\/vetreality.erasmus.site\\\/fr\\\/#organization\",\"name\":\"VETreality Project\",\"url\":\"https:\\\/\\\/vetreality.erasmus.site\\\/fr\\\/\",\"logo\":{\"@type\":\"ImageObject\",\"inLanguage\":\"fr-FR\",\"@id\":\"https:\\\/\\\/vetreality.erasmus.site\\\/fr\\\/#\\\/schema\\\/logo\\\/image\\\/\",\"url\":\"https:\\\/\\\/vetreality.erasmus.site\\\/wp-content\\\/uploads\\\/2021\\\/03\\\/cropped-cropped-Logo-Vetreality.jpg\",\"contentUrl\":\"https:\\\/\\\/vetreality.erasmus.site\\\/wp-content\\\/uploads\\\/2021\\\/03\\\/cropped-cropped-Logo-Vetreality.jpg\",\"width\":512,\"height\":512,\"caption\":\"VETreality Project\"},\"image\":{\"@id\":\"https:\\\/\\\/vetreality.erasmus.site\\\/fr\\\/#\\\/schema\\\/logo\\\/image\\\/\"},\"sameAs\":[\"https:\\\/\\\/www.facebook.com\\\/VETRealityEU\"]}]}<\/script>\n<!-- \/ Yoast SEO plugin. -->","yoast_head_json":{"title":"Recueil \u00e9lectronique - VETReality","robots":{"index":"index","follow":"follow","max-snippet":"max-snippet:-1","max-image-preview":"max-image-preview:large","max-video-preview":"max-video-preview:-1"},"canonical":"https:\/\/vetreality.erasmus.site\/fr\/o1\/","og_locale":"fr_FR","og_type":"article","og_title":"Recueil \u00e9lectronique - VETReality","og_description":"Cet outil apporte une r\u00e9ponse aux besoins suivants : 1 ) Enqu\u00eater, au niveau empirique, sur les comp\u00e9tences cl\u00e9s en mati\u00e8re de VR n\u00e9cessaires et requises par le groupe cible, les enseignants et des formateurs de la formation professionnelle, afin de promouvoir des processus d&rsquo;apprentissage interactifs des \u00e9l\u00e8ves \u00e0 BEP dans la formation professionnelle initiale.&hellip;&nbsp;Lire la suite &raquo;Recueil \u00e9lectronique","og_url":"https:\/\/vetreality.erasmus.site\/fr\/o1\/","og_site_name":"VETReality","article_publisher":"https:\/\/www.facebook.com\/VETRealityEU","article_modified_time":"2022-12-05T08:47:20+00:00","twitter_card":"summary_large_image","twitter_misc":{"Dur\u00e9e de lecture estim\u00e9e":"2 minutes"},"schema":{"@context":"https:\/\/schema.org","@graph":[{"@type":"WebPage","@id":"https:\/\/vetreality.erasmus.site\/fr\/o1\/","url":"https:\/\/vetreality.erasmus.site\/fr\/o1\/","name":"Recueil \u00e9lectronique - VETReality","isPartOf":{"@id":"https:\/\/vetreality.erasmus.site\/fr\/#website"},"datePublished":"2021-03-20T13:19:27+00:00","dateModified":"2022-12-05T08:47:20+00:00","breadcrumb":{"@id":"https:\/\/vetreality.erasmus.site\/fr\/o1\/#breadcrumb"},"inLanguage":"fr-FR","potentialAction":[{"@type":"ReadAction","target":[["https:\/\/vetreality.erasmus.site\/fr\/o1\/"]]}]},{"@type":"BreadcrumbList","@id":"https:\/\/vetreality.erasmus.site\/fr\/o1\/#breadcrumb","itemListElement":[{"@type":"ListItem","position":1,"name":"Home","item":"https:\/\/vetreality.erasmus.site\/fr\/"},{"@type":"ListItem","position":2,"name":"e-Compendium"}]},{"@type":"WebSite","@id":"https:\/\/vetreality.erasmus.site\/fr\/#website","url":"https:\/\/vetreality.erasmus.site\/fr\/","name":"VETReality","description":"Project","publisher":{"@id":"https:\/\/vetreality.erasmus.site\/fr\/#organization"},"potentialAction":[{"@type":"SearchAction","target":{"@type":"EntryPoint","urlTemplate":"https:\/\/vetreality.erasmus.site\/fr\/?s={search_term_string}"},"query-input":{"@type":"PropertyValueSpecification","valueRequired":true,"valueName":"search_term_string"}}],"inLanguage":"fr-FR"},{"@type":"Organization","@id":"https:\/\/vetreality.erasmus.site\/fr\/#organization","name":"VETreality Project","url":"https:\/\/vetreality.erasmus.site\/fr\/","logo":{"@type":"ImageObject","inLanguage":"fr-FR","@id":"https:\/\/vetreality.erasmus.site\/fr\/#\/schema\/logo\/image\/","url":"https:\/\/vetreality.erasmus.site\/wp-content\/uploads\/2021\/03\/cropped-cropped-Logo-Vetreality.jpg","contentUrl":"https:\/\/vetreality.erasmus.site\/wp-content\/uploads\/2021\/03\/cropped-cropped-Logo-Vetreality.jpg","width":512,"height":512,"caption":"VETreality Project"},"image":{"@id":"https:\/\/vetreality.erasmus.site\/fr\/#\/schema\/logo\/image\/"},"sameAs":["https:\/\/www.facebook.com\/VETRealityEU"]}]}},"_links":{"self":[{"href":"https:\/\/vetreality.erasmus.site\/fr\/wp-json\/wp\/v2\/pages\/194","targetHints":{"allow":["GET"]}}],"collection":[{"href":"https:\/\/vetreality.erasmus.site\/fr\/wp-json\/wp\/v2\/pages"}],"about":[{"href":"https:\/\/vetreality.erasmus.site\/fr\/wp-json\/wp\/v2\/types\/page"}],"author":[{"embeddable":true,"href":"https:\/\/vetreality.erasmus.site\/fr\/wp-json\/wp\/v2\/users\/1"}],"replies":[{"embeddable":true,"href":"https:\/\/vetreality.erasmus.site\/fr\/wp-json\/wp\/v2\/comments?post=194"}],"version-history":[{"count":16,"href":"https:\/\/vetreality.erasmus.site\/fr\/wp-json\/wp\/v2\/pages\/194\/revisions"}],"predecessor-version":[{"id":787,"href":"https:\/\/vetreality.erasmus.site\/fr\/wp-json\/wp\/v2\/pages\/194\/revisions\/787"}],"wp:attachment":[{"href":"https:\/\/vetreality.erasmus.site\/fr\/wp-json\/wp\/v2\/media?parent=194"}],"curies":[{"name":"wp","href":"https:\/\/api.w.org\/{rel}","templated":true}]}}