{"id":149,"date":"2021-03-20T10:25:03","date_gmt":"2021-03-20T10:25:03","guid":{"rendered":"https:\/\/vetreality.erasmus.site\/?page_id=149"},"modified":"2021-12-04T09:00:57","modified_gmt":"2021-12-04T09:00:57","slug":"about","status":"publish","type":"page","link":"https:\/\/vetreality.erasmus.site\/fr\/about\/","title":{"rendered":"Le projet"},"content":{"rendered":"\t\t<div data-elementor-type=\"wp-page\" data-elementor-id=\"149\" class=\"elementor elementor-149\">\n\t\t\t\t\t\t<section class=\"elementor-section elementor-top-section elementor-element elementor-element-9419ce8 elementor-section-boxed elementor-section-height-default elementor-section-height-default elementor-invisible\" data-id=\"9419ce8\" data-element_type=\"section\" data-e-type=\"section\" data-settings=\"{&quot;animation&quot;:&quot;zoomIn&quot;}\">\n\t\t\t\t\t\t<div class=\"elementor-container elementor-column-gap-default\">\n\t\t\t\t\t<div class=\"elementor-column elementor-col-50 elementor-top-column elementor-element elementor-element-0d541b9\" data-id=\"0d541b9\" data-element_type=\"column\" data-e-type=\"column\">\n\t\t\t<div class=\"elementor-widget-wrap elementor-element-populated\">\n\t\t\t\t\t\t<div class=\"elementor-element elementor-element-1357a92 elementor-widget elementor-widget-spacer\" data-id=\"1357a92\" data-element_type=\"widget\" data-e-type=\"widget\" data-widget_type=\"spacer.default\">\n\t\t\t\t<div class=\"elementor-widget-container\">\n\t\t\t\t\t\t\t<div class=\"elementor-spacer\">\n\t\t\t<div class=\"elementor-spacer-inner\"><\/div>\n\t\t<\/div>\n\t\t\t\t\t\t<\/div>\n\t\t\t\t<\/div>\n\t\t\t\t<div class=\"elementor-element elementor-element-f146683 elementor-widget elementor-widget-image\" data-id=\"f146683\" data-element_type=\"widget\" data-e-type=\"widget\" data-widget_type=\"image.default\">\n\t\t\t\t<div class=\"elementor-widget-container\">\n\t\t\t\t\t\t\t\t\t\t\t\t\t\t\t<img fetchpriority=\"high\" decoding=\"async\" width=\"1024\" height=\"576\" src=\"https:\/\/vetreality.erasmus.site\/wp-content\/uploads\/2021\/03\/18438817-1024x576.jpg\" class=\"attachment-large size-large wp-image-152\" alt=\"\" srcset=\"https:\/\/vetreality.erasmus.site\/wp-content\/uploads\/2021\/03\/18438817-1024x576.jpg 1024w, https:\/\/vetreality.erasmus.site\/wp-content\/uploads\/2021\/03\/18438817-300x169.jpg 300w, https:\/\/vetreality.erasmus.site\/wp-content\/uploads\/2021\/03\/18438817-768x432.jpg 768w, https:\/\/vetreality.erasmus.site\/wp-content\/uploads\/2021\/03\/18438817-1536x863.jpg 1536w, https:\/\/vetreality.erasmus.site\/wp-content\/uploads\/2021\/03\/18438817-2048x1151.jpg 2048w\" sizes=\"(max-width: 1024px) 100vw, 1024px\" \/>\t\t\t\t\t\t\t\t\t\t\t\t\t\t\t<\/div>\n\t\t\t\t<\/div>\n\t\t\t\t\t<\/div>\n\t\t<\/div>\n\t\t\t\t<div class=\"elementor-column elementor-col-50 elementor-top-column elementor-element elementor-element-37e9b55\" data-id=\"37e9b55\" data-element_type=\"column\" data-e-type=\"column\">\n\t\t\t<div class=\"elementor-widget-wrap elementor-element-populated\">\n\t\t\t\t\t\t<div class=\"elementor-element elementor-element-2ebf5d5 elementor-widget elementor-widget-text-editor\" data-id=\"2ebf5d5\" data-element_type=\"widget\" data-e-type=\"widget\" data-widget_type=\"text-editor.default\">\n\t\t\t\t<div class=\"elementor-widget-container\">\n\t\t\t\t\t\t\t\t\t<p><\/p><p>La formation continue des enseignants et formateurs pour am\u00e9liorer l\u2019inclusion a \u00e9t\u00e9 identifi\u00e9e par l\u2019UE comme une priorit\u00e9 politique majeure dans la Recommandation du Conseil de l\u2019Europe relative \u00e0 la promotion de valeurs communes et \u00e0 l\u2019\u00e9ducation inclusive (EC Com2018\/23), par le comit\u00e9 des Nations unies sur les droits des personnes handicap\u00e9es (Rapport de 2016 sur le droit \u00e0 l\u2019\u00e9ducation incusive), et par le programme d\u2019action 2030 des Nations unies pour le d\u00e9veloppent durable (Objectifs n\u00b04 et 8). De plus, le rapport de la Commission Europ\u00e9enne de 2018 \u00ab\u00a0L\u2019\u00e9ducation et les BEP\u00a0: politiques et pratiques li\u00e9es \u00e0 la scolarisation, \u00e0 la formation et \u00e0 l\u2019emploi des \u00e9l\u00e8ves \u00e0 BEP dans l\u2019UE\u00a0\u00bb confirme que pour int\u00e9grer les \u00e9l\u00e8ves \u00e0 BEP (besoins \u00e9ducatifs particuliers) dans l\u2019enseignement et la formation, il y a un besoin fort de pr\u00e9parer les enseignants et formateurs \u00e0 l\u2019utilisation d\u2019outils num\u00e9riques et innovants tels que les environnements d\u2019apprentissage virtuels. Dans ce but, l\u2019utilisation de la r\u00e9alit\u00e9 virtuelle (VR) est consid\u00e9r\u00e9e comme n\u00e9cessaire et b\u00e9n\u00e9fique pour les \u00e9l\u00e8ves \u00e0 BEP en formation professionnelle initiale, tout particuli\u00e8rement pour faciliter leur acc\u00e8s \u00e0 une exp\u00e9rience de stage, dans leur pays ou \u00e0 l\u2019international en participant \u00e0 un projet de mobilit\u00e9.<\/p><p>Le projet VETREALITY constitue une r\u00e9ponse aux besoins susmentionn\u00e9s. Il apportera au groupe cible (les acteurs de la formation professionnelle) les comp\u00e9tences num\u00e9riques n\u00e9cessaires pour r\u00e9pondre \u00e0 ce changement innovant dans les processus d\u2019apprentissage des \u00e9l\u00e8ves \u00e0 BEP<\/p><p><\/p><p><\/p>\t\t\t\t\t\t\t\t<\/div>\n\t\t\t\t<\/div>\n\t\t\t\t\t<\/div>\n\t\t<\/div>\n\t\t\t\t\t<\/div>\n\t\t<\/section>\n\t\t\t\t<\/div>\n\t\t","protected":false},"excerpt":{"rendered":"<p>La formation continue des enseignants et formateurs pour am\u00e9liorer l\u2019inclusion a \u00e9t\u00e9 identifi\u00e9e par l\u2019UE comme une priorit\u00e9 politique majeure dans la Recommandation du Conseil de l\u2019Europe relative \u00e0 la promotion de valeurs communes et \u00e0 l\u2019\u00e9ducation inclusive (EC Com2018\/23), par le comit\u00e9 des Nations unies sur les droits des personnes handicap\u00e9es (Rapport de 2016&hellip;&nbsp;<a href=\"https:\/\/vetreality.erasmus.site\/fr\/about\/\" rel=\"bookmark\">Lire la suite &raquo;<span class=\"screen-reader-text\">Le projet<\/span><\/a><\/p>\n","protected":false},"author":1,"featured_media":0,"parent":0,"menu_order":0,"comment_status":"closed","ping_status":"closed","template":"page-templates\/template-pagebuilder-full-width.php","meta":{"neve_meta_sidebar":"full-width","neve_meta_container":"","neve_meta_enable_content_width":"on","neve_meta_content_width":100,"neve_meta_title_alignment":"","neve_meta_author_avatar":"","neve_post_elements_order":"","neve_meta_disable_header":"","neve_meta_disable_footer":"","neve_meta_disable_title":"","footnotes":""},"class_list":["post-149","page","type-page","status-publish","hentry"],"yoast_head":"<!-- This site is optimized with the Yoast SEO plugin v27.3 - https:\/\/yoast.com\/product\/yoast-seo-wordpress\/ -->\n<title>Le projet - VETReality<\/title>\n<meta name=\"robots\" content=\"index, follow, max-snippet:-1, max-image-preview:large, max-video-preview:-1\" \/>\n<link rel=\"canonical\" href=\"https:\/\/vetreality.erasmus.site\/fr\/about\/\" \/>\n<meta property=\"og:locale\" content=\"fr_FR\" \/>\n<meta property=\"og:type\" content=\"article\" \/>\n<meta property=\"og:title\" content=\"Le projet - VETReality\" \/>\n<meta property=\"og:description\" content=\"La formation continue des enseignants et formateurs pour am\u00e9liorer l\u2019inclusion a \u00e9t\u00e9 identifi\u00e9e par l\u2019UE comme une priorit\u00e9 politique majeure dans la Recommandation du Conseil de l\u2019Europe relative \u00e0 la promotion de valeurs communes et \u00e0 l\u2019\u00e9ducation inclusive (EC Com2018\/23), par le comit\u00e9 des Nations unies sur les droits des personnes handicap\u00e9es (Rapport de 2016&hellip;&nbsp;Lire la suite &raquo;Le projet\" \/>\n<meta property=\"og:url\" content=\"https:\/\/vetreality.erasmus.site\/fr\/about\/\" \/>\n<meta property=\"og:site_name\" content=\"VETReality\" \/>\n<meta property=\"article:publisher\" content=\"https:\/\/www.facebook.com\/VETRealityEU\" \/>\n<meta property=\"article:modified_time\" content=\"2021-12-04T09:00:57+00:00\" \/>\n<meta property=\"og:image\" content=\"https:\/\/vetreality.erasmus.site\/wp-content\/uploads\/2021\/03\/18438817-1024x576.jpg\" \/>\n<meta name=\"twitter:card\" content=\"summary_large_image\" \/>\n<meta name=\"twitter:label1\" content=\"Dur\u00e9e de lecture estim\u00e9e\" \/>\n\t<meta name=\"twitter:data1\" content=\"6 minutes\" \/>\n<script type=\"application\/ld+json\" class=\"yoast-schema-graph\">{\"@context\":\"https:\\\/\\\/schema.org\",\"@graph\":[{\"@type\":\"WebPage\",\"@id\":\"https:\\\/\\\/vetreality.erasmus.site\\\/fr\\\/about\\\/\",\"url\":\"https:\\\/\\\/vetreality.erasmus.site\\\/fr\\\/about\\\/\",\"name\":\"Le projet - VETReality\",\"isPartOf\":{\"@id\":\"https:\\\/\\\/vetreality.erasmus.site\\\/fr\\\/#website\"},\"primaryImageOfPage\":{\"@id\":\"https:\\\/\\\/vetreality.erasmus.site\\\/fr\\\/about\\\/#primaryimage\"},\"image\":{\"@id\":\"https:\\\/\\\/vetreality.erasmus.site\\\/about\\\/#primaryimage\"},\"thumbnailUrl\":\"https:\\\/\\\/vetreality.erasmus.site\\\/wp-content\\\/uploads\\\/2021\\\/03\\\/18438817-1024x576.jpg\",\"datePublished\":\"2021-03-20T10:25:03+00:00\",\"dateModified\":\"2021-12-04T09:00:57+00:00\",\"breadcrumb\":{\"@id\":\"https:\\\/\\\/vetreality.erasmus.site\\\/fr\\\/about\\\/#breadcrumb\"},\"inLanguage\":\"fr-FR\",\"potentialAction\":[{\"@type\":\"ReadAction\",\"target\":[[\"https:\\\/\\\/vetreality.erasmus.site\\\/fr\\\/about\\\/\"]]}]},{\"@type\":\"ImageObject\",\"inLanguage\":\"fr-FR\",\"@id\":\"https:\\\/\\\/vetreality.erasmus.site\\\/fr\\\/about\\\/#primaryimage\",\"url\":\"https:\\\/\\\/vetreality.erasmus.site\\\/wp-content\\\/uploads\\\/2021\\\/03\\\/18438817-1024x576.jpg\",\"contentUrl\":\"https:\\\/\\\/vetreality.erasmus.site\\\/wp-content\\\/uploads\\\/2021\\\/03\\\/18438817-1024x576.jpg\"},{\"@type\":\"BreadcrumbList\",\"@id\":\"https:\\\/\\\/vetreality.erasmus.site\\\/fr\\\/about\\\/#breadcrumb\",\"itemListElement\":[{\"@type\":\"ListItem\",\"position\":1,\"name\":\"Home\",\"item\":\"https:\\\/\\\/vetreality.erasmus.site\\\/fr\\\/\"},{\"@type\":\"ListItem\",\"position\":2,\"name\":\"About\"}]},{\"@type\":\"WebSite\",\"@id\":\"https:\\\/\\\/vetreality.erasmus.site\\\/fr\\\/#website\",\"url\":\"https:\\\/\\\/vetreality.erasmus.site\\\/fr\\\/\",\"name\":\"VETReality\",\"description\":\"Project\",\"publisher\":{\"@id\":\"https:\\\/\\\/vetreality.erasmus.site\\\/fr\\\/#organization\"},\"potentialAction\":[{\"@type\":\"SearchAction\",\"target\":{\"@type\":\"EntryPoint\",\"urlTemplate\":\"https:\\\/\\\/vetreality.erasmus.site\\\/fr\\\/?s={search_term_string}\"},\"query-input\":{\"@type\":\"PropertyValueSpecification\",\"valueRequired\":true,\"valueName\":\"search_term_string\"}}],\"inLanguage\":\"fr-FR\"},{\"@type\":\"Organization\",\"@id\":\"https:\\\/\\\/vetreality.erasmus.site\\\/fr\\\/#organization\",\"name\":\"VETreality Project\",\"url\":\"https:\\\/\\\/vetreality.erasmus.site\\\/fr\\\/\",\"logo\":{\"@type\":\"ImageObject\",\"inLanguage\":\"fr-FR\",\"@id\":\"https:\\\/\\\/vetreality.erasmus.site\\\/fr\\\/#\\\/schema\\\/logo\\\/image\\\/\",\"url\":\"https:\\\/\\\/vetreality.erasmus.site\\\/wp-content\\\/uploads\\\/2021\\\/03\\\/cropped-cropped-Logo-Vetreality.jpg\",\"contentUrl\":\"https:\\\/\\\/vetreality.erasmus.site\\\/wp-content\\\/uploads\\\/2021\\\/03\\\/cropped-cropped-Logo-Vetreality.jpg\",\"width\":512,\"height\":512,\"caption\":\"VETreality Project\"},\"image\":{\"@id\":\"https:\\\/\\\/vetreality.erasmus.site\\\/fr\\\/#\\\/schema\\\/logo\\\/image\\\/\"},\"sameAs\":[\"https:\\\/\\\/www.facebook.com\\\/VETRealityEU\"]}]}<\/script>\n<!-- \/ Yoast SEO plugin. -->","yoast_head_json":{"title":"Le projet - VETReality","robots":{"index":"index","follow":"follow","max-snippet":"max-snippet:-1","max-image-preview":"max-image-preview:large","max-video-preview":"max-video-preview:-1"},"canonical":"https:\/\/vetreality.erasmus.site\/fr\/about\/","og_locale":"fr_FR","og_type":"article","og_title":"Le projet - VETReality","og_description":"La formation continue des enseignants et formateurs pour am\u00e9liorer l\u2019inclusion a \u00e9t\u00e9 identifi\u00e9e par l\u2019UE comme une priorit\u00e9 politique majeure dans la Recommandation du Conseil de l\u2019Europe relative \u00e0 la promotion de valeurs communes et \u00e0 l\u2019\u00e9ducation inclusive (EC Com2018\/23), par le comit\u00e9 des Nations unies sur les droits des personnes handicap\u00e9es (Rapport de 2016&hellip;&nbsp;Lire la suite &raquo;Le projet","og_url":"https:\/\/vetreality.erasmus.site\/fr\/about\/","og_site_name":"VETReality","article_publisher":"https:\/\/www.facebook.com\/VETRealityEU","article_modified_time":"2021-12-04T09:00:57+00:00","og_image":[{"url":"https:\/\/vetreality.erasmus.site\/wp-content\/uploads\/2021\/03\/18438817-1024x576.jpg","type":"","width":"","height":""}],"twitter_card":"summary_large_image","twitter_misc":{"Dur\u00e9e de lecture estim\u00e9e":"6 minutes"},"schema":{"@context":"https:\/\/schema.org","@graph":[{"@type":"WebPage","@id":"https:\/\/vetreality.erasmus.site\/fr\/about\/","url":"https:\/\/vetreality.erasmus.site\/fr\/about\/","name":"Le projet - VETReality","isPartOf":{"@id":"https:\/\/vetreality.erasmus.site\/fr\/#website"},"primaryImageOfPage":{"@id":"https:\/\/vetreality.erasmus.site\/fr\/about\/#primaryimage"},"image":{"@id":"https:\/\/vetreality.erasmus.site\/about\/#primaryimage"},"thumbnailUrl":"https:\/\/vetreality.erasmus.site\/wp-content\/uploads\/2021\/03\/18438817-1024x576.jpg","datePublished":"2021-03-20T10:25:03+00:00","dateModified":"2021-12-04T09:00:57+00:00","breadcrumb":{"@id":"https:\/\/vetreality.erasmus.site\/fr\/about\/#breadcrumb"},"inLanguage":"fr-FR","potentialAction":[{"@type":"ReadAction","target":[["https:\/\/vetreality.erasmus.site\/fr\/about\/"]]}]},{"@type":"ImageObject","inLanguage":"fr-FR","@id":"https:\/\/vetreality.erasmus.site\/fr\/about\/#primaryimage","url":"https:\/\/vetreality.erasmus.site\/wp-content\/uploads\/2021\/03\/18438817-1024x576.jpg","contentUrl":"https:\/\/vetreality.erasmus.site\/wp-content\/uploads\/2021\/03\/18438817-1024x576.jpg"},{"@type":"BreadcrumbList","@id":"https:\/\/vetreality.erasmus.site\/fr\/about\/#breadcrumb","itemListElement":[{"@type":"ListItem","position":1,"name":"Home","item":"https:\/\/vetreality.erasmus.site\/fr\/"},{"@type":"ListItem","position":2,"name":"About"}]},{"@type":"WebSite","@id":"https:\/\/vetreality.erasmus.site\/fr\/#website","url":"https:\/\/vetreality.erasmus.site\/fr\/","name":"VETReality","description":"Project","publisher":{"@id":"https:\/\/vetreality.erasmus.site\/fr\/#organization"},"potentialAction":[{"@type":"SearchAction","target":{"@type":"EntryPoint","urlTemplate":"https:\/\/vetreality.erasmus.site\/fr\/?s={search_term_string}"},"query-input":{"@type":"PropertyValueSpecification","valueRequired":true,"valueName":"search_term_string"}}],"inLanguage":"fr-FR"},{"@type":"Organization","@id":"https:\/\/vetreality.erasmus.site\/fr\/#organization","name":"VETreality Project","url":"https:\/\/vetreality.erasmus.site\/fr\/","logo":{"@type":"ImageObject","inLanguage":"fr-FR","@id":"https:\/\/vetreality.erasmus.site\/fr\/#\/schema\/logo\/image\/","url":"https:\/\/vetreality.erasmus.site\/wp-content\/uploads\/2021\/03\/cropped-cropped-Logo-Vetreality.jpg","contentUrl":"https:\/\/vetreality.erasmus.site\/wp-content\/uploads\/2021\/03\/cropped-cropped-Logo-Vetreality.jpg","width":512,"height":512,"caption":"VETreality Project"},"image":{"@id":"https:\/\/vetreality.erasmus.site\/fr\/#\/schema\/logo\/image\/"},"sameAs":["https:\/\/www.facebook.com\/VETRealityEU"]}]}},"_links":{"self":[{"href":"https:\/\/vetreality.erasmus.site\/fr\/wp-json\/wp\/v2\/pages\/149","targetHints":{"allow":["GET"]}}],"collection":[{"href":"https:\/\/vetreality.erasmus.site\/fr\/wp-json\/wp\/v2\/pages"}],"about":[{"href":"https:\/\/vetreality.erasmus.site\/fr\/wp-json\/wp\/v2\/types\/page"}],"author":[{"embeddable":true,"href":"https:\/\/vetreality.erasmus.site\/fr\/wp-json\/wp\/v2\/users\/1"}],"replies":[{"embeddable":true,"href":"https:\/\/vetreality.erasmus.site\/fr\/wp-json\/wp\/v2\/comments?post=149"}],"version-history":[{"count":27,"href":"https:\/\/vetreality.erasmus.site\/fr\/wp-json\/wp\/v2\/pages\/149\/revisions"}],"predecessor-version":[{"id":554,"href":"https:\/\/vetreality.erasmus.site\/fr\/wp-json\/wp\/v2\/pages\/149\/revisions\/554"}],"wp:attachment":[{"href":"https:\/\/vetreality.erasmus.site\/fr\/wp-json\/wp\/v2\/media?parent=149"}],"curies":[{"name":"wp","href":"https:\/\/api.w.org\/{rel}","templated":true}]}}