{"id":198,"date":"2021-03-20T13:22:42","date_gmt":"2021-03-20T13:22:42","guid":{"rendered":"https:\/\/vetreality.erasmus.site\/?page_id=198"},"modified":"2022-12-22T10:23:51","modified_gmt":"2022-12-22T10:23:51","slug":"o3","status":"publish","type":"page","link":"https:\/\/vetreality.erasmus.site\/es\/o3\/","title":{"rendered":"Mobility tool box"},"content":{"rendered":"<p>Los programas de movilidad podr\u00edan ser una gran oportunidad para los estudiantes con NEE, ya que podr\u00edan apoyar sus necesidades para reforzar mejor la autoestima, la autonom\u00eda, las habilidades interpersonales, sociales y muchas otras habilidades blandas que son tan importantes como las t\u00e9cnicas para realizar de manera concreta una experiencia personal y profesional. Proyecto de vida. Sin embargo, los programas de movilidad actuales no est\u00e1n completamente adaptados a los estudiantes con necesidades educativas especiales y las escuelas de FP \/ proveedores de FP y las familias muestran regularmente sus dudas y miedos a la hora de decidir sobre la participaci\u00f3n de los estudiantes con necesidades educativas especiales, lo que afecta significativamente a su nivel de participaci\u00f3n (menos del 1% seg\u00fan Informe de evaluaci\u00f3n intermedia de Erasmus + de la CE, 2018) Datos recopilados por P2-Reattiva a trav\u00e9s del seguimiento, los indicadores y el an\u00e1lisis de impacto (57 proyectos de movilidad coordinados entre 2011-19, alrededor de 8.000 alumnos en FP inicial enviados al extranjero, 325 de los cuales estudiantes con NEE ) y de los socios del Consorcio y sus redes, muestran claramente que existe una NECESIDAD de proporcionar conocimientos y habilidades al GRUPO OBJETIVO del personal de ense\u00f1anza y formaci\u00f3n de FP para facilitar el acceso de los estudiantes con necesidades educativas especiales a la movilidad<\/p>\n<p>Socios, que tiene una amplia experiencia en aplicaciones de movilidad y realidad virtual, responder\u00e1 a las necesidades anteriores mediante el desarrollo de una caja de herramientas de movilidad en l\u00ednea para proporcionar al grupo objetivo competencias sobre el uso de la tecnolog\u00eda de realidad virtual como medio de aprendizaje inmersivo e interactivo (en 3D -360 \u00b0) orientada a promover y facilitar la implicaci\u00f3n de los estudiantes con necesidades educativas especiales en la Movilidad.<\/p>\n<p>IO3 se basa en 6 Secuencias de Aprendizaje en l\u00ednea correspondientes a las 6 fases principales de una Movilidad f\u00edsica:<\/p>\n<p>DiscoverEU Map: c\u00f3mo crear una imagen motivadora de movilidad y ayudar a un estudiante con NEE a orientarse e integrarse en el pa\u00eds de acogida;<br \/>\ne-Portfolio: c\u00f3mo ayudar a un estudiante con necesidades educativas especiales a crear, mapear y gestionar un perfil electr\u00f3nico personal necesario para solicitar con \u00e9xito una pasant\u00eda en el extranjero;<br \/>\nEmparejamiento de habilidades de movilidad: c\u00f3mo proporcionar a un estudiante con necesidades educativas especiales un programa de movilidad de aprendizaje adecuado basado en habilidades, calificaciones, experiencias y preferencias \/ expectativas;<br \/>\nEntrevista de movilidad: c\u00f3mo ayudar a un estudiante con necesidades educativas especiales a preparar la entrevista de pr\u00e1cticas con la empresa de acogida seleccionada;<br \/>\nMobility Awareness: c\u00f3mo ayudar a un estudiante con necesidades educativas especiales a tomar conciencia con la empresa de acogida, las tareas propuestas y los objetivos de la pasant\u00eda;<br \/>\nImplementaci\u00f3n de la movilidad: c\u00f3mo monitorear, evaluar y dar seguimiento a un estudiante NEE involucrado en una movilidad.<\/p>\n<div class=\"row\">\n<div class=\"col-sm-12\" style=\"text-align: center;\"><a href=\"https:\/\/vetreality.erasmus.site\/wp-content\/uploads\/2022\/12\/IO3-VETreality-Mobility-ToolBox-SPANISH.pdf\" target=\"_blank\" rel=\"noopener noreferrer\"><br \/>\n<img fetchpriority=\"high\" decoding=\"async\" class=\"size-medium wp-image-117 aligncenter\" src=\"https:\/\/vetreality.erasmus.site\/wp-content\/uploads\/2022\/12\/IO3-VETreality-Mobility-ToolBox-ENGLISH-page-001.jpg\" alt=\"\" width=\"212\" height=\"300\" \/>VETrealidad Mobility Toolbox para profesores y formadores de FP<\/a><\/div>\n<\/div>\n<hr>\n<p><a href=\"https:\/\/play.google.com\/store\/apps\/details?id=eu.dcnet.vetreality\" target=\"_blank\" rel=\"noopener\"><img decoding=\"async\" class=\"wp-image-857 aligncenter\" src=\"https:\/\/vetreality.erasmus.site\/wp-content\/uploads\/2022\/12\/Google_Play-Badge-Logo.wine_-e1671703779967-300x91.png\" alt=\"\" width=\"300\" height=\"91\" srcset=\"https:\/\/vetreality.erasmus.site\/wp-content\/uploads\/2022\/12\/Google_Play-Badge-Logo.wine_-e1671703779967-300x91.png 300w, https:\/\/vetreality.erasmus.site\/wp-content\/uploads\/2022\/12\/Google_Play-Badge-Logo.wine_-e1671703779967-1024x310.png 1024w, https:\/\/vetreality.erasmus.site\/wp-content\/uploads\/2022\/12\/Google_Play-Badge-Logo.wine_-e1671703779967-768x233.png 768w, https:\/\/vetreality.erasmus.site\/wp-content\/uploads\/2022\/12\/Google_Play-Badge-Logo.wine_-e1671703779967-1536x465.png 1536w, https:\/\/vetreality.erasmus.site\/wp-content\/uploads\/2022\/12\/Google_Play-Badge-Logo.wine_-e1671703779967-2048x620.png 2048w, https:\/\/vetreality.erasmus.site\/wp-content\/uploads\/2022\/12\/Google_Play-Badge-Logo.wine_-e1671703779967-24x7.png 24w, https:\/\/vetreality.erasmus.site\/wp-content\/uploads\/2022\/12\/Google_Play-Badge-Logo.wine_-e1671703779967-36x11.png 36w, https:\/\/vetreality.erasmus.site\/wp-content\/uploads\/2022\/12\/Google_Play-Badge-Logo.wine_-e1671703779967-48x15.png 48w\" sizes=\"(max-width: 300px) 100vw, 300px\" \/><\/a><\/p>\n<p><a href=\"https:\/\/apps.apple.com\/app\/vetreality\/id1636655259\" target=\"_blank\" rel=\"noopener\"><img decoding=\"async\" class=\"wp-image-858 size-medium aligncenter\" src=\"https:\/\/vetreality.erasmus.site\/wp-content\/uploads\/2022\/12\/App_Store_iOS-Badge-Logo.wine_-e1671704368694-300x97.png\" alt=\"\" width=\"300\" height=\"97\" srcset=\"https:\/\/vetreality.erasmus.site\/wp-content\/uploads\/2022\/12\/App_Store_iOS-Badge-Logo.wine_-e1671704368694-300x97.png 300w, https:\/\/vetreality.erasmus.site\/wp-content\/uploads\/2022\/12\/App_Store_iOS-Badge-Logo.wine_-e1671704368694-1024x332.png 1024w, https:\/\/vetreality.erasmus.site\/wp-content\/uploads\/2022\/12\/App_Store_iOS-Badge-Logo.wine_-e1671704368694-768x249.png 768w, https:\/\/vetreality.erasmus.site\/wp-content\/uploads\/2022\/12\/App_Store_iOS-Badge-Logo.wine_-e1671704368694-1536x499.png 1536w, https:\/\/vetreality.erasmus.site\/wp-content\/uploads\/2022\/12\/App_Store_iOS-Badge-Logo.wine_-e1671704368694-2048x665.png 2048w, https:\/\/vetreality.erasmus.site\/wp-content\/uploads\/2022\/12\/App_Store_iOS-Badge-Logo.wine_-e1671704368694-24x8.png 24w, https:\/\/vetreality.erasmus.site\/wp-content\/uploads\/2022\/12\/App_Store_iOS-Badge-Logo.wine_-e1671704368694-36x12.png 36w, https:\/\/vetreality.erasmus.site\/wp-content\/uploads\/2022\/12\/App_Store_iOS-Badge-Logo.wine_-e1671704368694-48x16.png 48w\" sizes=\"(max-width: 300px) 100vw, 300px\" \/><\/a><\/p>","protected":false},"excerpt":{"rendered":"<p>Los programas de movilidad podr\u00edan ser una gran oportunidad para los estudiantes con NEE, ya que podr\u00edan apoyar sus necesidades para reforzar mejor la autoestima, la autonom\u00eda, las habilidades interpersonales, sociales y muchas otras habilidades blandas que son tan importantes como las t\u00e9cnicas para realizar de manera concreta una experiencia personal y profesional. Proyecto de&hellip;&nbsp;<a href=\"https:\/\/vetreality.erasmus.site\/es\/o3\/\" rel=\"bookmark\">Leer m\u00e1s &raquo;<span class=\"screen-reader-text\">Mobility tool box<\/span><\/a><\/p>\n","protected":false},"author":1,"featured_media":0,"parent":0,"menu_order":0,"comment_status":"closed","ping_status":"closed","template":"","meta":{"neve_meta_sidebar":"full-width","neve_meta_container":"","neve_meta_enable_content_width":"on","neve_meta_content_width":100,"neve_meta_title_alignment":"","neve_meta_author_avatar":"","neve_post_elements_order":"","neve_meta_disable_header":"","neve_meta_disable_footer":"","neve_meta_disable_title":"","footnotes":""},"class_list":["post-198","page","type-page","status-publish","hentry"],"yoast_head":"<!-- This site is optimized with the Yoast SEO plugin v27.3 - https:\/\/yoast.com\/product\/yoast-seo-wordpress\/ -->\n<title>Mobility tool box - VETReality<\/title>\n<meta name=\"robots\" content=\"index, follow, max-snippet:-1, max-image-preview:large, max-video-preview:-1\" \/>\n<link rel=\"canonical\" href=\"https:\/\/vetreality.erasmus.site\/es\/o3\/\" \/>\n<meta property=\"og:locale\" content=\"es_ES\" \/>\n<meta property=\"og:type\" content=\"article\" \/>\n<meta property=\"og:title\" content=\"Mobility tool box - VETReality\" \/>\n<meta property=\"og:description\" content=\"Los programas de movilidad podr\u00edan ser una gran oportunidad para los estudiantes con NEE, ya que podr\u00edan apoyar sus necesidades para reforzar mejor la autoestima, la autonom\u00eda, las habilidades interpersonales, sociales y muchas otras habilidades blandas que son tan importantes como las t\u00e9cnicas para realizar de manera concreta una experiencia personal y profesional. Proyecto de&hellip;&nbsp;Leer m\u00e1s &raquo;Mobility tool box\" \/>\n<meta property=\"og:url\" content=\"https:\/\/vetreality.erasmus.site\/es\/o3\/\" \/>\n<meta property=\"og:site_name\" content=\"VETReality\" \/>\n<meta property=\"article:publisher\" content=\"https:\/\/www.facebook.com\/VETRealityEU\" \/>\n<meta property=\"article:modified_time\" content=\"2022-12-22T10:23:51+00:00\" \/>\n<meta property=\"og:image\" content=\"https:\/\/vetreality.erasmus.site\/wp-content\/uploads\/2022\/12\/IO3-VETreality-Mobility-ToolBox-ENGLISH-page-001.jpg\" \/>\n<meta name=\"twitter:card\" content=\"summary_large_image\" \/>\n<meta name=\"twitter:label1\" content=\"Tiempo de lectura\" \/>\n\t<meta name=\"twitter:data1\" content=\"3 minutos\" \/>\n<script type=\"application\/ld+json\" class=\"yoast-schema-graph\">{\"@context\":\"https:\\\/\\\/schema.org\",\"@graph\":[{\"@type\":\"WebPage\",\"@id\":\"https:\\\/\\\/vetreality.erasmus.site\\\/es\\\/o3\\\/\",\"url\":\"https:\\\/\\\/vetreality.erasmus.site\\\/es\\\/o3\\\/\",\"name\":\"Mobility tool box - VETReality\",\"isPartOf\":{\"@id\":\"https:\\\/\\\/vetreality.erasmus.site\\\/es\\\/#website\"},\"primaryImageOfPage\":{\"@id\":\"https:\\\/\\\/vetreality.erasmus.site\\\/es\\\/o3\\\/#primaryimage\"},\"image\":{\"@id\":\"https:\\\/\\\/vetreality.erasmus.site\\\/o3\\\/#primaryimage\"},\"thumbnailUrl\":\"https:\\\/\\\/vetreality.erasmus.site\\\/wp-content\\\/uploads\\\/2022\\\/12\\\/IO3-VETreality-Mobility-ToolBox-ENGLISH-page-001.jpg\",\"datePublished\":\"2021-03-20T13:22:42+00:00\",\"dateModified\":\"2022-12-22T10:23:51+00:00\",\"breadcrumb\":{\"@id\":\"https:\\\/\\\/vetreality.erasmus.site\\\/es\\\/o3\\\/#breadcrumb\"},\"inLanguage\":\"es\",\"potentialAction\":[{\"@type\":\"ReadAction\",\"target\":[[\"https:\\\/\\\/vetreality.erasmus.site\\\/es\\\/o3\\\/\"]]}]},{\"@type\":\"ImageObject\",\"inLanguage\":\"es\",\"@id\":\"https:\\\/\\\/vetreality.erasmus.site\\\/es\\\/o3\\\/#primaryimage\",\"url\":\"https:\\\/\\\/vetreality.erasmus.site\\\/wp-content\\\/uploads\\\/2022\\\/12\\\/IO3-VETreality-Mobility-ToolBox-ENGLISH-page-001.jpg\",\"contentUrl\":\"https:\\\/\\\/vetreality.erasmus.site\\\/wp-content\\\/uploads\\\/2022\\\/12\\\/IO3-VETreality-Mobility-ToolBox-ENGLISH-page-001.jpg\"},{\"@type\":\"BreadcrumbList\",\"@id\":\"https:\\\/\\\/vetreality.erasmus.site\\\/es\\\/o3\\\/#breadcrumb\",\"itemListElement\":[{\"@type\":\"ListItem\",\"position\":1,\"name\":\"Home\",\"item\":\"https:\\\/\\\/vetreality.erasmus.site\\\/es\\\/\"},{\"@type\":\"ListItem\",\"position\":2,\"name\":\"Mobility tool box\"}]},{\"@type\":\"WebSite\",\"@id\":\"https:\\\/\\\/vetreality.erasmus.site\\\/es\\\/#website\",\"url\":\"https:\\\/\\\/vetreality.erasmus.site\\\/es\\\/\",\"name\":\"VETReality\",\"description\":\"Project\",\"publisher\":{\"@id\":\"https:\\\/\\\/vetreality.erasmus.site\\\/es\\\/#organization\"},\"potentialAction\":[{\"@type\":\"SearchAction\",\"target\":{\"@type\":\"EntryPoint\",\"urlTemplate\":\"https:\\\/\\\/vetreality.erasmus.site\\\/es\\\/?s={search_term_string}\"},\"query-input\":{\"@type\":\"PropertyValueSpecification\",\"valueRequired\":true,\"valueName\":\"search_term_string\"}}],\"inLanguage\":\"es\"},{\"@type\":\"Organization\",\"@id\":\"https:\\\/\\\/vetreality.erasmus.site\\\/es\\\/#organization\",\"name\":\"VETreality Project\",\"url\":\"https:\\\/\\\/vetreality.erasmus.site\\\/es\\\/\",\"logo\":{\"@type\":\"ImageObject\",\"inLanguage\":\"es\",\"@id\":\"https:\\\/\\\/vetreality.erasmus.site\\\/es\\\/#\\\/schema\\\/logo\\\/image\\\/\",\"url\":\"https:\\\/\\\/vetreality.erasmus.site\\\/wp-content\\\/uploads\\\/2021\\\/03\\\/cropped-cropped-Logo-Vetreality.jpg\",\"contentUrl\":\"https:\\\/\\\/vetreality.erasmus.site\\\/wp-content\\\/uploads\\\/2021\\\/03\\\/cropped-cropped-Logo-Vetreality.jpg\",\"width\":512,\"height\":512,\"caption\":\"VETreality Project\"},\"image\":{\"@id\":\"https:\\\/\\\/vetreality.erasmus.site\\\/es\\\/#\\\/schema\\\/logo\\\/image\\\/\"},\"sameAs\":[\"https:\\\/\\\/www.facebook.com\\\/VETRealityEU\"]}]}<\/script>\n<!-- \/ Yoast SEO plugin. -->","yoast_head_json":{"title":"Mobility tool box - VETReality","robots":{"index":"index","follow":"follow","max-snippet":"max-snippet:-1","max-image-preview":"max-image-preview:large","max-video-preview":"max-video-preview:-1"},"canonical":"https:\/\/vetreality.erasmus.site\/es\/o3\/","og_locale":"es_ES","og_type":"article","og_title":"Mobility tool box - VETReality","og_description":"Los programas de movilidad podr\u00edan ser una gran oportunidad para los estudiantes con NEE, ya que podr\u00edan apoyar sus necesidades para reforzar mejor la autoestima, la autonom\u00eda, las habilidades interpersonales, sociales y muchas otras habilidades blandas que son tan importantes como las t\u00e9cnicas para realizar de manera concreta una experiencia personal y profesional. Proyecto de&hellip;&nbsp;Leer m\u00e1s &raquo;Mobility tool box","og_url":"https:\/\/vetreality.erasmus.site\/es\/o3\/","og_site_name":"VETReality","article_publisher":"https:\/\/www.facebook.com\/VETRealityEU","article_modified_time":"2022-12-22T10:23:51+00:00","og_image":[{"url":"https:\/\/vetreality.erasmus.site\/wp-content\/uploads\/2022\/12\/IO3-VETreality-Mobility-ToolBox-ENGLISH-page-001.jpg","type":"","width":"","height":""}],"twitter_card":"summary_large_image","twitter_misc":{"Tiempo de lectura":"3 minutos"},"schema":{"@context":"https:\/\/schema.org","@graph":[{"@type":"WebPage","@id":"https:\/\/vetreality.erasmus.site\/es\/o3\/","url":"https:\/\/vetreality.erasmus.site\/es\/o3\/","name":"Mobility tool box - VETReality","isPartOf":{"@id":"https:\/\/vetreality.erasmus.site\/es\/#website"},"primaryImageOfPage":{"@id":"https:\/\/vetreality.erasmus.site\/es\/o3\/#primaryimage"},"image":{"@id":"https:\/\/vetreality.erasmus.site\/o3\/#primaryimage"},"thumbnailUrl":"https:\/\/vetreality.erasmus.site\/wp-content\/uploads\/2022\/12\/IO3-VETreality-Mobility-ToolBox-ENGLISH-page-001.jpg","datePublished":"2021-03-20T13:22:42+00:00","dateModified":"2022-12-22T10:23:51+00:00","breadcrumb":{"@id":"https:\/\/vetreality.erasmus.site\/es\/o3\/#breadcrumb"},"inLanguage":"es","potentialAction":[{"@type":"ReadAction","target":[["https:\/\/vetreality.erasmus.site\/es\/o3\/"]]}]},{"@type":"ImageObject","inLanguage":"es","@id":"https:\/\/vetreality.erasmus.site\/es\/o3\/#primaryimage","url":"https:\/\/vetreality.erasmus.site\/wp-content\/uploads\/2022\/12\/IO3-VETreality-Mobility-ToolBox-ENGLISH-page-001.jpg","contentUrl":"https:\/\/vetreality.erasmus.site\/wp-content\/uploads\/2022\/12\/IO3-VETreality-Mobility-ToolBox-ENGLISH-page-001.jpg"},{"@type":"BreadcrumbList","@id":"https:\/\/vetreality.erasmus.site\/es\/o3\/#breadcrumb","itemListElement":[{"@type":"ListItem","position":1,"name":"Home","item":"https:\/\/vetreality.erasmus.site\/es\/"},{"@type":"ListItem","position":2,"name":"Mobility tool box"}]},{"@type":"WebSite","@id":"https:\/\/vetreality.erasmus.site\/es\/#website","url":"https:\/\/vetreality.erasmus.site\/es\/","name":"VETReality","description":"Project","publisher":{"@id":"https:\/\/vetreality.erasmus.site\/es\/#organization"},"potentialAction":[{"@type":"SearchAction","target":{"@type":"EntryPoint","urlTemplate":"https:\/\/vetreality.erasmus.site\/es\/?s={search_term_string}"},"query-input":{"@type":"PropertyValueSpecification","valueRequired":true,"valueName":"search_term_string"}}],"inLanguage":"es"},{"@type":"Organization","@id":"https:\/\/vetreality.erasmus.site\/es\/#organization","name":"VETreality Project","url":"https:\/\/vetreality.erasmus.site\/es\/","logo":{"@type":"ImageObject","inLanguage":"es","@id":"https:\/\/vetreality.erasmus.site\/es\/#\/schema\/logo\/image\/","url":"https:\/\/vetreality.erasmus.site\/wp-content\/uploads\/2021\/03\/cropped-cropped-Logo-Vetreality.jpg","contentUrl":"https:\/\/vetreality.erasmus.site\/wp-content\/uploads\/2021\/03\/cropped-cropped-Logo-Vetreality.jpg","width":512,"height":512,"caption":"VETreality Project"},"image":{"@id":"https:\/\/vetreality.erasmus.site\/es\/#\/schema\/logo\/image\/"},"sameAs":["https:\/\/www.facebook.com\/VETRealityEU"]}]}},"_links":{"self":[{"href":"https:\/\/vetreality.erasmus.site\/es\/wp-json\/wp\/v2\/pages\/198","targetHints":{"allow":["GET"]}}],"collection":[{"href":"https:\/\/vetreality.erasmus.site\/es\/wp-json\/wp\/v2\/pages"}],"about":[{"href":"https:\/\/vetreality.erasmus.site\/es\/wp-json\/wp\/v2\/types\/page"}],"author":[{"embeddable":true,"href":"https:\/\/vetreality.erasmus.site\/es\/wp-json\/wp\/v2\/users\/1"}],"replies":[{"embeddable":true,"href":"https:\/\/vetreality.erasmus.site\/es\/wp-json\/wp\/v2\/comments?post=198"}],"version-history":[{"count":14,"href":"https:\/\/vetreality.erasmus.site\/es\/wp-json\/wp\/v2\/pages\/198\/revisions"}],"predecessor-version":[{"id":863,"href":"https:\/\/vetreality.erasmus.site\/es\/wp-json\/wp\/v2\/pages\/198\/revisions\/863"}],"wp:attachment":[{"href":"https:\/\/vetreality.erasmus.site\/es\/wp-json\/wp\/v2\/media?parent=198"}],"curies":[{"name":"wp","href":"https:\/\/api.w.org\/{rel}","templated":true}]}}