{"id":194,"date":"2021-03-20T13:19:27","date_gmt":"2021-03-20T13:19:27","guid":{"rendered":"https:\/\/vetreality.erasmus.site\/?page_id=194"},"modified":"2022-12-05T08:47:20","modified_gmt":"2022-12-05T08:47:20","slug":"o1","status":"publish","type":"page","link":"https:\/\/vetreality.erasmus.site\/es\/o1\/","title":{"rendered":"e-Compendium"},"content":{"rendered":"<p>1) Investigar, a nivel emp\u00edrico, sobre las competencias clave de RV necesarias y requeridas por el GRUPO OBJETIVO de Profesores y Formadores de FP para promover el proceso de aprendizaje interactivo de los estudiantes con NEE en FP inicial dirigido a su acceso exitoso al ABT (a nivel local y de la UE \/ Nivel de movilidad) y sobre las demandas, expectativas y recomendaciones sobre el tema de los grupos de inter\u00e9s y expertos en la materia.<\/p>\n<p>Al utilizar la metodolog\u00eda de Focus Group, la investigaci\u00f3n emp\u00edrica se implementar\u00e1 a trav\u00e9s de:<\/p>\n<p>un taller de 4 horas por cada organizaci\u00f3n asociada, en el que participen al menos 10 profesores \/ formadores de EFP del propio personal y socios asociados (70 a nivel de la UE);<br \/>\notro taller de 4 horas por cada organizaci\u00f3n socia, con la participaci\u00f3n de al menos 5 partes interesadas + 3 expertos de socios asociados (56 a nivel de la UE);<br \/>\n2) Investigar, a nivel de escritorio, sobre el hardware de realidad virtual disponible, as\u00ed como proporcionar, sobre las aplicaciones de software de realidad virtual existentes, las m\u00e1s relevantes para ayudar a los estudiantes con necesidades educativas especiales en la FP inicial en su acceso exitoso a WBL. La investigaci\u00f3n documental tendr\u00e1 un fuerte impacto en todo el desarrollo del proyecto:<\/p>\n<p>permitir\u00e1 por primera vez obtener una visi\u00f3n global del estado del arte de los desarrollos de la RV, las implicaciones y el potencial de integraci\u00f3n en el sistema de ense\u00f1anza \/ formaci\u00f3n VET dirigido al proceso de aprendizaje interactivo de los estudiantes con NEE en la FP inicial;<br \/>\nlos an\u00e1lisis de las aplicaciones de software de realidad virtual permitir\u00e1n identificar las m\u00e1s adecuadas para facilitar el acceso de los estudiantes con necesidades educativas especiales al ABT;<br \/>\nSobre la base de los resultados, la asociaci\u00f3n decidir\u00e1 cu\u00e1les de las aplicaciones de realidad virtual existentes en la actualidad se adaptan mejor a los objetivos del proyecto y cu\u00e1les pueden integrarse en el Programa de formaci\u00f3n VETREALITY (IO2).<\/p>\n<p>\u00abThe information and didactical consequences gathered in the empirical investigation process and in the desk research will be finally elaborated in the \u201cVETREALITY e-Compendium for VET Teachers and Trainers\u201d.<\/p>\n<p>The core element of the Compendium will be the compilation of at least 20 selected open source VR software applications for the VET Teachers and Trainers\u2019 learning settings, which will be intensively analysed and tested by the partnership and for each of them a one-page profile will be compiled containing the following information:<\/p>\n<p>Key data of the VR application;<br \/>\nDescription of learning content provided;<br \/>\nDescription of learning process facilitated by applying the VR application;<br \/>\nSWAT analysis of VR application in terms of user-friendliness, pedagogic orientation and applicability potential when supporting SEN students\u2019 access to WBL;<br \/>\nRecommendations on how to best apply VR for facilitating SEN students\u2019 access to WBL\u00bb<\/p>\n\r\n<!--change the width and height value as you want.--> \r\n<!-- Do change \"index.htm\" to your real html name of the flippingbook--> \r\n<iframe  style=\"width:100%;height:450px\"  src=\"https:\/\/vetreality.erasmus.site\/wp-content\/uploads\/flipbook\/4\/book.html\"  seamless=\"seamless\" scrolling=\"no\" frameborder=\"0\" allowtransparency=\"true\" allowfullscreen mozallowfullscreen  webkitallowfullscreen ><\/iframe>\r\n\n<p style=\"text-align: center;\"><a href=\"https:\/\/vetreality.erasmus.site\/wp-content\/uploads\/2021\/12\/VETREALITY_IO1_E-COMPENDIUM_esp.pdf\" target=\"_blank\" rel=\"noopener\">Download e-Compedium<\/a><\/p>\n<p><\/p>","protected":false},"excerpt":{"rendered":"<p>1) Investigar, a nivel emp\u00edrico, sobre las competencias clave de RV necesarias y requeridas por el GRUPO OBJETIVO de Profesores y Formadores de FP para promover el proceso de aprendizaje interactivo de los estudiantes con NEE en FP inicial dirigido a su acceso exitoso al ABT (a nivel local y de la UE \/ Nivel&hellip;&nbsp;<a href=\"https:\/\/vetreality.erasmus.site\/es\/o1\/\" rel=\"bookmark\">Leer m\u00e1s &raquo;<span class=\"screen-reader-text\">e-Compendium<\/span><\/a><\/p>\n","protected":false},"author":1,"featured_media":0,"parent":0,"menu_order":0,"comment_status":"closed","ping_status":"closed","template":"","meta":{"neve_meta_sidebar":"full-width","neve_meta_container":"","neve_meta_enable_content_width":"on","neve_meta_content_width":100,"neve_meta_title_alignment":"","neve_meta_author_avatar":"","neve_post_elements_order":"","neve_meta_disable_header":"","neve_meta_disable_footer":"","neve_meta_disable_title":"","footnotes":""},"class_list":["post-194","page","type-page","status-publish","hentry"],"yoast_head":"<!-- This site is optimized with the Yoast SEO plugin v27.3 - https:\/\/yoast.com\/product\/yoast-seo-wordpress\/ -->\n<title>e-Compendium - VETReality<\/title>\n<meta name=\"robots\" content=\"index, follow, max-snippet:-1, max-image-preview:large, max-video-preview:-1\" \/>\n<link rel=\"canonical\" href=\"https:\/\/vetreality.erasmus.site\/es\/o1\/\" \/>\n<meta property=\"og:locale\" content=\"es_ES\" \/>\n<meta property=\"og:type\" content=\"article\" \/>\n<meta property=\"og:title\" content=\"e-Compendium - VETReality\" \/>\n<meta property=\"og:description\" content=\"1) Investigar, a nivel emp\u00edrico, sobre las competencias clave de RV necesarias y requeridas por el GRUPO OBJETIVO de Profesores y Formadores de FP para promover el proceso de aprendizaje interactivo de los estudiantes con NEE en FP inicial dirigido a su acceso exitoso al ABT (a nivel local y de la UE \/ Nivel&hellip;&nbsp;Leer m\u00e1s &raquo;e-Compendium\" \/>\n<meta property=\"og:url\" content=\"https:\/\/vetreality.erasmus.site\/es\/o1\/\" \/>\n<meta property=\"og:site_name\" content=\"VETReality\" \/>\n<meta property=\"article:publisher\" content=\"https:\/\/www.facebook.com\/VETRealityEU\" \/>\n<meta property=\"article:modified_time\" content=\"2022-12-05T08:47:20+00:00\" \/>\n<meta name=\"twitter:card\" content=\"summary_large_image\" \/>\n<meta name=\"twitter:label1\" content=\"Tiempo de lectura\" \/>\n\t<meta name=\"twitter:data1\" content=\"2 minutos\" \/>\n<script type=\"application\/ld+json\" class=\"yoast-schema-graph\">{\"@context\":\"https:\\\/\\\/schema.org\",\"@graph\":[{\"@type\":\"WebPage\",\"@id\":\"https:\\\/\\\/vetreality.erasmus.site\\\/es\\\/o1\\\/\",\"url\":\"https:\\\/\\\/vetreality.erasmus.site\\\/es\\\/o1\\\/\",\"name\":\"e-Compendium - VETReality\",\"isPartOf\":{\"@id\":\"https:\\\/\\\/vetreality.erasmus.site\\\/es\\\/#website\"},\"datePublished\":\"2021-03-20T13:19:27+00:00\",\"dateModified\":\"2022-12-05T08:47:20+00:00\",\"breadcrumb\":{\"@id\":\"https:\\\/\\\/vetreality.erasmus.site\\\/es\\\/o1\\\/#breadcrumb\"},\"inLanguage\":\"es\",\"potentialAction\":[{\"@type\":\"ReadAction\",\"target\":[[\"https:\\\/\\\/vetreality.erasmus.site\\\/es\\\/o1\\\/\"]]}]},{\"@type\":\"BreadcrumbList\",\"@id\":\"https:\\\/\\\/vetreality.erasmus.site\\\/es\\\/o1\\\/#breadcrumb\",\"itemListElement\":[{\"@type\":\"ListItem\",\"position\":1,\"name\":\"Home\",\"item\":\"https:\\\/\\\/vetreality.erasmus.site\\\/es\\\/\"},{\"@type\":\"ListItem\",\"position\":2,\"name\":\"e-Compendium\"}]},{\"@type\":\"WebSite\",\"@id\":\"https:\\\/\\\/vetreality.erasmus.site\\\/es\\\/#website\",\"url\":\"https:\\\/\\\/vetreality.erasmus.site\\\/es\\\/\",\"name\":\"VETReality\",\"description\":\"Project\",\"publisher\":{\"@id\":\"https:\\\/\\\/vetreality.erasmus.site\\\/es\\\/#organization\"},\"potentialAction\":[{\"@type\":\"SearchAction\",\"target\":{\"@type\":\"EntryPoint\",\"urlTemplate\":\"https:\\\/\\\/vetreality.erasmus.site\\\/es\\\/?s={search_term_string}\"},\"query-input\":{\"@type\":\"PropertyValueSpecification\",\"valueRequired\":true,\"valueName\":\"search_term_string\"}}],\"inLanguage\":\"es\"},{\"@type\":\"Organization\",\"@id\":\"https:\\\/\\\/vetreality.erasmus.site\\\/es\\\/#organization\",\"name\":\"VETreality Project\",\"url\":\"https:\\\/\\\/vetreality.erasmus.site\\\/es\\\/\",\"logo\":{\"@type\":\"ImageObject\",\"inLanguage\":\"es\",\"@id\":\"https:\\\/\\\/vetreality.erasmus.site\\\/es\\\/#\\\/schema\\\/logo\\\/image\\\/\",\"url\":\"https:\\\/\\\/vetreality.erasmus.site\\\/wp-content\\\/uploads\\\/2021\\\/03\\\/cropped-cropped-Logo-Vetreality.jpg\",\"contentUrl\":\"https:\\\/\\\/vetreality.erasmus.site\\\/wp-content\\\/uploads\\\/2021\\\/03\\\/cropped-cropped-Logo-Vetreality.jpg\",\"width\":512,\"height\":512,\"caption\":\"VETreality Project\"},\"image\":{\"@id\":\"https:\\\/\\\/vetreality.erasmus.site\\\/es\\\/#\\\/schema\\\/logo\\\/image\\\/\"},\"sameAs\":[\"https:\\\/\\\/www.facebook.com\\\/VETRealityEU\"]}]}<\/script>\n<!-- \/ Yoast SEO plugin. -->","yoast_head_json":{"title":"e-Compendium - VETReality","robots":{"index":"index","follow":"follow","max-snippet":"max-snippet:-1","max-image-preview":"max-image-preview:large","max-video-preview":"max-video-preview:-1"},"canonical":"https:\/\/vetreality.erasmus.site\/es\/o1\/","og_locale":"es_ES","og_type":"article","og_title":"e-Compendium - VETReality","og_description":"1) Investigar, a nivel emp\u00edrico, sobre las competencias clave de RV necesarias y requeridas por el GRUPO OBJETIVO de Profesores y Formadores de FP para promover el proceso de aprendizaje interactivo de los estudiantes con NEE en FP inicial dirigido a su acceso exitoso al ABT (a nivel local y de la UE \/ Nivel&hellip;&nbsp;Leer m\u00e1s &raquo;e-Compendium","og_url":"https:\/\/vetreality.erasmus.site\/es\/o1\/","og_site_name":"VETReality","article_publisher":"https:\/\/www.facebook.com\/VETRealityEU","article_modified_time":"2022-12-05T08:47:20+00:00","twitter_card":"summary_large_image","twitter_misc":{"Tiempo de lectura":"2 minutos"},"schema":{"@context":"https:\/\/schema.org","@graph":[{"@type":"WebPage","@id":"https:\/\/vetreality.erasmus.site\/es\/o1\/","url":"https:\/\/vetreality.erasmus.site\/es\/o1\/","name":"e-Compendium - VETReality","isPartOf":{"@id":"https:\/\/vetreality.erasmus.site\/es\/#website"},"datePublished":"2021-03-20T13:19:27+00:00","dateModified":"2022-12-05T08:47:20+00:00","breadcrumb":{"@id":"https:\/\/vetreality.erasmus.site\/es\/o1\/#breadcrumb"},"inLanguage":"es","potentialAction":[{"@type":"ReadAction","target":[["https:\/\/vetreality.erasmus.site\/es\/o1\/"]]}]},{"@type":"BreadcrumbList","@id":"https:\/\/vetreality.erasmus.site\/es\/o1\/#breadcrumb","itemListElement":[{"@type":"ListItem","position":1,"name":"Home","item":"https:\/\/vetreality.erasmus.site\/es\/"},{"@type":"ListItem","position":2,"name":"e-Compendium"}]},{"@type":"WebSite","@id":"https:\/\/vetreality.erasmus.site\/es\/#website","url":"https:\/\/vetreality.erasmus.site\/es\/","name":"VETReality","description":"Project","publisher":{"@id":"https:\/\/vetreality.erasmus.site\/es\/#organization"},"potentialAction":[{"@type":"SearchAction","target":{"@type":"EntryPoint","urlTemplate":"https:\/\/vetreality.erasmus.site\/es\/?s={search_term_string}"},"query-input":{"@type":"PropertyValueSpecification","valueRequired":true,"valueName":"search_term_string"}}],"inLanguage":"es"},{"@type":"Organization","@id":"https:\/\/vetreality.erasmus.site\/es\/#organization","name":"VETreality Project","url":"https:\/\/vetreality.erasmus.site\/es\/","logo":{"@type":"ImageObject","inLanguage":"es","@id":"https:\/\/vetreality.erasmus.site\/es\/#\/schema\/logo\/image\/","url":"https:\/\/vetreality.erasmus.site\/wp-content\/uploads\/2021\/03\/cropped-cropped-Logo-Vetreality.jpg","contentUrl":"https:\/\/vetreality.erasmus.site\/wp-content\/uploads\/2021\/03\/cropped-cropped-Logo-Vetreality.jpg","width":512,"height":512,"caption":"VETreality Project"},"image":{"@id":"https:\/\/vetreality.erasmus.site\/es\/#\/schema\/logo\/image\/"},"sameAs":["https:\/\/www.facebook.com\/VETRealityEU"]}]}},"_links":{"self":[{"href":"https:\/\/vetreality.erasmus.site\/es\/wp-json\/wp\/v2\/pages\/194","targetHints":{"allow":["GET"]}}],"collection":[{"href":"https:\/\/vetreality.erasmus.site\/es\/wp-json\/wp\/v2\/pages"}],"about":[{"href":"https:\/\/vetreality.erasmus.site\/es\/wp-json\/wp\/v2\/types\/page"}],"author":[{"embeddable":true,"href":"https:\/\/vetreality.erasmus.site\/es\/wp-json\/wp\/v2\/users\/1"}],"replies":[{"embeddable":true,"href":"https:\/\/vetreality.erasmus.site\/es\/wp-json\/wp\/v2\/comments?post=194"}],"version-history":[{"count":16,"href":"https:\/\/vetreality.erasmus.site\/es\/wp-json\/wp\/v2\/pages\/194\/revisions"}],"predecessor-version":[{"id":787,"href":"https:\/\/vetreality.erasmus.site\/es\/wp-json\/wp\/v2\/pages\/194\/revisions\/787"}],"wp:attachment":[{"href":"https:\/\/vetreality.erasmus.site\/es\/wp-json\/wp\/v2\/media?parent=194"}],"curies":[{"name":"wp","href":"https:\/\/api.w.org\/{rel}","templated":true}]}}