{"id":149,"date":"2021-03-20T10:25:03","date_gmt":"2021-03-20T10:25:03","guid":{"rendered":"https:\/\/vetreality.erasmus.site\/?page_id=149"},"modified":"2021-12-04T09:00:57","modified_gmt":"2021-12-04T09:00:57","slug":"about","status":"publish","type":"page","link":"https:\/\/vetreality.erasmus.site\/es\/about\/","title":{"rendered":"Sobre"},"content":{"rendered":"\t\t<div data-elementor-type=\"wp-page\" data-elementor-id=\"149\" class=\"elementor elementor-149\">\n\t\t\t\t\t\t<section class=\"elementor-section elementor-top-section elementor-element elementor-element-9419ce8 elementor-section-boxed elementor-section-height-default elementor-section-height-default elementor-invisible\" data-id=\"9419ce8\" data-element_type=\"section\" data-e-type=\"section\" data-settings=\"{&quot;animation&quot;:&quot;zoomIn&quot;}\">\n\t\t\t\t\t\t<div class=\"elementor-container elementor-column-gap-default\">\n\t\t\t\t\t<div class=\"elementor-column elementor-col-50 elementor-top-column elementor-element elementor-element-0d541b9\" data-id=\"0d541b9\" data-element_type=\"column\" data-e-type=\"column\">\n\t\t\t<div class=\"elementor-widget-wrap elementor-element-populated\">\n\t\t\t\t\t\t<div class=\"elementor-element elementor-element-1357a92 elementor-widget elementor-widget-spacer\" data-id=\"1357a92\" data-element_type=\"widget\" data-e-type=\"widget\" data-widget_type=\"spacer.default\">\n\t\t\t\t<div class=\"elementor-widget-container\">\n\t\t\t\t\t\t\t<div class=\"elementor-spacer\">\n\t\t\t<div class=\"elementor-spacer-inner\"><\/div>\n\t\t<\/div>\n\t\t\t\t\t\t<\/div>\n\t\t\t\t<\/div>\n\t\t\t\t<div class=\"elementor-element elementor-element-f146683 elementor-widget elementor-widget-image\" data-id=\"f146683\" data-element_type=\"widget\" data-e-type=\"widget\" data-widget_type=\"image.default\">\n\t\t\t\t<div class=\"elementor-widget-container\">\n\t\t\t\t\t\t\t\t\t\t\t\t\t\t\t<img fetchpriority=\"high\" decoding=\"async\" width=\"1024\" height=\"576\" src=\"https:\/\/vetreality.erasmus.site\/wp-content\/uploads\/2021\/03\/18438817-1024x576.jpg\" class=\"attachment-large size-large wp-image-152\" alt=\"\" srcset=\"https:\/\/vetreality.erasmus.site\/wp-content\/uploads\/2021\/03\/18438817-1024x576.jpg 1024w, https:\/\/vetreality.erasmus.site\/wp-content\/uploads\/2021\/03\/18438817-300x169.jpg 300w, https:\/\/vetreality.erasmus.site\/wp-content\/uploads\/2021\/03\/18438817-768x432.jpg 768w, https:\/\/vetreality.erasmus.site\/wp-content\/uploads\/2021\/03\/18438817-1536x863.jpg 1536w, https:\/\/vetreality.erasmus.site\/wp-content\/uploads\/2021\/03\/18438817-2048x1151.jpg 2048w\" sizes=\"(max-width: 1024px) 100vw, 1024px\" \/>\t\t\t\t\t\t\t\t\t\t\t\t\t\t\t<\/div>\n\t\t\t\t<\/div>\n\t\t\t\t\t<\/div>\n\t\t<\/div>\n\t\t\t\t<div class=\"elementor-column elementor-col-50 elementor-top-column elementor-element elementor-element-37e9b55\" data-id=\"37e9b55\" data-element_type=\"column\" data-e-type=\"column\">\n\t\t\t<div class=\"elementor-widget-wrap elementor-element-populated\">\n\t\t\t\t\t\t<div class=\"elementor-element elementor-element-2ebf5d5 elementor-widget elementor-widget-text-editor\" data-id=\"2ebf5d5\" data-element_type=\"widget\" data-e-type=\"widget\" data-widget_type=\"text-editor.default\">\n\t\t\t\t<div class=\"elementor-widget-container\">\n\t\t\t\t\t\t\t\t\t<p><\/p><p><\/p><p>La mejora de las competencias de los profesores y formadores para fomentar la inclusi\u00f3n ha sido identificada como una alta prioridad pol\u00edtica por la UE (EC Com2018\/23), as\u00ed como por el Comit\u00e9 de las Naciones Unidas sobre los Derechos de las Personas con Discapacidad. (Informe 2016 sobre el derecho a la educaci\u00f3n inclusiva) y por la AGENDA 2030 de la ONU para el Desarrollo Sostenible (Objetivos 4 y 8). Adem\u00e1s, el informe de la CE de 2018 \u00abEducaci\u00f3n y necesidades especiales: pol\u00edticas y practicas en educaci\u00f3n, formaci\u00f3n y empleo para estudiantes con necesidades especiales en la UE\u00bb confirma que para integrar a los estudiantes con necesidades especiales en educaci\u00f3n y formaci\u00f3n, es necesario preparar a profesores y formadores utilizar herramientas digitales e innovadoras, como los entornos virtuales de aprendizaje (VLE). En el marco de VLE, el uso de la realidad virtual se considera rentable para los estudiantes con necesidades especiales cuando se solicita para facilitar su acceso a ense\u00f1anzas basadas en proyectos a nivel local y a nivel internacional y de mobilidad<\/p><p><\/p>\t\t\t\t\t\t\t\t<\/div>\n\t\t\t\t<\/div>\n\t\t\t\t\t<\/div>\n\t\t<\/div>\n\t\t\t\t\t<\/div>\n\t\t<\/section>\n\t\t\t\t<\/div>\n\t\t","protected":false},"excerpt":{"rendered":"<p>La mejora de las competencias de los profesores y formadores para fomentar la inclusi\u00f3n ha sido identificada como una alta prioridad pol\u00edtica por la UE (EC Com2018\/23), as\u00ed como por el Comit\u00e9 de las Naciones Unidas sobre los Derechos de las Personas con Discapacidad. (Informe 2016 sobre el derecho a la educaci\u00f3n inclusiva) y por&hellip;&nbsp;<a href=\"https:\/\/vetreality.erasmus.site\/es\/about\/\" rel=\"bookmark\">Leer m\u00e1s &raquo;<span class=\"screen-reader-text\">Sobre<\/span><\/a><\/p>\n","protected":false},"author":1,"featured_media":0,"parent":0,"menu_order":0,"comment_status":"closed","ping_status":"closed","template":"page-templates\/template-pagebuilder-full-width.php","meta":{"neve_meta_sidebar":"full-width","neve_meta_container":"","neve_meta_enable_content_width":"on","neve_meta_content_width":100,"neve_meta_title_alignment":"","neve_meta_author_avatar":"","neve_post_elements_order":"","neve_meta_disable_header":"","neve_meta_disable_footer":"","neve_meta_disable_title":"","footnotes":""},"class_list":["post-149","page","type-page","status-publish","hentry"],"yoast_head":"<!-- This site is optimized with the Yoast SEO plugin v27.3 - https:\/\/yoast.com\/product\/yoast-seo-wordpress\/ -->\n<title>Sobre - VETReality<\/title>\n<meta name=\"robots\" content=\"index, follow, max-snippet:-1, max-image-preview:large, max-video-preview:-1\" \/>\n<link rel=\"canonical\" href=\"https:\/\/vetreality.erasmus.site\/es\/about\/\" \/>\n<meta property=\"og:locale\" content=\"es_ES\" \/>\n<meta property=\"og:type\" content=\"article\" \/>\n<meta property=\"og:title\" content=\"Sobre - VETReality\" \/>\n<meta property=\"og:description\" content=\"La mejora de las competencias de los profesores y formadores para fomentar la inclusi\u00f3n ha sido identificada como una alta prioridad pol\u00edtica por la UE (EC Com2018\/23), as\u00ed como por el Comit\u00e9 de las Naciones Unidas sobre los Derechos de las Personas con Discapacidad. (Informe 2016 sobre el derecho a la educaci\u00f3n inclusiva) y por&hellip;&nbsp;Leer m\u00e1s &raquo;Sobre\" \/>\n<meta property=\"og:url\" content=\"https:\/\/vetreality.erasmus.site\/es\/about\/\" \/>\n<meta property=\"og:site_name\" content=\"VETReality\" \/>\n<meta property=\"article:publisher\" content=\"https:\/\/www.facebook.com\/VETRealityEU\" \/>\n<meta property=\"article:modified_time\" content=\"2021-12-04T09:00:57+00:00\" \/>\n<meta property=\"og:image\" content=\"https:\/\/vetreality.erasmus.site\/wp-content\/uploads\/2021\/03\/18438817-1024x576.jpg\" \/>\n<meta name=\"twitter:card\" content=\"summary_large_image\" \/>\n<meta name=\"twitter:label1\" content=\"Tiempo de lectura\" \/>\n\t<meta name=\"twitter:data1\" content=\"6 minutos\" \/>\n<script type=\"application\/ld+json\" class=\"yoast-schema-graph\">{\"@context\":\"https:\\\/\\\/schema.org\",\"@graph\":[{\"@type\":\"WebPage\",\"@id\":\"https:\\\/\\\/vetreality.erasmus.site\\\/es\\\/about\\\/\",\"url\":\"https:\\\/\\\/vetreality.erasmus.site\\\/es\\\/about\\\/\",\"name\":\"Sobre - VETReality\",\"isPartOf\":{\"@id\":\"https:\\\/\\\/vetreality.erasmus.site\\\/es\\\/#website\"},\"primaryImageOfPage\":{\"@id\":\"https:\\\/\\\/vetreality.erasmus.site\\\/es\\\/about\\\/#primaryimage\"},\"image\":{\"@id\":\"https:\\\/\\\/vetreality.erasmus.site\\\/about\\\/#primaryimage\"},\"thumbnailUrl\":\"https:\\\/\\\/vetreality.erasmus.site\\\/wp-content\\\/uploads\\\/2021\\\/03\\\/18438817-1024x576.jpg\",\"datePublished\":\"2021-03-20T10:25:03+00:00\",\"dateModified\":\"2021-12-04T09:00:57+00:00\",\"breadcrumb\":{\"@id\":\"https:\\\/\\\/vetreality.erasmus.site\\\/es\\\/about\\\/#breadcrumb\"},\"inLanguage\":\"es\",\"potentialAction\":[{\"@type\":\"ReadAction\",\"target\":[[\"https:\\\/\\\/vetreality.erasmus.site\\\/es\\\/about\\\/\"]]}]},{\"@type\":\"ImageObject\",\"inLanguage\":\"es\",\"@id\":\"https:\\\/\\\/vetreality.erasmus.site\\\/es\\\/about\\\/#primaryimage\",\"url\":\"https:\\\/\\\/vetreality.erasmus.site\\\/wp-content\\\/uploads\\\/2021\\\/03\\\/18438817-1024x576.jpg\",\"contentUrl\":\"https:\\\/\\\/vetreality.erasmus.site\\\/wp-content\\\/uploads\\\/2021\\\/03\\\/18438817-1024x576.jpg\"},{\"@type\":\"BreadcrumbList\",\"@id\":\"https:\\\/\\\/vetreality.erasmus.site\\\/es\\\/about\\\/#breadcrumb\",\"itemListElement\":[{\"@type\":\"ListItem\",\"position\":1,\"name\":\"Home\",\"item\":\"https:\\\/\\\/vetreality.erasmus.site\\\/es\\\/\"},{\"@type\":\"ListItem\",\"position\":2,\"name\":\"About\"}]},{\"@type\":\"WebSite\",\"@id\":\"https:\\\/\\\/vetreality.erasmus.site\\\/es\\\/#website\",\"url\":\"https:\\\/\\\/vetreality.erasmus.site\\\/es\\\/\",\"name\":\"VETReality\",\"description\":\"Project\",\"publisher\":{\"@id\":\"https:\\\/\\\/vetreality.erasmus.site\\\/es\\\/#organization\"},\"potentialAction\":[{\"@type\":\"SearchAction\",\"target\":{\"@type\":\"EntryPoint\",\"urlTemplate\":\"https:\\\/\\\/vetreality.erasmus.site\\\/es\\\/?s={search_term_string}\"},\"query-input\":{\"@type\":\"PropertyValueSpecification\",\"valueRequired\":true,\"valueName\":\"search_term_string\"}}],\"inLanguage\":\"es\"},{\"@type\":\"Organization\",\"@id\":\"https:\\\/\\\/vetreality.erasmus.site\\\/es\\\/#organization\",\"name\":\"VETreality Project\",\"url\":\"https:\\\/\\\/vetreality.erasmus.site\\\/es\\\/\",\"logo\":{\"@type\":\"ImageObject\",\"inLanguage\":\"es\",\"@id\":\"https:\\\/\\\/vetreality.erasmus.site\\\/es\\\/#\\\/schema\\\/logo\\\/image\\\/\",\"url\":\"https:\\\/\\\/vetreality.erasmus.site\\\/wp-content\\\/uploads\\\/2021\\\/03\\\/cropped-cropped-Logo-Vetreality.jpg\",\"contentUrl\":\"https:\\\/\\\/vetreality.erasmus.site\\\/wp-content\\\/uploads\\\/2021\\\/03\\\/cropped-cropped-Logo-Vetreality.jpg\",\"width\":512,\"height\":512,\"caption\":\"VETreality Project\"},\"image\":{\"@id\":\"https:\\\/\\\/vetreality.erasmus.site\\\/es\\\/#\\\/schema\\\/logo\\\/image\\\/\"},\"sameAs\":[\"https:\\\/\\\/www.facebook.com\\\/VETRealityEU\"]}]}<\/script>\n<!-- \/ Yoast SEO plugin. -->","yoast_head_json":{"title":"Sobre - VETReality","robots":{"index":"index","follow":"follow","max-snippet":"max-snippet:-1","max-image-preview":"max-image-preview:large","max-video-preview":"max-video-preview:-1"},"canonical":"https:\/\/vetreality.erasmus.site\/es\/about\/","og_locale":"es_ES","og_type":"article","og_title":"Sobre - VETReality","og_description":"La mejora de las competencias de los profesores y formadores para fomentar la inclusi\u00f3n ha sido identificada como una alta prioridad pol\u00edtica por la UE (EC Com2018\/23), as\u00ed como por el Comit\u00e9 de las Naciones Unidas sobre los Derechos de las Personas con Discapacidad. (Informe 2016 sobre el derecho a la educaci\u00f3n inclusiva) y por&hellip;&nbsp;Leer m\u00e1s &raquo;Sobre","og_url":"https:\/\/vetreality.erasmus.site\/es\/about\/","og_site_name":"VETReality","article_publisher":"https:\/\/www.facebook.com\/VETRealityEU","article_modified_time":"2021-12-04T09:00:57+00:00","og_image":[{"url":"https:\/\/vetreality.erasmus.site\/wp-content\/uploads\/2021\/03\/18438817-1024x576.jpg","type":"","width":"","height":""}],"twitter_card":"summary_large_image","twitter_misc":{"Tiempo de lectura":"6 minutos"},"schema":{"@context":"https:\/\/schema.org","@graph":[{"@type":"WebPage","@id":"https:\/\/vetreality.erasmus.site\/es\/about\/","url":"https:\/\/vetreality.erasmus.site\/es\/about\/","name":"Sobre - VETReality","isPartOf":{"@id":"https:\/\/vetreality.erasmus.site\/es\/#website"},"primaryImageOfPage":{"@id":"https:\/\/vetreality.erasmus.site\/es\/about\/#primaryimage"},"image":{"@id":"https:\/\/vetreality.erasmus.site\/about\/#primaryimage"},"thumbnailUrl":"https:\/\/vetreality.erasmus.site\/wp-content\/uploads\/2021\/03\/18438817-1024x576.jpg","datePublished":"2021-03-20T10:25:03+00:00","dateModified":"2021-12-04T09:00:57+00:00","breadcrumb":{"@id":"https:\/\/vetreality.erasmus.site\/es\/about\/#breadcrumb"},"inLanguage":"es","potentialAction":[{"@type":"ReadAction","target":[["https:\/\/vetreality.erasmus.site\/es\/about\/"]]}]},{"@type":"ImageObject","inLanguage":"es","@id":"https:\/\/vetreality.erasmus.site\/es\/about\/#primaryimage","url":"https:\/\/vetreality.erasmus.site\/wp-content\/uploads\/2021\/03\/18438817-1024x576.jpg","contentUrl":"https:\/\/vetreality.erasmus.site\/wp-content\/uploads\/2021\/03\/18438817-1024x576.jpg"},{"@type":"BreadcrumbList","@id":"https:\/\/vetreality.erasmus.site\/es\/about\/#breadcrumb","itemListElement":[{"@type":"ListItem","position":1,"name":"Home","item":"https:\/\/vetreality.erasmus.site\/es\/"},{"@type":"ListItem","position":2,"name":"About"}]},{"@type":"WebSite","@id":"https:\/\/vetreality.erasmus.site\/es\/#website","url":"https:\/\/vetreality.erasmus.site\/es\/","name":"VETReality","description":"Project","publisher":{"@id":"https:\/\/vetreality.erasmus.site\/es\/#organization"},"potentialAction":[{"@type":"SearchAction","target":{"@type":"EntryPoint","urlTemplate":"https:\/\/vetreality.erasmus.site\/es\/?s={search_term_string}"},"query-input":{"@type":"PropertyValueSpecification","valueRequired":true,"valueName":"search_term_string"}}],"inLanguage":"es"},{"@type":"Organization","@id":"https:\/\/vetreality.erasmus.site\/es\/#organization","name":"VETreality Project","url":"https:\/\/vetreality.erasmus.site\/es\/","logo":{"@type":"ImageObject","inLanguage":"es","@id":"https:\/\/vetreality.erasmus.site\/es\/#\/schema\/logo\/image\/","url":"https:\/\/vetreality.erasmus.site\/wp-content\/uploads\/2021\/03\/cropped-cropped-Logo-Vetreality.jpg","contentUrl":"https:\/\/vetreality.erasmus.site\/wp-content\/uploads\/2021\/03\/cropped-cropped-Logo-Vetreality.jpg","width":512,"height":512,"caption":"VETreality Project"},"image":{"@id":"https:\/\/vetreality.erasmus.site\/es\/#\/schema\/logo\/image\/"},"sameAs":["https:\/\/www.facebook.com\/VETRealityEU"]}]}},"_links":{"self":[{"href":"https:\/\/vetreality.erasmus.site\/es\/wp-json\/wp\/v2\/pages\/149","targetHints":{"allow":["GET"]}}],"collection":[{"href":"https:\/\/vetreality.erasmus.site\/es\/wp-json\/wp\/v2\/pages"}],"about":[{"href":"https:\/\/vetreality.erasmus.site\/es\/wp-json\/wp\/v2\/types\/page"}],"author":[{"embeddable":true,"href":"https:\/\/vetreality.erasmus.site\/es\/wp-json\/wp\/v2\/users\/1"}],"replies":[{"embeddable":true,"href":"https:\/\/vetreality.erasmus.site\/es\/wp-json\/wp\/v2\/comments?post=149"}],"version-history":[{"count":27,"href":"https:\/\/vetreality.erasmus.site\/es\/wp-json\/wp\/v2\/pages\/149\/revisions"}],"predecessor-version":[{"id":554,"href":"https:\/\/vetreality.erasmus.site\/es\/wp-json\/wp\/v2\/pages\/149\/revisions\/554"}],"wp:attachment":[{"href":"https:\/\/vetreality.erasmus.site\/es\/wp-json\/wp\/v2\/media?parent=149"}],"curies":[{"name":"wp","href":"https:\/\/api.w.org\/{rel}","templated":true}]}}