{"id":198,"date":"2021-03-20T13:22:42","date_gmt":"2021-03-20T13:22:42","guid":{"rendered":"https:\/\/vetreality.erasmus.site\/?page_id=198"},"modified":"2022-12-22T10:23:51","modified_gmt":"2022-12-22T10:23:51","slug":"o3","status":"publish","type":"page","link":"https:\/\/vetreality.erasmus.site\/de\/o3\/","title":{"rendered":"Mobility tool box"},"content":{"rendered":"<p>Mobilit\u00e4tsprogramme k\u00f6nnten eine gro\u00dfe Chance f\u00fcr Lernende mit speziellem F\u00f6rderbedarf sein, da sie ihre Bed\u00fcrfnisse nach St\u00e4rkung des Selbstwertgef\u00fchls, der Autonomie, der zwischenmenschlichen, sozialen und vieler anderer Soft Skills unterst\u00fctzen k\u00f6nnten, die ebenso wichtig sind wie die technischen, um ein pers\u00f6nliches und berufliches Lebensprojekt zu verwirklichen. Die derzeitigen Mobilit\u00e4tsprogramme sind jedoch nicht vollst\u00e4ndig an Lernende mit speziellem F\u00f6rderbedarf angepasst, und die berufsbildenden Schulen\/Berufsbildungsanbieter sowie ihre Familien zeigen sich skeptisch und \u00e4ngstlich, wenn sie \u00fcber die Teilnahme von Lernende mit speziellem F\u00f6rderbedarf entscheiden, was sich erheblich auf die Teilnahmequote auswirkt (weniger als 1 % laut dem Zwischenbericht der Europ\u00e4ischen Kommission zur Erasmus+-Bewertung, 2018). Die von P2-Reattiva durch Indikatoren und Wirkungsanalysen (57 Mobilit\u00e4tsprojekte, die zwischen 2011 und 19 koordiniert wurden, etwa 8.000 Lernende in der beruflichen Erstausbildung, von denen 325 Lernende mit speziellem F\u00f6rderbedarf waren) sowie von den Partnern des Konsortiums und ihren Netzwerken gesammelten Daten zeigen deutlich, dass es notwendig ist, der ZIELGRUPPE des Lehr- und Ausbildungspersonals in der beruflichen Bildung Wissen und F\u00e4higkeiten zu vermitteln, um Lernende mit speziellem F\u00f6rderbedarf den Zugang zur Mobilit\u00e4t zu erleichtern.<\/p>\n<p>&#8222;Die Partnerschaft, die \u00fcber umfangreiche Erfahrungen im Bereich Mobilit\u00e4t und VR-Anwendungen verf\u00fcgt, wird auf die oben genannten Bed\u00fcrfnisse eingehen, indem sie eine online-basierte Mobilit\u00e4ts-Toolbox entwickelt, um der Zielgruppe Kompetenzen f\u00fcr die Nutzung der VR-Technologie als Mittel f\u00fcr immersives und interaktives Lernen (in 3D-360\u00b0) zu vermitteln, mit dem Ziel, die Beteiligung von Lernenden mit speziellen Bed\u00fcrfnissen an der Mobilit\u00e4t zu f\u00f6rdern und zu erleichtern.<\/p>\n<p>DiscoverEU Map&#8220;: Wie kann man ein motivierendes Bild der Mobilit\u00e4t schaffen und Lernende mit speziellem F\u00f6rderbedarf bei der Orientierung und Integration im Gastland unterst\u00fctzen?<br \/>\ne-Portfolio: wie man Lernende mit speziellem F\u00f6rderbedarf bei der Erstellung, Zuordnung und Verwaltung eines pers\u00f6nlichen e-Profils hilft, das f\u00fcr eine erfolgreiche Bewerbung um ein Auslandspraktikum erforderlich ist;<br \/>\nMatching von Mobilit\u00e4tskompetenzen: Wie kann man Lernende mit speziellem F\u00f6rderbedarf ein geeignetes Mobilit\u00e4tsprogramm zu Lernzwecken anbieten, das auf F\u00e4higkeiten, Qualifikationen, Erfahrungen und Pr\u00e4ferenzen\/Erwartungen basiert?<br \/>\nMobilit\u00e4tsgespr\u00e4ch: Wie unterst\u00fctzt man Lernende mit speziellem F\u00f6rderbedarf bei der Vorbereitung des Praktikumsgespr\u00e4chs mit dem ausgew\u00e4hlten aufnehmenden Unternehmen?<br \/>\nMobilit\u00e4tsbewusstsein: Wie kann man Lernende mit speziellem F\u00f6rderbedarf helfen, sich mit dem aufnehmenden Unternehmen, den vorgeschlagenen Aufgaben und den Praktikumszielen vertraut zu machen?<br \/>\nUmsetzung der Mobilit\u00e4t: Wie kann Lernende mit speziellem F\u00f6rderbedarf, die an einer Mobilit\u00e4tsma\u00dfnahme teilnehmen, betreuen und die Mobilit\u00e4t evaluieren und nachbereiten?<\/p>\n<div class=\"row\">\n<div class=\"col-sm-12\" style=\"text-align: center;\"><a href=\"https:\/\/vetreality.erasmus.site\/wp-content\/uploads\/2022\/12\/IO3-VETreality-Mobility-ToolBox-GERMAN.pdf\" target=\"_blank\" rel=\"noopener noreferrer\"><br \/>\n<img fetchpriority=\"high\" decoding=\"async\" class=\"size-medium wp-image-117 aligncenter\" src=\"https:\/\/vetreality.erasmus.site\/wp-content\/uploads\/2022\/12\/IO3-VETreality-Mobility-ToolBox-ENGLISH-page-001.jpg\" alt=\"\" width=\"212\" height=\"300\" \/>VETreality Mobilit\u00e4ts-Toolbox f\u00fcr Lehrkr\u00e4fte und Ausbilder in der beruflichen Bildung<\/a><\/div>\n<\/div>\n<hr>\n<p><a href=\"https:\/\/play.google.com\/store\/apps\/details?id=eu.dcnet.vetreality\" target=\"_blank\" rel=\"noopener\"><img decoding=\"async\" class=\"wp-image-857 aligncenter\" src=\"https:\/\/vetreality.erasmus.site\/wp-content\/uploads\/2022\/12\/Google_Play-Badge-Logo.wine_-e1671703779967-300x91.png\" alt=\"\" width=\"300\" height=\"91\" srcset=\"https:\/\/vetreality.erasmus.site\/wp-content\/uploads\/2022\/12\/Google_Play-Badge-Logo.wine_-e1671703779967-300x91.png 300w, https:\/\/vetreality.erasmus.site\/wp-content\/uploads\/2022\/12\/Google_Play-Badge-Logo.wine_-e1671703779967-1024x310.png 1024w, https:\/\/vetreality.erasmus.site\/wp-content\/uploads\/2022\/12\/Google_Play-Badge-Logo.wine_-e1671703779967-768x233.png 768w, https:\/\/vetreality.erasmus.site\/wp-content\/uploads\/2022\/12\/Google_Play-Badge-Logo.wine_-e1671703779967-1536x465.png 1536w, https:\/\/vetreality.erasmus.site\/wp-content\/uploads\/2022\/12\/Google_Play-Badge-Logo.wine_-e1671703779967-2048x620.png 2048w, https:\/\/vetreality.erasmus.site\/wp-content\/uploads\/2022\/12\/Google_Play-Badge-Logo.wine_-e1671703779967-24x7.png 24w, https:\/\/vetreality.erasmus.site\/wp-content\/uploads\/2022\/12\/Google_Play-Badge-Logo.wine_-e1671703779967-36x11.png 36w, https:\/\/vetreality.erasmus.site\/wp-content\/uploads\/2022\/12\/Google_Play-Badge-Logo.wine_-e1671703779967-48x15.png 48w\" sizes=\"(max-width: 300px) 100vw, 300px\" \/><\/a><\/p>\n<p><a href=\"https:\/\/apps.apple.com\/app\/vetreality\/id1636655259\" target=\"_blank\" rel=\"noopener\"><img decoding=\"async\" class=\"wp-image-858 size-medium aligncenter\" src=\"https:\/\/vetreality.erasmus.site\/wp-content\/uploads\/2022\/12\/App_Store_iOS-Badge-Logo.wine_-e1671704368694-300x97.png\" alt=\"\" width=\"300\" height=\"97\" srcset=\"https:\/\/vetreality.erasmus.site\/wp-content\/uploads\/2022\/12\/App_Store_iOS-Badge-Logo.wine_-e1671704368694-300x97.png 300w, https:\/\/vetreality.erasmus.site\/wp-content\/uploads\/2022\/12\/App_Store_iOS-Badge-Logo.wine_-e1671704368694-1024x332.png 1024w, https:\/\/vetreality.erasmus.site\/wp-content\/uploads\/2022\/12\/App_Store_iOS-Badge-Logo.wine_-e1671704368694-768x249.png 768w, https:\/\/vetreality.erasmus.site\/wp-content\/uploads\/2022\/12\/App_Store_iOS-Badge-Logo.wine_-e1671704368694-1536x499.png 1536w, https:\/\/vetreality.erasmus.site\/wp-content\/uploads\/2022\/12\/App_Store_iOS-Badge-Logo.wine_-e1671704368694-2048x665.png 2048w, https:\/\/vetreality.erasmus.site\/wp-content\/uploads\/2022\/12\/App_Store_iOS-Badge-Logo.wine_-e1671704368694-24x8.png 24w, https:\/\/vetreality.erasmus.site\/wp-content\/uploads\/2022\/12\/App_Store_iOS-Badge-Logo.wine_-e1671704368694-36x12.png 36w, https:\/\/vetreality.erasmus.site\/wp-content\/uploads\/2022\/12\/App_Store_iOS-Badge-Logo.wine_-e1671704368694-48x16.png 48w\" sizes=\"(max-width: 300px) 100vw, 300px\" \/><\/a><\/p>","protected":false},"excerpt":{"rendered":"<p>Mobilit\u00e4tsprogramme k\u00f6nnten eine gro\u00dfe Chance f\u00fcr Lernende mit speziellem F\u00f6rderbedarf sein, da sie ihre Bed\u00fcrfnisse nach St\u00e4rkung des Selbstwertgef\u00fchls, der Autonomie, der zwischenmenschlichen, sozialen und vieler anderer Soft Skills unterst\u00fctzen k\u00f6nnten, die ebenso wichtig sind wie die technischen, um ein pers\u00f6nliches und berufliches Lebensprojekt zu verwirklichen. Die derzeitigen Mobilit\u00e4tsprogramme sind jedoch nicht vollst\u00e4ndig an Lernende&hellip;&nbsp;<a href=\"https:\/\/vetreality.erasmus.site\/de\/o3\/\" rel=\"bookmark\">Weiterlesen &raquo;<span class=\"screen-reader-text\">Mobility tool box<\/span><\/a><\/p>\n","protected":false},"author":1,"featured_media":0,"parent":0,"menu_order":0,"comment_status":"closed","ping_status":"closed","template":"","meta":{"neve_meta_sidebar":"full-width","neve_meta_container":"","neve_meta_enable_content_width":"on","neve_meta_content_width":100,"neve_meta_title_alignment":"","neve_meta_author_avatar":"","neve_post_elements_order":"","neve_meta_disable_header":"","neve_meta_disable_footer":"","neve_meta_disable_title":"","footnotes":""},"class_list":["post-198","page","type-page","status-publish","hentry"],"yoast_head":"<!-- This site is optimized with the Yoast SEO plugin v27.3 - https:\/\/yoast.com\/product\/yoast-seo-wordpress\/ -->\n<title>Mobility tool box - VETReality<\/title>\n<meta name=\"robots\" content=\"index, follow, max-snippet:-1, max-image-preview:large, max-video-preview:-1\" \/>\n<link rel=\"canonical\" href=\"https:\/\/vetreality.erasmus.site\/de\/o3\/\" \/>\n<meta property=\"og:locale\" content=\"de_DE\" \/>\n<meta property=\"og:type\" content=\"article\" \/>\n<meta property=\"og:title\" content=\"Mobility tool box - VETReality\" \/>\n<meta property=\"og:description\" content=\"Mobilit\u00e4tsprogramme k\u00f6nnten eine gro\u00dfe Chance f\u00fcr Lernende mit speziellem F\u00f6rderbedarf sein, da sie ihre Bed\u00fcrfnisse nach St\u00e4rkung des Selbstwertgef\u00fchls, der Autonomie, der zwischenmenschlichen, sozialen und vieler anderer Soft Skills unterst\u00fctzen k\u00f6nnten, die ebenso wichtig sind wie die technischen, um ein pers\u00f6nliches und berufliches Lebensprojekt zu verwirklichen. Die derzeitigen Mobilit\u00e4tsprogramme sind jedoch nicht vollst\u00e4ndig an Lernende&hellip;&nbsp;Weiterlesen &raquo;Mobility tool box\" \/>\n<meta property=\"og:url\" content=\"https:\/\/vetreality.erasmus.site\/de\/o3\/\" \/>\n<meta property=\"og:site_name\" content=\"VETReality\" \/>\n<meta property=\"article:publisher\" content=\"https:\/\/www.facebook.com\/VETRealityEU\" \/>\n<meta property=\"article:modified_time\" content=\"2022-12-22T10:23:51+00:00\" \/>\n<meta property=\"og:image\" content=\"https:\/\/vetreality.erasmus.site\/wp-content\/uploads\/2022\/12\/IO3-VETreality-Mobility-ToolBox-ENGLISH-page-001.jpg\" \/>\n<meta name=\"twitter:card\" content=\"summary_large_image\" \/>\n<meta name=\"twitter:label1\" content=\"Gesch\u00e4tzte Lesezeit\" \/>\n\t<meta name=\"twitter:data1\" content=\"3\u00a0Minuten\" \/>\n<script type=\"application\/ld+json\" class=\"yoast-schema-graph\">{\"@context\":\"https:\\\/\\\/schema.org\",\"@graph\":[{\"@type\":\"WebPage\",\"@id\":\"https:\\\/\\\/vetreality.erasmus.site\\\/de\\\/o3\\\/\",\"url\":\"https:\\\/\\\/vetreality.erasmus.site\\\/de\\\/o3\\\/\",\"name\":\"Mobility tool box - VETReality\",\"isPartOf\":{\"@id\":\"https:\\\/\\\/vetreality.erasmus.site\\\/de\\\/#website\"},\"primaryImageOfPage\":{\"@id\":\"https:\\\/\\\/vetreality.erasmus.site\\\/de\\\/o3\\\/#primaryimage\"},\"image\":{\"@id\":\"https:\\\/\\\/vetreality.erasmus.site\\\/o3\\\/#primaryimage\"},\"thumbnailUrl\":\"https:\\\/\\\/vetreality.erasmus.site\\\/wp-content\\\/uploads\\\/2022\\\/12\\\/IO3-VETreality-Mobility-ToolBox-ENGLISH-page-001.jpg\",\"datePublished\":\"2021-03-20T13:22:42+00:00\",\"dateModified\":\"2022-12-22T10:23:51+00:00\",\"breadcrumb\":{\"@id\":\"https:\\\/\\\/vetreality.erasmus.site\\\/de\\\/o3\\\/#breadcrumb\"},\"inLanguage\":\"de\",\"potentialAction\":[{\"@type\":\"ReadAction\",\"target\":[[\"https:\\\/\\\/vetreality.erasmus.site\\\/de\\\/o3\\\/\"]]}]},{\"@type\":\"ImageObject\",\"inLanguage\":\"de\",\"@id\":\"https:\\\/\\\/vetreality.erasmus.site\\\/de\\\/o3\\\/#primaryimage\",\"url\":\"https:\\\/\\\/vetreality.erasmus.site\\\/wp-content\\\/uploads\\\/2022\\\/12\\\/IO3-VETreality-Mobility-ToolBox-ENGLISH-page-001.jpg\",\"contentUrl\":\"https:\\\/\\\/vetreality.erasmus.site\\\/wp-content\\\/uploads\\\/2022\\\/12\\\/IO3-VETreality-Mobility-ToolBox-ENGLISH-page-001.jpg\"},{\"@type\":\"BreadcrumbList\",\"@id\":\"https:\\\/\\\/vetreality.erasmus.site\\\/de\\\/o3\\\/#breadcrumb\",\"itemListElement\":[{\"@type\":\"ListItem\",\"position\":1,\"name\":\"Home\",\"item\":\"https:\\\/\\\/vetreality.erasmus.site\\\/de\\\/\"},{\"@type\":\"ListItem\",\"position\":2,\"name\":\"Mobility tool box\"}]},{\"@type\":\"WebSite\",\"@id\":\"https:\\\/\\\/vetreality.erasmus.site\\\/de\\\/#website\",\"url\":\"https:\\\/\\\/vetreality.erasmus.site\\\/de\\\/\",\"name\":\"VETReality\",\"description\":\"Project\",\"publisher\":{\"@id\":\"https:\\\/\\\/vetreality.erasmus.site\\\/de\\\/#organization\"},\"potentialAction\":[{\"@type\":\"SearchAction\",\"target\":{\"@type\":\"EntryPoint\",\"urlTemplate\":\"https:\\\/\\\/vetreality.erasmus.site\\\/de\\\/?s={search_term_string}\"},\"query-input\":{\"@type\":\"PropertyValueSpecification\",\"valueRequired\":true,\"valueName\":\"search_term_string\"}}],\"inLanguage\":\"de\"},{\"@type\":\"Organization\",\"@id\":\"https:\\\/\\\/vetreality.erasmus.site\\\/de\\\/#organization\",\"name\":\"VETreality Project\",\"url\":\"https:\\\/\\\/vetreality.erasmus.site\\\/de\\\/\",\"logo\":{\"@type\":\"ImageObject\",\"inLanguage\":\"de\",\"@id\":\"https:\\\/\\\/vetreality.erasmus.site\\\/de\\\/#\\\/schema\\\/logo\\\/image\\\/\",\"url\":\"https:\\\/\\\/vetreality.erasmus.site\\\/wp-content\\\/uploads\\\/2021\\\/03\\\/cropped-cropped-Logo-Vetreality.jpg\",\"contentUrl\":\"https:\\\/\\\/vetreality.erasmus.site\\\/wp-content\\\/uploads\\\/2021\\\/03\\\/cropped-cropped-Logo-Vetreality.jpg\",\"width\":512,\"height\":512,\"caption\":\"VETreality Project\"},\"image\":{\"@id\":\"https:\\\/\\\/vetreality.erasmus.site\\\/de\\\/#\\\/schema\\\/logo\\\/image\\\/\"},\"sameAs\":[\"https:\\\/\\\/www.facebook.com\\\/VETRealityEU\"]}]}<\/script>\n<!-- \/ Yoast SEO plugin. -->","yoast_head_json":{"title":"Mobility tool box - VETReality","robots":{"index":"index","follow":"follow","max-snippet":"max-snippet:-1","max-image-preview":"max-image-preview:large","max-video-preview":"max-video-preview:-1"},"canonical":"https:\/\/vetreality.erasmus.site\/de\/o3\/","og_locale":"de_DE","og_type":"article","og_title":"Mobility tool box - VETReality","og_description":"Mobilit\u00e4tsprogramme k\u00f6nnten eine gro\u00dfe Chance f\u00fcr Lernende mit speziellem F\u00f6rderbedarf sein, da sie ihre Bed\u00fcrfnisse nach St\u00e4rkung des Selbstwertgef\u00fchls, der Autonomie, der zwischenmenschlichen, sozialen und vieler anderer Soft Skills unterst\u00fctzen k\u00f6nnten, die ebenso wichtig sind wie die technischen, um ein pers\u00f6nliches und berufliches Lebensprojekt zu verwirklichen. Die derzeitigen Mobilit\u00e4tsprogramme sind jedoch nicht vollst\u00e4ndig an Lernende&hellip;&nbsp;Weiterlesen &raquo;Mobility tool box","og_url":"https:\/\/vetreality.erasmus.site\/de\/o3\/","og_site_name":"VETReality","article_publisher":"https:\/\/www.facebook.com\/VETRealityEU","article_modified_time":"2022-12-22T10:23:51+00:00","og_image":[{"url":"https:\/\/vetreality.erasmus.site\/wp-content\/uploads\/2022\/12\/IO3-VETreality-Mobility-ToolBox-ENGLISH-page-001.jpg","type":"","width":"","height":""}],"twitter_card":"summary_large_image","twitter_misc":{"Gesch\u00e4tzte Lesezeit":"3\u00a0Minuten"},"schema":{"@context":"https:\/\/schema.org","@graph":[{"@type":"WebPage","@id":"https:\/\/vetreality.erasmus.site\/de\/o3\/","url":"https:\/\/vetreality.erasmus.site\/de\/o3\/","name":"Mobility tool box - VETReality","isPartOf":{"@id":"https:\/\/vetreality.erasmus.site\/de\/#website"},"primaryImageOfPage":{"@id":"https:\/\/vetreality.erasmus.site\/de\/o3\/#primaryimage"},"image":{"@id":"https:\/\/vetreality.erasmus.site\/o3\/#primaryimage"},"thumbnailUrl":"https:\/\/vetreality.erasmus.site\/wp-content\/uploads\/2022\/12\/IO3-VETreality-Mobility-ToolBox-ENGLISH-page-001.jpg","datePublished":"2021-03-20T13:22:42+00:00","dateModified":"2022-12-22T10:23:51+00:00","breadcrumb":{"@id":"https:\/\/vetreality.erasmus.site\/de\/o3\/#breadcrumb"},"inLanguage":"de","potentialAction":[{"@type":"ReadAction","target":[["https:\/\/vetreality.erasmus.site\/de\/o3\/"]]}]},{"@type":"ImageObject","inLanguage":"de","@id":"https:\/\/vetreality.erasmus.site\/de\/o3\/#primaryimage","url":"https:\/\/vetreality.erasmus.site\/wp-content\/uploads\/2022\/12\/IO3-VETreality-Mobility-ToolBox-ENGLISH-page-001.jpg","contentUrl":"https:\/\/vetreality.erasmus.site\/wp-content\/uploads\/2022\/12\/IO3-VETreality-Mobility-ToolBox-ENGLISH-page-001.jpg"},{"@type":"BreadcrumbList","@id":"https:\/\/vetreality.erasmus.site\/de\/o3\/#breadcrumb","itemListElement":[{"@type":"ListItem","position":1,"name":"Home","item":"https:\/\/vetreality.erasmus.site\/de\/"},{"@type":"ListItem","position":2,"name":"Mobility tool box"}]},{"@type":"WebSite","@id":"https:\/\/vetreality.erasmus.site\/de\/#website","url":"https:\/\/vetreality.erasmus.site\/de\/","name":"VETReality","description":"Project","publisher":{"@id":"https:\/\/vetreality.erasmus.site\/de\/#organization"},"potentialAction":[{"@type":"SearchAction","target":{"@type":"EntryPoint","urlTemplate":"https:\/\/vetreality.erasmus.site\/de\/?s={search_term_string}"},"query-input":{"@type":"PropertyValueSpecification","valueRequired":true,"valueName":"search_term_string"}}],"inLanguage":"de"},{"@type":"Organization","@id":"https:\/\/vetreality.erasmus.site\/de\/#organization","name":"VETreality Project","url":"https:\/\/vetreality.erasmus.site\/de\/","logo":{"@type":"ImageObject","inLanguage":"de","@id":"https:\/\/vetreality.erasmus.site\/de\/#\/schema\/logo\/image\/","url":"https:\/\/vetreality.erasmus.site\/wp-content\/uploads\/2021\/03\/cropped-cropped-Logo-Vetreality.jpg","contentUrl":"https:\/\/vetreality.erasmus.site\/wp-content\/uploads\/2021\/03\/cropped-cropped-Logo-Vetreality.jpg","width":512,"height":512,"caption":"VETreality Project"},"image":{"@id":"https:\/\/vetreality.erasmus.site\/de\/#\/schema\/logo\/image\/"},"sameAs":["https:\/\/www.facebook.com\/VETRealityEU"]}]}},"_links":{"self":[{"href":"https:\/\/vetreality.erasmus.site\/de\/wp-json\/wp\/v2\/pages\/198","targetHints":{"allow":["GET"]}}],"collection":[{"href":"https:\/\/vetreality.erasmus.site\/de\/wp-json\/wp\/v2\/pages"}],"about":[{"href":"https:\/\/vetreality.erasmus.site\/de\/wp-json\/wp\/v2\/types\/page"}],"author":[{"embeddable":true,"href":"https:\/\/vetreality.erasmus.site\/de\/wp-json\/wp\/v2\/users\/1"}],"replies":[{"embeddable":true,"href":"https:\/\/vetreality.erasmus.site\/de\/wp-json\/wp\/v2\/comments?post=198"}],"version-history":[{"count":14,"href":"https:\/\/vetreality.erasmus.site\/de\/wp-json\/wp\/v2\/pages\/198\/revisions"}],"predecessor-version":[{"id":863,"href":"https:\/\/vetreality.erasmus.site\/de\/wp-json\/wp\/v2\/pages\/198\/revisions\/863"}],"wp:attachment":[{"href":"https:\/\/vetreality.erasmus.site\/de\/wp-json\/wp\/v2\/media?parent=198"}],"curies":[{"name":"wp","href":"https:\/\/api.w.org\/{rel}","templated":true}]}}