{"id":149,"date":"2021-03-20T10:25:03","date_gmt":"2021-03-20T10:25:03","guid":{"rendered":"https:\/\/vetreality.erasmus.site\/?page_id=149"},"modified":"2021-12-04T09:00:57","modified_gmt":"2021-12-04T09:00:57","slug":"about","status":"publish","type":"page","link":"https:\/\/vetreality.erasmus.site\/de\/about\/","title":{"rendered":"\u00dcber das Projekt"},"content":{"rendered":"\t\t<div data-elementor-type=\"wp-page\" data-elementor-id=\"149\" class=\"elementor elementor-149\">\n\t\t\t\t\t\t<section class=\"elementor-section elementor-top-section elementor-element elementor-element-9419ce8 elementor-section-boxed elementor-section-height-default elementor-section-height-default elementor-invisible\" data-id=\"9419ce8\" data-element_type=\"section\" data-e-type=\"section\" data-settings=\"{&quot;animation&quot;:&quot;zoomIn&quot;}\">\n\t\t\t\t\t\t<div class=\"elementor-container elementor-column-gap-default\">\n\t\t\t\t\t<div class=\"elementor-column elementor-col-50 elementor-top-column elementor-element elementor-element-0d541b9\" data-id=\"0d541b9\" data-element_type=\"column\" data-e-type=\"column\">\n\t\t\t<div class=\"elementor-widget-wrap elementor-element-populated\">\n\t\t\t\t\t\t<div class=\"elementor-element elementor-element-1357a92 elementor-widget elementor-widget-spacer\" data-id=\"1357a92\" data-element_type=\"widget\" data-e-type=\"widget\" data-widget_type=\"spacer.default\">\n\t\t\t\t<div class=\"elementor-widget-container\">\n\t\t\t\t\t\t\t<div class=\"elementor-spacer\">\n\t\t\t<div class=\"elementor-spacer-inner\"><\/div>\n\t\t<\/div>\n\t\t\t\t\t\t<\/div>\n\t\t\t\t<\/div>\n\t\t\t\t<div class=\"elementor-element elementor-element-f146683 elementor-widget elementor-widget-image\" data-id=\"f146683\" data-element_type=\"widget\" data-e-type=\"widget\" data-widget_type=\"image.default\">\n\t\t\t\t<div class=\"elementor-widget-container\">\n\t\t\t\t\t\t\t\t\t\t\t\t\t\t\t<img fetchpriority=\"high\" decoding=\"async\" width=\"1024\" height=\"576\" src=\"https:\/\/vetreality.erasmus.site\/wp-content\/uploads\/2021\/03\/18438817-1024x576.jpg\" class=\"attachment-large size-large wp-image-152\" alt=\"\" srcset=\"https:\/\/vetreality.erasmus.site\/wp-content\/uploads\/2021\/03\/18438817-1024x576.jpg 1024w, https:\/\/vetreality.erasmus.site\/wp-content\/uploads\/2021\/03\/18438817-300x169.jpg 300w, https:\/\/vetreality.erasmus.site\/wp-content\/uploads\/2021\/03\/18438817-768x432.jpg 768w, https:\/\/vetreality.erasmus.site\/wp-content\/uploads\/2021\/03\/18438817-1536x863.jpg 1536w, https:\/\/vetreality.erasmus.site\/wp-content\/uploads\/2021\/03\/18438817-2048x1151.jpg 2048w\" sizes=\"(max-width: 1024px) 100vw, 1024px\" \/>\t\t\t\t\t\t\t\t\t\t\t\t\t\t\t<\/div>\n\t\t\t\t<\/div>\n\t\t\t\t\t<\/div>\n\t\t<\/div>\n\t\t\t\t<div class=\"elementor-column elementor-col-50 elementor-top-column elementor-element elementor-element-37e9b55\" data-id=\"37e9b55\" data-element_type=\"column\" data-e-type=\"column\">\n\t\t\t<div class=\"elementor-widget-wrap elementor-element-populated\">\n\t\t\t\t\t\t<div class=\"elementor-element elementor-element-2ebf5d5 elementor-widget elementor-widget-text-editor\" data-id=\"2ebf5d5\" data-element_type=\"widget\" data-e-type=\"widget\" data-widget_type=\"text-editor.default\">\n\t\t\t\t<div class=\"elementor-widget-container\">\n\t\t\t\t\t\t\t\t\t<p><\/p><p><\/p><p>Die Verbesserung der Kompetenzen von Lehrkr\u00e4ften und AusbilderInnen zur F\u00f6rderung von INKLUSION wurde von der EU in der Empfehlung des Rates zur F\u00f6rderung gemeinsamer Werte und einer inklusiven Bildung (KOM2018\/23), vom UN-Ausschuss f\u00fcr die Rechte von Menschen mit Behinderungen (Bericht 2016 \u00fcber das Recht auf inklusive Bildung) und von der UN-Agenda 2030 f\u00fcr nachhaltige Entwicklung (Ziele 4 und 8) als hohe politische Priorit\u00e4t eingestuft. Dar\u00fcber hinaus best\u00e4tigt der Bericht der Europ\u00e4ischen Kommission von 2018 &#8222;Education and Special Needs: policies and practices in education, training and employment for students with special needs in the EU&#8220; (Bildung und besondere Bed\u00fcrfnisse: Politiken und Praktiken in der allgemeinen und beruflichen Bildung und Besch\u00e4ftigung f\u00fcr Studierende mit besonderen Bed\u00fcrfnissen in der EU), dass f\u00fcr die Integration von Lernenden mit besonderen Bed\u00fcrfnissen in die allgemeine und berufliche Bildung Lehrkr\u00e4fte und AusbilderInnen darauf vorbereitet werden m\u00fcssen, digitale und innovative Werkzeuge wie virtuelle Lernumgebungen (VLU) zu nutzen. Im Rahmen von VLU wird der Einsatz von VIRTUELLER REALIT\u00c4T (VR) als wertvoll und gewinnbringend f\u00fcr Lernende mit besonderen Bed\u00fcrfnissen in der beruflichen Erstausbildung angesehen, vor allem um ihnen den Zugang zur praktischen Ausbildungen und zur Mobilit\u00e4t auf lokaler und internationaler Ebene zu erleichtern.<\/p><p>VETREALITY gibt eine Antwort auf die genannten Bed\u00fcrfnisse, da es der Hauptzielgruppe des Projektes &#8211; LehrerInnen und AusbilderInnen in der beruflichen Bildung &#8211; die erforderlichen digitalen Kompetenzen vermittelt, um diesen innovativen Wandel im Lernprozess von Lernenden mit speziellen Bed\u00fcrfnissen zu bew\u00e4ltigen.<\/p><p><\/p>\t\t\t\t\t\t\t\t<\/div>\n\t\t\t\t<\/div>\n\t\t\t\t\t<\/div>\n\t\t<\/div>\n\t\t\t\t\t<\/div>\n\t\t<\/section>\n\t\t\t\t<\/div>\n\t\t","protected":false},"excerpt":{"rendered":"<p>Die Verbesserung der Kompetenzen von Lehrkr\u00e4ften und AusbilderInnen zur F\u00f6rderung von INKLUSION wurde von der EU in der Empfehlung des Rates zur F\u00f6rderung gemeinsamer Werte und einer inklusiven Bildung (KOM2018\/23), vom UN-Ausschuss f\u00fcr die Rechte von Menschen mit Behinderungen (Bericht 2016 \u00fcber das Recht auf inklusive Bildung) und von der UN-Agenda 2030 f\u00fcr nachhaltige Entwicklung&hellip;&nbsp;<a href=\"https:\/\/vetreality.erasmus.site\/de\/about\/\" rel=\"bookmark\">Weiterlesen &raquo;<span class=\"screen-reader-text\">\u00dcber das Projekt<\/span><\/a><\/p>\n","protected":false},"author":1,"featured_media":0,"parent":0,"menu_order":0,"comment_status":"closed","ping_status":"closed","template":"page-templates\/template-pagebuilder-full-width.php","meta":{"neve_meta_sidebar":"full-width","neve_meta_container":"","neve_meta_enable_content_width":"on","neve_meta_content_width":100,"neve_meta_title_alignment":"","neve_meta_author_avatar":"","neve_post_elements_order":"","neve_meta_disable_header":"","neve_meta_disable_footer":"","neve_meta_disable_title":"","footnotes":""},"class_list":["post-149","page","type-page","status-publish","hentry"],"yoast_head":"<!-- This site is optimized with the Yoast SEO plugin v27.3 - https:\/\/yoast.com\/product\/yoast-seo-wordpress\/ -->\n<title>\u00dcber das Projekt - VETReality<\/title>\n<meta name=\"robots\" content=\"index, follow, max-snippet:-1, max-image-preview:large, max-video-preview:-1\" \/>\n<link rel=\"canonical\" href=\"https:\/\/vetreality.erasmus.site\/de\/about\/\" \/>\n<meta property=\"og:locale\" content=\"de_DE\" \/>\n<meta property=\"og:type\" content=\"article\" \/>\n<meta property=\"og:title\" content=\"\u00dcber das Projekt - VETReality\" \/>\n<meta property=\"og:description\" content=\"Die Verbesserung der Kompetenzen von Lehrkr\u00e4ften und AusbilderInnen zur F\u00f6rderung von INKLUSION wurde von der EU in der Empfehlung des Rates zur F\u00f6rderung gemeinsamer Werte und einer inklusiven Bildung (KOM2018\/23), vom UN-Ausschuss f\u00fcr die Rechte von Menschen mit Behinderungen (Bericht 2016 \u00fcber das Recht auf inklusive Bildung) und von der UN-Agenda 2030 f\u00fcr nachhaltige Entwicklung&hellip;&nbsp;Weiterlesen &raquo;\u00dcber das Projekt\" \/>\n<meta property=\"og:url\" content=\"https:\/\/vetreality.erasmus.site\/de\/about\/\" \/>\n<meta property=\"og:site_name\" content=\"VETReality\" \/>\n<meta property=\"article:publisher\" content=\"https:\/\/www.facebook.com\/VETRealityEU\" \/>\n<meta property=\"article:modified_time\" content=\"2021-12-04T09:00:57+00:00\" \/>\n<meta property=\"og:image\" content=\"https:\/\/vetreality.erasmus.site\/wp-content\/uploads\/2021\/03\/18438817-1024x576.jpg\" \/>\n<meta name=\"twitter:card\" content=\"summary_large_image\" \/>\n<meta name=\"twitter:label1\" content=\"Gesch\u00e4tzte Lesezeit\" \/>\n\t<meta name=\"twitter:data1\" content=\"6\u00a0Minuten\" \/>\n<script type=\"application\/ld+json\" class=\"yoast-schema-graph\">{\"@context\":\"https:\\\/\\\/schema.org\",\"@graph\":[{\"@type\":\"WebPage\",\"@id\":\"https:\\\/\\\/vetreality.erasmus.site\\\/de\\\/about\\\/\",\"url\":\"https:\\\/\\\/vetreality.erasmus.site\\\/de\\\/about\\\/\",\"name\":\"\u00dcber das Projekt - VETReality\",\"isPartOf\":{\"@id\":\"https:\\\/\\\/vetreality.erasmus.site\\\/de\\\/#website\"},\"primaryImageOfPage\":{\"@id\":\"https:\\\/\\\/vetreality.erasmus.site\\\/de\\\/about\\\/#primaryimage\"},\"image\":{\"@id\":\"https:\\\/\\\/vetreality.erasmus.site\\\/about\\\/#primaryimage\"},\"thumbnailUrl\":\"https:\\\/\\\/vetreality.erasmus.site\\\/wp-content\\\/uploads\\\/2021\\\/03\\\/18438817-1024x576.jpg\",\"datePublished\":\"2021-03-20T10:25:03+00:00\",\"dateModified\":\"2021-12-04T09:00:57+00:00\",\"breadcrumb\":{\"@id\":\"https:\\\/\\\/vetreality.erasmus.site\\\/de\\\/about\\\/#breadcrumb\"},\"inLanguage\":\"de\",\"potentialAction\":[{\"@type\":\"ReadAction\",\"target\":[[\"https:\\\/\\\/vetreality.erasmus.site\\\/de\\\/about\\\/\"]]}]},{\"@type\":\"ImageObject\",\"inLanguage\":\"de\",\"@id\":\"https:\\\/\\\/vetreality.erasmus.site\\\/de\\\/about\\\/#primaryimage\",\"url\":\"https:\\\/\\\/vetreality.erasmus.site\\\/wp-content\\\/uploads\\\/2021\\\/03\\\/18438817-1024x576.jpg\",\"contentUrl\":\"https:\\\/\\\/vetreality.erasmus.site\\\/wp-content\\\/uploads\\\/2021\\\/03\\\/18438817-1024x576.jpg\"},{\"@type\":\"BreadcrumbList\",\"@id\":\"https:\\\/\\\/vetreality.erasmus.site\\\/de\\\/about\\\/#breadcrumb\",\"itemListElement\":[{\"@type\":\"ListItem\",\"position\":1,\"name\":\"Home\",\"item\":\"https:\\\/\\\/vetreality.erasmus.site\\\/de\\\/\"},{\"@type\":\"ListItem\",\"position\":2,\"name\":\"About\"}]},{\"@type\":\"WebSite\",\"@id\":\"https:\\\/\\\/vetreality.erasmus.site\\\/de\\\/#website\",\"url\":\"https:\\\/\\\/vetreality.erasmus.site\\\/de\\\/\",\"name\":\"VETReality\",\"description\":\"Project\",\"publisher\":{\"@id\":\"https:\\\/\\\/vetreality.erasmus.site\\\/de\\\/#organization\"},\"potentialAction\":[{\"@type\":\"SearchAction\",\"target\":{\"@type\":\"EntryPoint\",\"urlTemplate\":\"https:\\\/\\\/vetreality.erasmus.site\\\/de\\\/?s={search_term_string}\"},\"query-input\":{\"@type\":\"PropertyValueSpecification\",\"valueRequired\":true,\"valueName\":\"search_term_string\"}}],\"inLanguage\":\"de\"},{\"@type\":\"Organization\",\"@id\":\"https:\\\/\\\/vetreality.erasmus.site\\\/de\\\/#organization\",\"name\":\"VETreality Project\",\"url\":\"https:\\\/\\\/vetreality.erasmus.site\\\/de\\\/\",\"logo\":{\"@type\":\"ImageObject\",\"inLanguage\":\"de\",\"@id\":\"https:\\\/\\\/vetreality.erasmus.site\\\/de\\\/#\\\/schema\\\/logo\\\/image\\\/\",\"url\":\"https:\\\/\\\/vetreality.erasmus.site\\\/wp-content\\\/uploads\\\/2021\\\/03\\\/cropped-cropped-Logo-Vetreality.jpg\",\"contentUrl\":\"https:\\\/\\\/vetreality.erasmus.site\\\/wp-content\\\/uploads\\\/2021\\\/03\\\/cropped-cropped-Logo-Vetreality.jpg\",\"width\":512,\"height\":512,\"caption\":\"VETreality Project\"},\"image\":{\"@id\":\"https:\\\/\\\/vetreality.erasmus.site\\\/de\\\/#\\\/schema\\\/logo\\\/image\\\/\"},\"sameAs\":[\"https:\\\/\\\/www.facebook.com\\\/VETRealityEU\"]}]}<\/script>\n<!-- \/ Yoast SEO plugin. -->","yoast_head_json":{"title":"\u00dcber das Projekt - VETReality","robots":{"index":"index","follow":"follow","max-snippet":"max-snippet:-1","max-image-preview":"max-image-preview:large","max-video-preview":"max-video-preview:-1"},"canonical":"https:\/\/vetreality.erasmus.site\/de\/about\/","og_locale":"de_DE","og_type":"article","og_title":"\u00dcber das Projekt - VETReality","og_description":"Die Verbesserung der Kompetenzen von Lehrkr\u00e4ften und AusbilderInnen zur F\u00f6rderung von INKLUSION wurde von der EU in der Empfehlung des Rates zur F\u00f6rderung gemeinsamer Werte und einer inklusiven Bildung (KOM2018\/23), vom UN-Ausschuss f\u00fcr die Rechte von Menschen mit Behinderungen (Bericht 2016 \u00fcber das Recht auf inklusive Bildung) und von der UN-Agenda 2030 f\u00fcr nachhaltige Entwicklung&hellip;&nbsp;Weiterlesen &raquo;\u00dcber das Projekt","og_url":"https:\/\/vetreality.erasmus.site\/de\/about\/","og_site_name":"VETReality","article_publisher":"https:\/\/www.facebook.com\/VETRealityEU","article_modified_time":"2021-12-04T09:00:57+00:00","og_image":[{"url":"https:\/\/vetreality.erasmus.site\/wp-content\/uploads\/2021\/03\/18438817-1024x576.jpg","type":"","width":"","height":""}],"twitter_card":"summary_large_image","twitter_misc":{"Gesch\u00e4tzte Lesezeit":"6\u00a0Minuten"},"schema":{"@context":"https:\/\/schema.org","@graph":[{"@type":"WebPage","@id":"https:\/\/vetreality.erasmus.site\/de\/about\/","url":"https:\/\/vetreality.erasmus.site\/de\/about\/","name":"\u00dcber das Projekt - VETReality","isPartOf":{"@id":"https:\/\/vetreality.erasmus.site\/de\/#website"},"primaryImageOfPage":{"@id":"https:\/\/vetreality.erasmus.site\/de\/about\/#primaryimage"},"image":{"@id":"https:\/\/vetreality.erasmus.site\/about\/#primaryimage"},"thumbnailUrl":"https:\/\/vetreality.erasmus.site\/wp-content\/uploads\/2021\/03\/18438817-1024x576.jpg","datePublished":"2021-03-20T10:25:03+00:00","dateModified":"2021-12-04T09:00:57+00:00","breadcrumb":{"@id":"https:\/\/vetreality.erasmus.site\/de\/about\/#breadcrumb"},"inLanguage":"de","potentialAction":[{"@type":"ReadAction","target":[["https:\/\/vetreality.erasmus.site\/de\/about\/"]]}]},{"@type":"ImageObject","inLanguage":"de","@id":"https:\/\/vetreality.erasmus.site\/de\/about\/#primaryimage","url":"https:\/\/vetreality.erasmus.site\/wp-content\/uploads\/2021\/03\/18438817-1024x576.jpg","contentUrl":"https:\/\/vetreality.erasmus.site\/wp-content\/uploads\/2021\/03\/18438817-1024x576.jpg"},{"@type":"BreadcrumbList","@id":"https:\/\/vetreality.erasmus.site\/de\/about\/#breadcrumb","itemListElement":[{"@type":"ListItem","position":1,"name":"Home","item":"https:\/\/vetreality.erasmus.site\/de\/"},{"@type":"ListItem","position":2,"name":"About"}]},{"@type":"WebSite","@id":"https:\/\/vetreality.erasmus.site\/de\/#website","url":"https:\/\/vetreality.erasmus.site\/de\/","name":"VETReality","description":"Project","publisher":{"@id":"https:\/\/vetreality.erasmus.site\/de\/#organization"},"potentialAction":[{"@type":"SearchAction","target":{"@type":"EntryPoint","urlTemplate":"https:\/\/vetreality.erasmus.site\/de\/?s={search_term_string}"},"query-input":{"@type":"PropertyValueSpecification","valueRequired":true,"valueName":"search_term_string"}}],"inLanguage":"de"},{"@type":"Organization","@id":"https:\/\/vetreality.erasmus.site\/de\/#organization","name":"VETreality Project","url":"https:\/\/vetreality.erasmus.site\/de\/","logo":{"@type":"ImageObject","inLanguage":"de","@id":"https:\/\/vetreality.erasmus.site\/de\/#\/schema\/logo\/image\/","url":"https:\/\/vetreality.erasmus.site\/wp-content\/uploads\/2021\/03\/cropped-cropped-Logo-Vetreality.jpg","contentUrl":"https:\/\/vetreality.erasmus.site\/wp-content\/uploads\/2021\/03\/cropped-cropped-Logo-Vetreality.jpg","width":512,"height":512,"caption":"VETreality Project"},"image":{"@id":"https:\/\/vetreality.erasmus.site\/de\/#\/schema\/logo\/image\/"},"sameAs":["https:\/\/www.facebook.com\/VETRealityEU"]}]}},"_links":{"self":[{"href":"https:\/\/vetreality.erasmus.site\/de\/wp-json\/wp\/v2\/pages\/149","targetHints":{"allow":["GET"]}}],"collection":[{"href":"https:\/\/vetreality.erasmus.site\/de\/wp-json\/wp\/v2\/pages"}],"about":[{"href":"https:\/\/vetreality.erasmus.site\/de\/wp-json\/wp\/v2\/types\/page"}],"author":[{"embeddable":true,"href":"https:\/\/vetreality.erasmus.site\/de\/wp-json\/wp\/v2\/users\/1"}],"replies":[{"embeddable":true,"href":"https:\/\/vetreality.erasmus.site\/de\/wp-json\/wp\/v2\/comments?post=149"}],"version-history":[{"count":27,"href":"https:\/\/vetreality.erasmus.site\/de\/wp-json\/wp\/v2\/pages\/149\/revisions"}],"predecessor-version":[{"id":554,"href":"https:\/\/vetreality.erasmus.site\/de\/wp-json\/wp\/v2\/pages\/149\/revisions\/554"}],"wp:attachment":[{"href":"https:\/\/vetreality.erasmus.site\/de\/wp-json\/wp\/v2\/media?parent=149"}],"curies":[{"name":"wp","href":"https:\/\/api.w.org\/{rel}","templated":true}]}}